{"id":860,"date":"2014-08-13T16:21:08","date_gmt":"2014-08-13T14:21:08","guid":{"rendered":"http:\/\/tc-kuenzell-dicker-turm.de\/?page_id=860"},"modified":"2025-08-30T22:28:44","modified_gmt":"2025-08-30T20:28:44","slug":"gemischt-u-14","status":"publish","type":"page","link":"https:\/\/tc-kuenzell-dicker-turm.de\/index.php\/gemischt-u-14\/","title":{"rendered":"Gemischt U 14\/U15"},"content":{"rendered":"\n<p class=\"has-blue-color has-text-color has-link-color has-medium-font-size wp-elements-1eafc8a6c85d77e7da49896ff6ad7a44\"><strong>Saison 2025<\/strong> &#8211; <strong>Meisterschaft Kreisliga B<\/strong>                                   <\/p>\n\n\n\n<p class=\"has-black-color has-text-color has-link-color has-medium-font-size wp-elements-57015934e90b44dcce6316f74615f834\">Hauchd\u00fcnn bei Punktgleichheit aber aufgrund des besseres Matchpunkteverh\u00e4ltnisses holte unsere gemischte U 15 I Mannschaft den Titel. Herzlichen Gl\u00fcckwunsch. <\/p>\n\n\n\n<p class=\"has-black-color has-text-color has-link-color has-medium-font-size wp-elements-afd5e7f8b7179afcaad960539a50af36\">Von links: Constantin Kalimeris, Greta Bohl, Oskar Keil, Miko Moore und Leo vom Bruch (zum Einsatz kamen auch Ella Brand und Jakob Spielvogel).<\/p>\n\n\n\n<figure class=\"wp-block-image size-large is-resized\"><a href=\"http:\/\/tc-kuenzell-dicker-turm.de\/wp-content\/uploads\/2025\/08\/Meister-G-15-I-.jpg\"><img loading=\"lazy\" decoding=\"async\" width=\"1010\" height=\"1024\" src=\"http:\/\/tc-kuenzell-dicker-turm.de\/wp-content\/uploads\/2025\/08\/Meister-G-15-I--1010x1024.jpg\" alt=\"\" class=\"wp-image-5389\" style=\"width:441px;height:auto\" srcset=\"https:\/\/tc-kuenzell-dicker-turm.de\/wp-content\/uploads\/2025\/08\/Meister-G-15-I--1010x1024.jpg 1010w, https:\/\/tc-kuenzell-dicker-turm.de\/wp-content\/uploads\/2025\/08\/Meister-G-15-I--296x300.jpg 296w, https:\/\/tc-kuenzell-dicker-turm.de\/wp-content\/uploads\/2025\/08\/Meister-G-15-I--768x779.jpg 768w, https:\/\/tc-kuenzell-dicker-turm.de\/wp-content\/uploads\/2025\/08\/Meister-G-15-I-.jpg 1200w\" sizes=\"auto, (max-width: 1010px) 100vw, 1010px\" \/><\/a><\/figure>\n\n\n\n<p class=\"has-blue-color has-text-color has-link-color has-medium-font-size wp-elements-fb588cfdf19d3b0bb340e87ec9a63e6b\"><strong>Saison 2024 &#8211; Vizemeister Kreisliga B<\/strong><\/p>\n\n\n<p><span style=\"color: #ff0000;\"><strong>Saison 2023 &#8211; Kreisliga A &#8211; Platz 5<\/strong><\/span><\/p>\n<p><a href=\"http:\/\/tc-kuenzell-dicker-turm.de\/wp-content\/uploads\/2023\/06\/dcea73da-43fe-4d7f-8605-07af2013e719.jpg\"><img loading=\"lazy\" decoding=\"async\" class=\"alignnone size-medium wp-image-4967\" src=\"http:\/\/tc-kuenzell-dicker-turm.de\/wp-content\/uploads\/2023\/06\/dcea73da-43fe-4d7f-8605-07af2013e719-300x261.jpg\" alt=\"\" width=\"300\" height=\"261\" srcset=\"https:\/\/tc-kuenzell-dicker-turm.de\/wp-content\/uploads\/2023\/06\/dcea73da-43fe-4d7f-8605-07af2013e719-300x261.jpg 300w, https:\/\/tc-kuenzell-dicker-turm.de\/wp-content\/uploads\/2023\/06\/dcea73da-43fe-4d7f-8605-07af2013e719-345x300.jpg 345w, https:\/\/tc-kuenzell-dicker-turm.de\/wp-content\/uploads\/2023\/06\/dcea73da-43fe-4d7f-8605-07af2013e719.jpg 768w\" sizes=\"auto, (max-width: 300px) 100vw, 300px\" \/><\/a><\/p>\n<p><span style=\"color: #ff0000;\"><strong>Saison 2022 &#8211; Meisterschaft Kreisliga A\u00a0 \u00a0 \u00a0 \u00a0 \u00a0 \u00a0 \u00a0 \u00a0 \u00a0 \u00a0 \u00a0 \u00a0 \u00a0 \u00a0 \u00a0 \u00a0 \u00a0 \u00a0 \u00a0 \u00a0 \u00a0 \u00a0 \u00a0 \u00a0 \u00a0 \u00a0 \u00a0 \u00a0 \u00a0 \u00a0 \u00a0 \u00a0 \u00a0 \u00a0 \u00a0 \u00a0 \u00a0 \u00a0 \u00a0 \u00a0 <\/strong><\/span>Unsere gemischte U15 Mannschaft hat souver\u00e4n den Meistertitel in der Kreisliga A errungen. Mit 13:1 Punkten sicherte sie sich ungeschlagen den 1. Platz. Herzlichen Gl\u00fcckwunsch \u2013 tolle Leistung!<\/p>\n<p><a href=\"http:\/\/tc-kuenzell-dicker-turm.de\/wp-content\/uploads\/2022\/07\/ce2eedb3-2327-45b6-9dcd-cf03dc728de6.jpg\"><img loading=\"lazy\" decoding=\"async\" class=\"alignnone size-medium wp-image-4478\" src=\"http:\/\/tc-kuenzell-dicker-turm.de\/wp-content\/uploads\/2022\/07\/ce2eedb3-2327-45b6-9dcd-cf03dc728de6-300x225.jpg\" alt=\"\" width=\"300\" height=\"225\" srcset=\"https:\/\/tc-kuenzell-dicker-turm.de\/wp-content\/uploads\/2022\/07\/ce2eedb3-2327-45b6-9dcd-cf03dc728de6-300x225.jpg 300w, https:\/\/tc-kuenzell-dicker-turm.de\/wp-content\/uploads\/2022\/07\/ce2eedb3-2327-45b6-9dcd-cf03dc728de6-768x576.jpg 768w, https:\/\/tc-kuenzell-dicker-turm.de\/wp-content\/uploads\/2022\/07\/ce2eedb3-2327-45b6-9dcd-cf03dc728de6-400x300.jpg 400w, https:\/\/tc-kuenzell-dicker-turm.de\/wp-content\/uploads\/2022\/07\/ce2eedb3-2327-45b6-9dcd-cf03dc728de6.jpg 1024w\" sizes=\"auto, (max-width: 300px) 100vw, 300px\" \/>\u00a0 <\/a><a href=\"http:\/\/tc-kuenzell-dicker-turm.de\/wp-content\/uploads\/2022\/08\/IMG_8050.png\"><img loading=\"lazy\" decoding=\"async\" class=\"alignnone size-medium wp-image-4513\" src=\"http:\/\/tc-kuenzell-dicker-turm.de\/wp-content\/uploads\/2022\/08\/IMG_8050-192x300.png\" alt=\"\" width=\"192\" height=\"300\" srcset=\"https:\/\/tc-kuenzell-dicker-turm.de\/wp-content\/uploads\/2022\/08\/IMG_8050-192x300.png 192w, https:\/\/tc-kuenzell-dicker-turm.de\/wp-content\/uploads\/2022\/08\/IMG_8050.png 591w\" sizes=\"auto, (max-width: 192px) 100vw, 192px\" \/><\/a><\/p>\n<div dir=\"auto\">Hintere Reihe von links: Valentin Ziegler, Frederick Seewald, Roland Sz\u00f6ll\u00f6si, Sina Leis, Luca Hohmann<\/div>\n<div dir=\"auto\">Vordere Reihe: Georg vom Bruch, Oskar R\u00fcbsam, Laurenz Schuster, Maximilian Vey.<\/div>\n<div dir=\"auto\">Es fehlen: Marie Sophie Ziegler, Lara Hohmann und Fin Sauer<\/div>\n<p><span style=\"color: #ff0000;\"><strong>Saison 2017<\/strong><br \/>\n<span style=\"color: #000000;\"><strong>gemischt U14 (4er) &#8211; Kreisliga A (Gr. 112 43) &#8211; 4. Platz<\/strong><br \/>\n7:5 Punkte &#8211; 22:14 Matches<\/span><\/span><\/p>\n<h2><span style=\"color: #ff0000;\">Saison 2016<\/span>\u00a0 &#8211;\u00a0 keine Mannschaftsmeldung<\/h2>\n<p><span style=\"color: #ff0000;\"><strong>Saison 2015\u00a0<\/strong><\/span> &#8211;\u00a0 <strong>keine Mannschaftsmeldung<\/strong><\/p>\n<p><span style=\"color: #ff0000;\"><strong>Saison 2014\u00a0 &#8211;\u00a0 <span style=\"color: #000000;\">Kreisliga A\u00a0 &#8211;\u00a0 5. Rang<\/span><\/strong><\/span><span style=\"color: #000000;\"> \u00a0<\/span>(im 8er-Feld)<br \/>\nMit einem ausgeglichenen Punktestand von 7:7, mit 19:23 Matches und\u00a040:46 S\u00e4tzen konnte man sich im Mittelfeld platzieren, punktgleich mit Rang 4.<br \/>\nZum Einsatz kamen nach Meldeliste\u00a0mit folgender Matchbilanz:<br \/>\nNikol Mircheva\u00a0\u00a0\u00a0\u00a0\u00a0\u00a0\u00a0\u00a0\u00a0\u00a0\u00a0 \u00a0\u00a0 1:0 Einzel<br \/>\nRon Lehmann\u00a0\u00a0\u00a0\u00a0\u00a0\u00a0\u00a0\u00a0\u00a0\u00a0\u00a0\u00a0 \u00a0 \u00a02:5 Einzel, 4:3 Doppel<br \/>\nAaron Deutschl\u00e4nder\u00a0\u00a0\u00a0 \u00a03:3 Einzel, 5:1 Doppel<br \/>\nDorothea Bellinger\u00a0\u00a0\u00a0\u00a0\u00a0\u00a0 \u00a0\u00a02:3 Einzel, 2:2 Doppel<br \/>\nMaximilian Neidert\u00a0\u00a0\u00a0\u00a0\u00a0 \u00a0 \u00a00:1 Einzel, 0:1\u00a0Doppel<br \/>\nLuisa Haller\u00a0\u00a0\u00a0\u00a0\u00a0\u00a0\u00a0\u00a0\u00a0\u00a0\u00a0\u00a0\u00a0\u00a0\u00a0\u00a0\u00a0 \u00a0 0:1 Einzel, 1:2 Doppel<br \/>\nAnn-Sophie Grobauer\u00a0 \u00a0 4:2 Einzel, 2:4 Doppel<br \/>\nJulius Alexander Haller\u00a0 0:1 Einzel, 0:1 Doppel<\/p>","protected":false},"excerpt":{"rendered":"<p>Saison 2025 &#8211; Meisterschaft Kreisliga B Hauchd\u00fcnn bei Punktgleichheit aber aufgrund des besseres Matchpunkteverh\u00e4ltnisses holte unsere gemischte U 15 I Mannschaft den Titel. Herzlichen Gl\u00fcckwunsch. Von links: Constantin Kalimeris, Greta Bohl, Oskar Keil, Miko Moore und Leo vom Bruch (zum &hellip; <a href=\"https:\/\/tc-kuenzell-dicker-turm.de\/index.php\/gemischt-u-14\/\">Weiterlesen <span class=\"meta-nav\">&rarr;<\/span><\/a><\/p>\n","protected":false},"author":1,"featured_media":0,"parent":0,"menu_order":0,"comment_status":"closed","ping_status":"closed","template":"","meta":{"footnotes":""},"class_list":["post-860","page","type-page","status-publish","hentry"],"_links":{"self":[{"href":"https:\/\/tc-kuenzell-dicker-turm.de\/index.php\/wp-json\/wp\/v2\/pages\/860","targetHints":{"allow":["GET"]}}],"collection":[{"href":"https:\/\/tc-kuenzell-dicker-turm.de\/index.php\/wp-json\/wp\/v2\/pages"}],"about":[{"href":"https:\/\/tc-kuenzell-dicker-turm.de\/index.php\/wp-json\/wp\/v2\/types\/page"}],"author":[{"embeddable":true,"href":"https:\/\/tc-kuenzell-dicker-turm.de\/index.php\/wp-json\/wp\/v2\/users\/1"}],"replies":[{"embeddable":true,"href":"https:\/\/tc-kuenzell-dicker-turm.de\/index.php\/wp-json\/wp\/v2\/comments?post=860"}],"version-history":[{"count":0,"href":"https:\/\/tc-kuenzell-dicker-turm.de\/index.php\/wp-json\/wp\/v2\/pages\/860\/revisions"}],"wp:attachment":[{"href":"https:\/\/tc-kuenzell-dicker-turm.de\/index.php\/wp-json\/wp\/v2\/media?parent=860"}],"curies":[{"name":"wp","href":"https:\/\/api.w.org\/{rel}","templated":true}]}}