{"id":847,"date":"2014-08-07T17:35:23","date_gmt":"2014-08-07T15:35:23","guid":{"rendered":"http:\/\/tc-kuenzell-dicker-turm.de\/?page_id=847"},"modified":"2015-03-12T15:15:28","modified_gmt":"2015-03-12T14:15:28","slug":"clubmeisterschaften-jugendliche","status":"publish","type":"page","link":"https:\/\/tc-kuenzell-dicker-turm.de\/index.php\/clubmeisterschaften-jugendliche\/","title":{"rendered":"Clubmeisterschaften Jugendliche"},"content":{"rendered":"<p><strong style=\"font-weight: bold; font-style: inherit; color: inherit;\"><span style=\"font-size: x-large;\">Clubmeisterschaften 2013\u00a0\u00a0 U8 &#8211; U10 &#8211; U14\u00a0\u00a0\u00a0<\/span><\/strong><\/p>\n<p><span style=\"color: #000000;\"><span style=\"font-size: 14pt;\">Bei <\/span><span style=\"font-size: 14pt;\"><span style=\"font-size: 14pt;\"><span style=\"font-size: 12pt;\"><span style=\"font-size: 14pt;\"><span style=\"font-size: 14pt;\"><span style=\"font-size: 14pt;\"><span style=\"font-size: 14pt;\">tollem\u00a0<\/span><\/span><\/span><\/span><span style=\"font-size: 14pt;\">Wetter\u00a0<\/span><\/span><\/span>und bester\u00a0<span style=\"font-size: 14pt;\">Stimmung\u00a0<\/span>fanden mit gro\u00dfer Beteiligung die Clubmeisterschaften unserer Jugendlichen statt. Es wurde hart aber fair\u00a0um die Meistertitel gek\u00e4mpft. Aufgrund der Anmeldungen wurden die Clubmeister in den Altersklassen U14 &#8211; U10 und U8 ausgespielt.<\/span><\/span><\/p>\n<p><span style=\"color: #000000;\"><span style=\"font-size: 14pt;\">Die Spiele um den Clubmeistertitel waren hart umk\u00e4mpft und gingen teilweise\u00a0\u00fcber sehr lange Distanzen.\u00a0In den Gruppen U14 und U10 waren die Einzel besonders\u00a0eng. In der Gruppe U8 wurde der Clubmeistertitel im Doppel zu einem z\u00e4hen Kampf. Niemand wollte als Verlierer den Platz verlassen. Man sp\u00fcrte den\u00a0K<\/span><span style=\"font-size: 14pt;\">ampfgeist bei den jungen Tennisspielern, denn &#8222;fr\u00fch \u00fcbt sich, was ein Meister werden will&#8220;.\u00a0<\/span><\/span><\/p>\n<p><span style=\"color: #000000;\"><span style=\"font-size: 14pt;\"><strong><span style=\"font-size: 14pt;\">U14\u00a0<\/span>&#8211;<\/strong>\u00a0Teilnehmer: Felicia Auth, Nikolas Auth, Luisa Becker, Patrick K\u00f6hler, Leon M\u00fcller.<br \/>\n<strong><span style=\"text-decoration: underline;\">Einzel: <\/span><\/strong>Den Titel holte sich Felicia Auth mit 4:2 gegen Luisa Becker.<\/span><\/span><\/p>\n<p><span style=\"color: #000000;\"><span style=\"font-size: 14pt;\"><strong><span style=\"color: #000000;\"><span style=\"font-size: 14pt;\"><strong><span style=\"font-size: 14pt;\">U10<\/span><\/strong><\/span><\/span>\u00a0<\/strong>&#8211;\u00a0Teilnehmer: Ayleen Aykul, Maximilian Birkenbach,<br \/>\nRon Lehmann, Nikol Mircheva, Maximilian Neidert.<br \/>\n<span style=\"text-decoration: underline;\"><strong>Einzel:<\/strong><\/span> <\/span><span style=\"font-size: 14pt;\">Ron Lehmann holte sich mit einem 4:3 gegen Nikol Mircheva den Clubmeistertitel.<br \/>\n<span style=\"color: #000000; font-size: 14pt;\"><a href=\"http:\/\/tc-kuenzell-dicker-turm.de\/wp-content\/uploads\/2014\/08\/2013-05_jgdcm-siegeru10ein-1u2-e1409304157497.jpg\"><img loading=\"lazy\" decoding=\"async\" class=\"alignnone size-medium wp-image-1008\" src=\"http:\/\/tc-kuenzell-dicker-turm.de\/wp-content\/uploads\/2014\/08\/2013-05_jgdcm-siegeru10ein-1u2-300x225.jpg\" alt=\"2013-05 Jgd-CM SiegerU10Einz1u2\" width=\"300\" height=\"225\" \/><\/a><\/span><\/span><strong style=\"color: #000000;\"><span style=\"font-size: 14pt;\"><span style=\"text-decoration: underline;\"><br \/>\nDoppel:<\/span> <\/span><\/strong><span style=\"font-size: 14pt;\">Hier siegten<\/span><span style=\"font-size: 14pt;\">\u00a0<span style=\"font-size: 14pt;\">Nikol Mircheva und Ron <\/span><\/span><span style=\"font-size: 14pt;\"><span style=\"font-size: 14pt;\">Lehmann\u00a0<\/span><\/span><span style=\"font-size: 14pt;\">gegen <\/span><span style=\"font-size: 14pt;\">Maximilian <\/span><span style=\"font-size: 14pt;\">Birkenbach und\u00a0Maximilian Neidert mit\u00a04:0<\/span><strong style=\"color: #000000;\"><span style=\"font-size: 14pt;\">.<\/span><\/strong><img loading=\"lazy\" decoding=\"async\" style=\"font-weight: inherit; font-style: inherit; color: inherit;\" src=\"http:\/\/www.sporton.de\/cms\/tc-kuenzell-dicker-turm.de\/images\/2013-05_JgdCM-SiegerU10Dop-1u2.jpg\" alt=\"\" width=\"400\" height=\"300\" align=\"left\" hspace=\"0\" \/><\/span><\/p>\n<p style=\"color: red; font-size: 18pt;\"><span style=\"color: #000000;\">\u00a0<\/span><\/p>\n<p style=\"color: red; font-size: 18pt;\"><span style=\"color: #000000;\">\u00a0<\/span><\/p>\n<p style=\"color: red; font-size: 18pt;\"><span style=\"color: #000000;\">\u00a0<\/span><\/p>\n<p style=\"color: red; font-size: 18pt;\"><span style=\"color: #000000;\">\u00a0<\/span><\/p>\n<p><span style=\"color: #000000;\"><span style=\"font-size: 14pt;\"><strong><span style=\"color: #ff0000; font-size: x-large;\"><span style=\"color: #000000;\"><span style=\"font-size: 14pt;\"><strong><span style=\"font-size: 14pt;\">U8 &#8211;<\/span><\/strong><\/span><\/span>\u00a0<\/span><\/strong>Teilnehmer: Tim Luca G\u00fchl, Lennox Hohmeyer, Ayleen Markgraf,<br \/>\nJulia Neidert, Victoria Nophut<br \/>\n<\/span><\/span><span style=\"color: #000000; font-size: 14pt;\"><span style=\"text-decoration: underline;\"><strong>Einzel: <\/strong><\/span>Das Endspiel gewann <span style=\"font-size: 14pt;\">Victoria Nophut\u00a0<\/span>gegen<br \/>\nTim Luca G\u00fchl mit 4:1.<br \/>\n<a href=\"http:\/\/tc-kuenzell-dicker-turm.de\/wp-content\/uploads\/2014\/08\/2013-05_jgdcm-siegeru8ein-1u2.jpg\"><img loading=\"lazy\" decoding=\"async\" class=\"alignnone size-medium wp-image-1006\" src=\"http:\/\/tc-kuenzell-dicker-turm.de\/wp-content\/uploads\/2014\/08\/2013-05_jgdcm-siegeru8ein-1u2-225x300.jpg\" alt=\"Traveler Digital Camera\" width=\"225\" height=\"300\" srcset=\"https:\/\/tc-kuenzell-dicker-turm.de\/wp-content\/uploads\/2014\/08\/2013-05_jgdcm-siegeru8ein-1u2-225x300.jpg 225w, https:\/\/tc-kuenzell-dicker-turm.de\/wp-content\/uploads\/2014\/08\/2013-05_jgdcm-siegeru8ein-1u2-768x1024.jpg 768w, https:\/\/tc-kuenzell-dicker-turm.de\/wp-content\/uploads\/2014\/08\/2013-05_jgdcm-siegeru8ein-1u2-600x799.jpg 600w, https:\/\/tc-kuenzell-dicker-turm.de\/wp-content\/uploads\/2014\/08\/2013-05_jgdcm-siegeru8ein-1u2.jpg 1024w\" sizes=\"auto, (max-width: 225px) 100vw, 225px\" \/><\/a><br \/>\n<span style=\"text-decoration: underline;\"><strong>Doppel:<\/strong><\/span> Victoria Nophut und Tim Luca G\u00fchl holten sich gegen Lennox Hohmeyer und Ayleen Markgraf mit einem 4:3 Sieg den Clubmeister im Doppel.<\/span><\/p>\n<p><span style=\"color: #000000;\"><strong style=\"font-weight: bold; font-style: inherit; color: inherit;\"><span style=\"font-size: 14pt;\"><span style=\"font-size: 14pt;\"><span style=\"font-size: 14pt;\"><strong style=\"font-weight: bold; font-style: inherit; color: inherit;\"><span style=\"font-size: x-large;\">Wir<\/span><\/strong><\/span><\/span>\u00a0<\/span><span style=\"font-size: 14pt;\"><strong style=\"font-weight: bold; font-style: inherit; color: inherit;\"><span style=\"font-size: x-large;\">gratulieren<\/span><\/strong>\u00a0<strong style=\"font-weight: bold; font-style: inherit; color: inherit;\"><span style=\"font-size: x-large;\">den\u00a0<\/span><\/strong><strong style=\"font-weight: bold; font-style: inherit; color: inherit;\"><span style=\"font-size: x-large;\">Clubmeistern 2013 &#8230;<br \/>\n<\/span><\/strong><\/span><\/strong><\/span><a href=\"http:\/\/tc-kuenzell-dicker-turm.de\/wp-content\/uploads\/2014\/08\/2013-05_jgdcm-gruppe-sieger1.jpg\"><img loading=\"lazy\" decoding=\"async\" class=\"alignnone size-medium wp-image-1002\" src=\"http:\/\/tc-kuenzell-dicker-turm.de\/wp-content\/uploads\/2014\/08\/2013-05_jgdcm-gruppe-sieger1-300x200.jpg\" alt=\"2013-05_JgdCM-Gruppe Sieger1\" width=\"300\" height=\"200\" srcset=\"https:\/\/tc-kuenzell-dicker-turm.de\/wp-content\/uploads\/2014\/08\/2013-05_jgdcm-gruppe-sieger1-300x200.jpg 300w, https:\/\/tc-kuenzell-dicker-turm.de\/wp-content\/uploads\/2014\/08\/2013-05_jgdcm-gruppe-sieger1-600x400.jpg 600w, https:\/\/tc-kuenzell-dicker-turm.de\/wp-content\/uploads\/2014\/08\/2013-05_jgdcm-gruppe-sieger1-449x300.jpg 449w, https:\/\/tc-kuenzell-dicker-turm.de\/wp-content\/uploads\/2014\/08\/2013-05_jgdcm-gruppe-sieger1.jpg 1024w\" sizes=\"auto, (max-width: 300px) 100vw, 300px\" \/><\/a><br \/>\nund danken den Eltern, die ebenfalls sehr zahlreich ihre Spr\u00f6\u00dflinge unterst\u00fctzten, sei es am Spielfeldrand, mit einer Spende f\u00fcr das leibliche Wohl<br \/>\n<a href=\"http:\/\/tc-kuenzell-dicker-turm.de\/wp-content\/uploads\/2014\/08\/2013-05_jgdcm-kuchen1.jpg\"><img loading=\"lazy\" decoding=\"async\" class=\"alignnone size-medium wp-image-1003\" src=\"http:\/\/tc-kuenzell-dicker-turm.de\/wp-content\/uploads\/2014\/08\/2013-05_jgdcm-kuchen1-300x200.jpg\" alt=\"2013-05_JgdCM-Kuchen1\" width=\"300\" height=\"200\" srcset=\"https:\/\/tc-kuenzell-dicker-turm.de\/wp-content\/uploads\/2014\/08\/2013-05_jgdcm-kuchen1-300x200.jpg 300w, https:\/\/tc-kuenzell-dicker-turm.de\/wp-content\/uploads\/2014\/08\/2013-05_jgdcm-kuchen1-600x400.jpg 600w, https:\/\/tc-kuenzell-dicker-turm.de\/wp-content\/uploads\/2014\/08\/2013-05_jgdcm-kuchen1-449x300.jpg 449w, https:\/\/tc-kuenzell-dicker-turm.de\/wp-content\/uploads\/2014\/08\/2013-05_jgdcm-kuchen1.jpg 1024w\" sizes=\"auto, (max-width: 300px) 100vw, 300px\" \/><\/a>\u00a0\u00a0 oder mit so einem tollen Kuchen!<\/p>\n<p>&nbsp;<\/p>\n<p><span style=\"color: #000000;\">\u00a0<\/span><\/p>\n","protected":false},"excerpt":{"rendered":"<p>Clubmeisterschaften 2013\u00a0\u00a0 U8 &#8211; U10 &#8211; U14\u00a0\u00a0\u00a0 Bei tollem\u00a0Wetter\u00a0und bester\u00a0Stimmung\u00a0fanden mit gro\u00dfer Beteiligung die Clubmeisterschaften unserer Jugendlichen statt. Es wurde hart aber fair\u00a0um die Meistertitel gek\u00e4mpft. Aufgrund der Anmeldungen wurden die Clubmeister in den Altersklassen U14 &#8211; U10 und U8 &hellip; <a href=\"https:\/\/tc-kuenzell-dicker-turm.de\/index.php\/clubmeisterschaften-jugendliche\/\">Weiterlesen <span class=\"meta-nav\">&rarr;<\/span><\/a><\/p>\n","protected":false},"author":1,"featured_media":0,"parent":0,"menu_order":0,"comment_status":"closed","ping_status":"closed","template":"","meta":{"footnotes":""},"class_list":["post-847","page","type-page","status-publish","hentry"],"_links":{"self":[{"href":"https:\/\/tc-kuenzell-dicker-turm.de\/index.php\/wp-json\/wp\/v2\/pages\/847","targetHints":{"allow":["GET"]}}],"collection":[{"href":"https:\/\/tc-kuenzell-dicker-turm.de\/index.php\/wp-json\/wp\/v2\/pages"}],"about":[{"href":"https:\/\/tc-kuenzell-dicker-turm.de\/index.php\/wp-json\/wp\/v2\/types\/page"}],"author":[{"embeddable":true,"href":"https:\/\/tc-kuenzell-dicker-turm.de\/index.php\/wp-json\/wp\/v2\/users\/1"}],"replies":[{"embeddable":true,"href":"https:\/\/tc-kuenzell-dicker-turm.de\/index.php\/wp-json\/wp\/v2\/comments?post=847"}],"version-history":[{"count":0,"href":"https:\/\/tc-kuenzell-dicker-turm.de\/index.php\/wp-json\/wp\/v2\/pages\/847\/revisions"}],"wp:attachment":[{"href":"https:\/\/tc-kuenzell-dicker-turm.de\/index.php\/wp-json\/wp\/v2\/media?parent=847"}],"curies":[{"name":"wp","href":"https:\/\/api.w.org\/{rel}","templated":true}]}}