{"id":809,"date":"2014-08-06T10:59:26","date_gmt":"2014-08-06T08:59:26","guid":{"rendered":"http:\/\/tc-kuenzell-dicker-turm.de\/?page_id=809"},"modified":"2022-05-25T18:49:27","modified_gmt":"2022-05-25T16:49:27","slug":"junioren-u-14-gemischt","status":"publish","type":"page","link":"https:\/\/tc-kuenzell-dicker-turm.de\/index.php\/junioren-u-14-gemischt\/","title":{"rendered":"Juniorinnen + Junioren U15"},"content":{"rendered":"<h2>U14 Spielklasse wurde in U15 ge\u00e4ndert<\/h2>\n<h2><strong><span style=\"color: #0000ff;\">Saison 2020 &#8211; Junioren U14 \u2013 Souver\u00e4ner Meister in der Bezirksliga A<\/span><\/strong><\/h2>\n<h2><span style=\"color: #000000;\">Unsere Jungs haben sich \u00fcberlegen in der Bezirksliga A durchgesetzt und den Meistertitel geholt. Gl\u00fcckwunsch \u2013 tolle Leistung!!!\u00a0<\/span><\/h2>\n<p><a href=\"http:\/\/tc-kuenzell-dicker-turm.de\/wp-content\/uploads\/2020\/09\/ea604cd4-230a-4ce4-8436-09716993bcdb.jpg\"><img loading=\"lazy\" decoding=\"async\" class=\"alignnone  wp-image-3645\" src=\"http:\/\/tc-kuenzell-dicker-turm.de\/wp-content\/uploads\/2020\/09\/ea604cd4-230a-4ce4-8436-09716993bcdb.jpg\" alt=\"\" width=\"228\" height=\"302\" \/><\/a> \u00a0<a href=\"http:\/\/tc-kuenzell-dicker-turm.de\/wp-content\/uploads\/2020\/09\/ffecf9c8-7451-40df-ab4d-a5f9177e75a7.jpg\"><img loading=\"lazy\" decoding=\"async\" class=\"alignnone size-medium wp-image-3639\" src=\"http:\/\/tc-kuenzell-dicker-turm.de\/wp-content\/uploads\/2020\/09\/ffecf9c8-7451-40df-ab4d-a5f9177e75a7-300x225.jpg\" alt=\"\" width=\"300\" height=\"225\" srcset=\"https:\/\/tc-kuenzell-dicker-turm.de\/wp-content\/uploads\/2020\/09\/ffecf9c8-7451-40df-ab4d-a5f9177e75a7-300x225.jpg 300w, https:\/\/tc-kuenzell-dicker-turm.de\/wp-content\/uploads\/2020\/09\/ffecf9c8-7451-40df-ab4d-a5f9177e75a7-1024x768.jpg 1024w, https:\/\/tc-kuenzell-dicker-turm.de\/wp-content\/uploads\/2020\/09\/ffecf9c8-7451-40df-ab4d-a5f9177e75a7-768x576.jpg 768w, https:\/\/tc-kuenzell-dicker-turm.de\/wp-content\/uploads\/2020\/09\/ffecf9c8-7451-40df-ab4d-a5f9177e75a7-1536x1152.jpg 1536w, https:\/\/tc-kuenzell-dicker-turm.de\/wp-content\/uploads\/2020\/09\/ffecf9c8-7451-40df-ab4d-a5f9177e75a7-400x300.jpg 400w, https:\/\/tc-kuenzell-dicker-turm.de\/wp-content\/uploads\/2020\/09\/ffecf9c8-7451-40df-ab4d-a5f9177e75a7.jpg 1600w\" sizes=\"auto, (max-width: 300px) 100vw, 300px\" \/><\/a><\/p>\n<p>Max Vey, Luca Hohmann, Laurenz Schuster, Jacob Sch\u00e4fer und Georg vom Bruch. Es fehlt Maxim Koplack<\/p>\n<p><strong><span style=\"color: #ff0000;\">Saison 2020<\/span><\/strong> <span style=\"color: #000000;\">Juniorinnen -.keine Mannschaft<\/span><\/p>\n<p><strong><span style=\"color: #0000ff;\">Saison 2019\u00a0 &#8211; Junioren U14\u00a0 &#8211; Kreismeister 2019\u00a0 \u00a0 \u00a0 \u00a0 \u00a0 \u00a0 \u00a0 \u00a0 \u00a0 \u00a0 \u00a0 \u00a0 \u00a0 \u00a0 \u00a0 \u00a0 \u00a0 \u00a0 \u00a0 \u00a0 \u00a0 \u00a0 \u00a0 \u00a0 \u00a0 \u00a0 \u00a0 \u00a0<\/span><\/strong><span style=\"color: #0000ff;\"><span style=\"color: #000000;\">Unsere U-14 Junioren sind Kreismeister geworden und haben den Aufstieg geschafft. Es war so eine enge Angelegenheit, wie es sie m\u00f6glicherweise noch nie gab. Die Tabelle nach dem letzten Spieltag war au\u00dfergew\u00f6hnlich. Unsere Jungs, MSG RW Lauterbach\/TV Maar, RW Fulda und GW Fulda standen mit 7:3 Punkten auf den R\u00e4ngen 1-4. Selbst auf den R\u00e4ngen 1-3 gab es noch einen Gleichstand von 20:10 Matchpunkten. Ein gleiches Satzergebnis miit 42:22 wiesen die R\u00e4nge 1 und 2 auf. Letztendlich wurde die Meisterschaft \u00fcber das Spieleergebnis entschieden, was mit 295:176 f\u00fcr K\u00fcnzell sprach.<\/span><\/span><span style=\"color: #0000ff;\"><br \/>\n<span style=\"color: #000000;\"><a style=\"color: #000000;\" href=\"http:\/\/tc-kuenzell-dicker-turm.de\/wp-content\/uploads\/2019\/08\/03669175-8d9a-4c50-91f0-f096afa7dfd2.jpg\"><img loading=\"lazy\" decoding=\"async\" class=\"size-medium wp-image-3366 alignleft\" src=\"http:\/\/tc-kuenzell-dicker-turm.de\/wp-content\/uploads\/2019\/08\/03669175-8d9a-4c50-91f0-f096afa7dfd2-225x300.jpg\" alt=\"\" width=\"225\" height=\"300\" srcset=\"https:\/\/tc-kuenzell-dicker-turm.de\/wp-content\/uploads\/2019\/08\/03669175-8d9a-4c50-91f0-f096afa7dfd2-225x300.jpg 225w, https:\/\/tc-kuenzell-dicker-turm.de\/wp-content\/uploads\/2019\/08\/03669175-8d9a-4c50-91f0-f096afa7dfd2-768x1024.jpg 768w, https:\/\/tc-kuenzell-dicker-turm.de\/wp-content\/uploads\/2019\/08\/03669175-8d9a-4c50-91f0-f096afa7dfd2.jpg 1200w\" sizes=\"auto, (max-width: 225px) 100vw, 225px\" \/><\/a><\/span><\/span><\/p>\n<h2><span style=\"color: #000080;\"><em>von links<\/em>:\u00a0 \u00a0 \u00a0 \u00a0 \u00a0 \u00a0 \u00a0 \u00a0 \u00a0 \u00a0 \u00a0 \u00a0 \u00a0 \u00a0 \u00a0 \u00a0 \u00a0 \u00a0 \u00a0 \u00a0 \u00a0 \u00a0 \u00a0 \u00a0 \u00a0 \u00a0 \u00a0 \u00a0 \u00a0 <\/span><br \/>\n<span style=\"color: #000080;\">Maxim Koplack, Maximilian Vey, Jacob, Sch\u00e4fer (MF), Luca Hohmann und im Baum Silas Koplack. Es fehlen Laurenz Schuster, Jonah Pavic, Felix B\u00f6hle, Fin Sauer und Jean Maxime Katz.<\/span><\/h2>\n<h2><span style=\"color: #ff0000;\"><span style=\"color: #000000;\">Saison 2017\u00a0 &#8211;\u00a0 keine Mannschaftsmeldung<\/span><br \/>\nSaison 2016\u00a0 &#8211;\u00a0<span style=\"color: #000000;\"> keine Mannschaftsmeldung<br \/>\n<\/span><\/span><span style=\"color: #ff0000;\">Saison 2015<\/span>\u00a0 &#8211;\u00a0 keine <strong>Mannschaftsmeldung<\/strong><br \/>\n<span style=\"color: #ff0000;\">Saison 2014<\/span>\u00a0 &#8211;\u00a0 <span style=\"color: #ff0000;\"><span style=\"color: #000000;\">keine Mannschaftsmeldung<br \/>\n<\/span><\/span><span style=\"color: #ff0000;\">Saison 2013<\/span>\u00a0 &#8211;\u00a0\u00a0<span style=\"color: #000000;\">keine Mannschaftsmeldung<\/span><\/h2>\n<h4><strong><span style=\"font-family: Arial; font-size: 14pt;\"><span style=\"color: #000000;\"><span style=\"color: #ff0000;\">Saison 2012\u00a0 &#8211;\u00a0\u00a0Juniorinnen U 14 (4er) &#8211;<br \/>\nKreisliga A &#8211; das Meisterteam<\/span><br \/>\n<\/span><\/span><\/strong><span style=\"font-family: Arial; font-size: 14pt;\"><span style=\"color: #000000;\">Die Mannschaft blieb in allen Spielen ungeschlagen und wurde souver\u00e4n Meister in der Kreisliga A.<\/span><\/span><strong><span style=\"font-family: Arial; font-size: 14pt;\"><span style=\"color: #000000;\"><br \/>\n<\/span><\/span><\/strong><span style=\"font-family: Arial; font-size: 14pt;\"><span style=\"color: #000000;\">Rang 1<\/span><\/span><span style=\"font-family: Arial; font-size: 14pt;\"><span style=\"color: #000000;\">\u00a0&#8211; 12:0 Punkte &#8211; 76:8 Matchpkt &#8211; 65:8 S\u00e4tze &#8211; <\/span><\/span><span style=\"font-family: Arial; font-size: 14pt;\"><span style=\"color: #000000;\">409:103 Spiele<\/span><\/span><strong><span style=\"font-family: Arial; font-size: 14pt;\"><span style=\"color: #000000;\"><br \/>\n<\/span><\/span><\/strong><span style=\"font-family: Arial;\"><span style=\"font-size: 14pt;\"><span style=\"color: #000000;\">D<\/span><\/span><span style=\"font-size: 12pt;\"><span style=\"color: #000000;\">as <\/span><\/span><span style=\"font-size: 12pt;\"><span style=\"color: #000000;\">Endspiel gegen GW Fulda war super spannend. Nach den Einzeln stand es 2:6 und die Doppel mussten die Entscheidung bringen. Es waren ganz enge Spiele\u00a0und am Ende stand es 8:6 f\u00fcr K\u00fcnzell-DT.<\/span><\/span><span style=\"font-size: 12pt;\"><span style=\"color: #000000;\"><br \/>\nFolgende Spielerinnen kamen in der Saison 2012 zum Einsatz: Julia Schiewe, Olivia Schmitt, Katharina Jost und Cosmina Kubesch.<br \/>\nSpitzenspielerin <\/span><\/span><span style=\"font-size: 12pt;\"><span style=\"color: #000000;\">Julia Schiewe <\/span><\/span><\/span><span style=\"font-family: Arial;\"><span style=\"font-size: 12pt;\"><span style=\"color: #000000;\">blieb auf Position 1 in allen Spielen sowohl im<br \/>\n<\/span><span style=\"color: #000000;\"> Einzel als auch in den Doppeln ungeschlagen<\/span><\/span><span style=\"font-size: 14pt;\"><span style=\"color: #000000;\">.<\/span><\/span><\/span><\/h4>\n<p><img loading=\"lazy\" decoding=\"async\" src=\"http:\/\/www.sporton.de\/cms\/tc-kuenzell-dicker-turm.de\/images\/U14%20M_2012.JPG\" alt=\"\" width=\"539\" height=\"401\" align=\"bottom\" hspace=\"5\" \/><\/p>\n<p>Matchbilanz von links nach rechts:<br \/>\n1.\u00a0 Julia Schiewe\u00a0\u00a0\u00a0\u00a0\u00a0\u00a0\u00a0\u00a0\u00a0\u00a0\u00a0\u00a0\u00a0\u00a0\u00a0 5:0 Einzel,\u00a0 5:0 Doppel<br \/>\n2.\u00a0 Olivia Schmitt\u00a0\u00a0\u00a0\u00a0\u00a0\u00a0\u00a0\u00a0\u00a0\u00a0\u00a0\u00a0\u00a0\u00a0\u00a0\u00a03:2 Einzel,\u00a0 5:0 Doppel<br \/>\n3.\u00a0 <span style=\"color: #000000;\">Katharina Jost\u00a0\u00a0\u00a0\u00a0\u00a0\u00a0\u00a0\u00a0\u00a0\u00a0\u00a0\u00a0\u00a0\u00a0 4:1 Einzel,\u00a0 5:0 Doppel<br \/>\n4.\u00a0 Cosmina Kubesch\u00a0\u00a0\u00a0\u00a0\u00a0\u00a0\u00a0\u00a0 4:1 Einzel,\u00a0 5:0 Doppel<\/span><\/p>\n","protected":false},"excerpt":{"rendered":"<p>U14 Spielklasse wurde in U15 ge\u00e4ndert Saison 2020 &#8211; Junioren U14 \u2013 Souver\u00e4ner Meister in der Bezirksliga A Unsere Jungs haben sich \u00fcberlegen in der Bezirksliga A durchgesetzt und den Meistertitel geholt. Gl\u00fcckwunsch \u2013 tolle Leistung!!!\u00a0 \u00a0 Max Vey, Luca &hellip; <a href=\"https:\/\/tc-kuenzell-dicker-turm.de\/index.php\/junioren-u-14-gemischt\/\">Weiterlesen <span class=\"meta-nav\">&rarr;<\/span><\/a><\/p>\n","protected":false},"author":1,"featured_media":0,"parent":0,"menu_order":0,"comment_status":"closed","ping_status":"closed","template":"","meta":{"footnotes":""},"class_list":["post-809","page","type-page","status-publish","hentry"],"_links":{"self":[{"href":"https:\/\/tc-kuenzell-dicker-turm.de\/index.php\/wp-json\/wp\/v2\/pages\/809","targetHints":{"allow":["GET"]}}],"collection":[{"href":"https:\/\/tc-kuenzell-dicker-turm.de\/index.php\/wp-json\/wp\/v2\/pages"}],"about":[{"href":"https:\/\/tc-kuenzell-dicker-turm.de\/index.php\/wp-json\/wp\/v2\/types\/page"}],"author":[{"embeddable":true,"href":"https:\/\/tc-kuenzell-dicker-turm.de\/index.php\/wp-json\/wp\/v2\/users\/1"}],"replies":[{"embeddable":true,"href":"https:\/\/tc-kuenzell-dicker-turm.de\/index.php\/wp-json\/wp\/v2\/comments?post=809"}],"version-history":[{"count":0,"href":"https:\/\/tc-kuenzell-dicker-turm.de\/index.php\/wp-json\/wp\/v2\/pages\/809\/revisions"}],"wp:attachment":[{"href":"https:\/\/tc-kuenzell-dicker-turm.de\/index.php\/wp-json\/wp\/v2\/media?parent=809"}],"curies":[{"name":"wp","href":"https:\/\/api.w.org\/{rel}","templated":true}]}}