{"id":74,"date":"2014-08-01T20:15:10","date_gmt":"2014-08-01T18:15:10","guid":{"rendered":"http:\/\/tc-kuenzell-dicker-turm.de\/?page_id=74"},"modified":"2024-10-04T19:07:57","modified_gmt":"2024-10-04T17:07:57","slug":"herren-i","status":"publish","type":"page","link":"https:\/\/tc-kuenzell-dicker-turm.de\/index.php\/herren-i\/","title":{"rendered":"Herren"},"content":{"rendered":"\n<p class=\"has-blue-color has-text-color has-link-color has-medium-font-size wp-elements-e3775c2fee12dc1226ca2befd8e88a0a\"><strong>Saison 2024 &#8211; Kreisliga A &#8211; Platz 2 mit 7:3 Punkten<\/strong><\/p>\n\n\n\n<figure class=\"wp-block-image size-large is-resized\"><a href=\"https:\/\/tc-kuenzell-dicker-turm.de\/wp-content\/uploads\/2024\/10\/Herren-I-Kopie.jpg\"><img loading=\"lazy\" decoding=\"async\" width=\"1024\" height=\"768\" src=\"https:\/\/tc-kuenzell-dicker-turm.de\/wp-content\/uploads\/2024\/10\/Herren-I-Kopie-1024x768.jpg\" alt=\"\" class=\"wp-image-5279\" style=\"width:417px;height:auto\" srcset=\"https:\/\/tc-kuenzell-dicker-turm.de\/wp-content\/uploads\/2024\/10\/Herren-I-Kopie-1024x768.jpg 1024w, https:\/\/tc-kuenzell-dicker-turm.de\/wp-content\/uploads\/2024\/10\/Herren-I-Kopie-300x225.jpg 300w, https:\/\/tc-kuenzell-dicker-turm.de\/wp-content\/uploads\/2024\/10\/Herren-I-Kopie-768x576.jpg 768w, https:\/\/tc-kuenzell-dicker-turm.de\/wp-content\/uploads\/2024\/10\/Herren-I-Kopie-1536x1152.jpg 1536w, https:\/\/tc-kuenzell-dicker-turm.de\/wp-content\/uploads\/2024\/10\/Herren-I-Kopie-2048x1536.jpg 2048w, https:\/\/tc-kuenzell-dicker-turm.de\/wp-content\/uploads\/2024\/10\/Herren-I-Kopie-400x300.jpg 400w\" sizes=\"auto, (max-width: 1024px) 100vw, 1024px\" \/><\/a><\/figure>\n\n\n<p><strong><span style=\"color: #ff0000;\">Saison 2023 &#8211; Kreisliga A (4er)<\/span><\/strong><\/p>\n<p><a href=\"http:\/\/tc-kuenzell-dicker-turm.de\/wp-content\/uploads\/2023\/06\/e72e9be3-2727-4e6d-8c0b-68c45c4f05d8.jpg\"><img loading=\"lazy\" decoding=\"async\" class=\"alignnone  wp-image-4961\" src=\"http:\/\/tc-kuenzell-dicker-turm.de\/wp-content\/uploads\/2023\/06\/e72e9be3-2727-4e6d-8c0b-68c45c4f05d8-300x250.jpg\" alt=\"\" width=\"380\" height=\"319\" \/><\/a><\/p>\n<p><strong><span style=\"color: #ff0000;\">Saison 2022 &#8211; Bezirksliga B\u00a0 \u00a0 \u00a0 \u00a0 \u00a0 \u00a0 \u00a0 \u00a0 \u00a0 \u00a0 \u00a0 \u00a0 \u00a0 \u00a0 \u00a0 \u00a0 \u00a0 \u00a0 \u00a0 \u00a0 \u00a0 \u00a0 \u00a0 \u00a0 \u00a0 \u00a0 \u00a0 \u00a0 \u00a0 \u00a0 \u00a0 \u00a0 \u00a0 \u00a0 \u00a0 \u00a0 \u00a0 \u00a0 \u00a0 \u00a0 \u00a0 \u00a0 \u00a0 \u00a0 \u00a0 \u00a0 \u00a0 \u00a0 <\/span><\/strong>Die neu formierte Herrenmannschaft startet als 6er Mannschaft in der Bezirksliga B und wurde souver\u00e4n Meister mit 14:2 Punkten. Damit schafften unsere Jungs gleich im ersten Jahr den Aufstieg in die Bezirksliga A.\u00a0 Eine sehr starke Leistung.<\/p>\n<p><a href=\"http:\/\/tc-kuenzell-dicker-turm.de\/wp-content\/uploads\/2022\/07\/IMG_4230-Kopie.jpg\"><img loading=\"lazy\" decoding=\"async\" class=\"alignnone  wp-image-4488\" src=\"http:\/\/tc-kuenzell-dicker-turm.de\/wp-content\/uploads\/2022\/07\/IMG_4230-Kopie-300x213.jpg\" alt=\"\" width=\"380\" height=\"274\" \/><\/a><\/p>\n<p>von links: Florian Kr\u00fccken, Max Vey, Laurenz Schuster, Maximilian Reck, Valentin Pircher, Kerim Subasic, Frederik Seewald- Es fehlt Alexander H\u00f6lper<\/p>\n<p><strong><span style=\"color: #ff0000;\">Saison 2021 &#8211; Vizemeister in der Kreisliga C<\/span><\/strong><\/p>\n<p><a href=\"http:\/\/tc-kuenzell-dicker-turm.de\/wp-content\/uploads\/2021\/09\/Herren1.jpg\"><img loading=\"lazy\" decoding=\"async\" class=\"alignnone size-medium wp-image-4055\" src=\"http:\/\/tc-kuenzell-dicker-turm.de\/wp-content\/uploads\/2021\/09\/Herren1-300x296.jpg\" alt=\"\" width=\"300\" height=\"296\" srcset=\"https:\/\/tc-kuenzell-dicker-turm.de\/wp-content\/uploads\/2021\/09\/Herren1-300x296.jpg 300w, https:\/\/tc-kuenzell-dicker-turm.de\/wp-content\/uploads\/2021\/09\/Herren1-305x300.jpg 305w, https:\/\/tc-kuenzell-dicker-turm.de\/wp-content\/uploads\/2021\/09\/Herren1.jpg 473w\" sizes=\"auto, (max-width: 300px) 100vw, 300px\" \/><\/a><\/p>\n<p><span style=\"color: #ff0000;\"><strong>Saison 2020<\/strong><\/span><\/p>\n<p><span style=\"color: #000000;\">Die meisten Spiele<\/span>r der Herren I sind in die Herren 30 gewechselt, so dass wir die Herren I in der Kreisliga C starten lassen.<\/p>\n<p><span style=\"color: #ff0000;\"><strong>Saison 2019<\/strong><\/span><\/p>\n<p>Nur noch eine 4er Mannschaft<\/p>\n<p><strong><span style=\"color: #ff0000;\">Saison 2017\u00a0 &#8211;\u00a0 Bezirksliga A (6er) Gr. 044 &#8211; 4. Platz<br \/>\n<\/span><\/strong><span style=\"color: #000000;\">Das selbst gesteckte Ziel Meisterschaft wurde leider nicht erreicht. Zuletzt musste man sogar noch um den Abstieg k\u00e4mpfen. Viermal 4:5 verloren ist m\u00f6glicherweise schon ein Novum. Im vierten Spiel gewann man in Lauterbach 6:3 und konnte RW Lauterbach und TC Sch\u00f6nbach II aufgrund der besseren Matchespunkte damit am Ende auch hinter sich lassen und mit Platz 4 den Abstieg abwenden.<br \/>\nEs spielten in der Reihenfolge der Meldung: Janis Skreija in den Einzeln mit einer Bilanz von 5:0, Thorsten Nophuth, Marcus Arnold ebenfalls in den Einzeln souver\u00e4n mit 5:0,<br \/>\nSven K\u00e4mpfe, Frank Geiling, Andreas Stehling und Marcel Br\u00e4hler.<\/span><\/p>\n<p><strong><span style=\"color: #ff0000;\">Saison 2016\u00a0 &#8211;\u00a0<span style=\"color: #000000;\"> Bezirksliga B (6er) Gr. 045\u00a0 \u00a0 \u00a0 \u00a0 \u00a0 \u00a0 \u00a0 \u00a0 \u00a0 \u00a0 \u00a0 \u00a0 \u00a0 \u00a0 \u00a0 \u00a0 \u00a0 \u00a0 \u00a0 \u00a0 \u00a0 \u00a0 \u00a0 \u00a0 \u00a0 \u00a0 \u00a0 \u00a0 \u00a0 \u00a0 \u00a0 \u00a0 \u00a0 \u00a0 \u00a0 <\/span><\/span><\/strong><span style=\"color: #ff0000;\"><strong>Platz 1<\/strong><\/span> und <strong><span style=\"color: #ff0000;\">Aufstieg<\/span> <\/strong><span style=\"color: #ff0000;\">in die <strong>Bezirksliga A<\/strong> mit 10:0 Punkten<\/span><\/p>\n<p>Erneut konnte sich die Mannschaft\u00a0 mit Marcel B., Frank G., Thorsten N. und Marcus A. verst\u00e4rken. F\u00fcr dieses\u00a0Aufgebot gab es nur ein Ziel: Meisterschaft und Aufstieg.<br \/>\nDieses Ziel wurde bravour\u00f6s erreicht. HERZLICHEN GL\u00dcCKWUNSCH!<\/p>\n<p><a href=\"http:\/\/tc-kuenzell-dicker-turm.de\/?attachment_id=2066\" rel=\"attachment wp-att-2066\"><img loading=\"lazy\" decoding=\"async\" class=\"alignnone size-full wp-image-2066\" src=\"http:\/\/tc-kuenzell-dicker-turm.de\/wp-content\/uploads\/2014\/08\/manschaftsbild_herren1.jpg\" alt=\"Version 2\" width=\"3261\" height=\"1808\" srcset=\"https:\/\/tc-kuenzell-dicker-turm.de\/wp-content\/uploads\/2014\/08\/manschaftsbild_herren1.jpg 3261w, https:\/\/tc-kuenzell-dicker-turm.de\/wp-content\/uploads\/2014\/08\/manschaftsbild_herren1-300x166.jpg 300w, https:\/\/tc-kuenzell-dicker-turm.de\/wp-content\/uploads\/2014\/08\/manschaftsbild_herren1-768x426.jpg 768w, https:\/\/tc-kuenzell-dicker-turm.de\/wp-content\/uploads\/2014\/08\/manschaftsbild_herren1-1024x568.jpg 1024w, https:\/\/tc-kuenzell-dicker-turm.de\/wp-content\/uploads\/2014\/08\/manschaftsbild_herren1-600x333.jpg 600w, https:\/\/tc-kuenzell-dicker-turm.de\/wp-content\/uploads\/2014\/08\/manschaftsbild_herren1-500x277.jpg 500w\" sizes=\"auto, (max-width: 3261px) 100vw, 3261px\" \/><br \/>\n<\/a>Stehend von links: Marcel Br\u00e4hler, Adrian Sonntag, Andreas Stehling, Frank Geiling, Thorsten Nophut, Janis Skreija.\u00a0Kniend: Sven K\u00e4mpfe. Es fehlt: Marcus Arnold<\/p>\n<p><strong><span style=\"color: #ff0000;\">Saison 2015\u00a0 <\/span>&#8211; \u00a0Bezirksliga B (6er) &#8211; Platz 6<br \/>\n<\/strong>Die Herren haben sich in diesem Jahr mit gleich 3 neuen Spielern verst\u00e4rkt und erreichten mit 6:8 Punkten den Klassenerhalt.<strong><br \/>\n<\/strong><\/p>\n<p><a href=\"http:\/\/tc-kuenzell-dicker-turm.de\/wp-content\/uploads\/2014\/08\/img_2361.jpg\"><img loading=\"lazy\" decoding=\"async\" class=\"alignnone wp-image-1362 \" src=\"http:\/\/tc-kuenzell-dicker-turm.de\/wp-content\/uploads\/2014\/08\/img_2361-300x205.jpg\" alt=\"IMG_2361\" width=\"409\" height=\"284\" \/><\/a><\/p>\n<p>von links: Janis Skreija, Andreas Stehling, Adrian Sonntag, Sven K\u00e4mpfe, Julian R\u00f6der, Nicolai Rimmler. Es fehlt Hermann Franz<\/p>\n<p><strong><span style=\"color: #ff0000;\">Saison 2014<\/span>\u00a0<\/strong> &#8211; \u00a0Kreisliga A (4er)<strong> \u00a0&#8211;\u00a0<span style=\"font-weight: 300;\">Mit Platz 5 wurde die Liga gehalten.<\/span><\/strong><\/p>\n<p><a href=\"http:\/\/tc-kuenzell-dicker-turm.de\/wp-content\/uploads\/2014\/08\/adrian_sonntag_01.jpg\"><img loading=\"lazy\" decoding=\"async\" class=\"alignnone size-thumbnail wp-image-1239\" src=\"http:\/\/tc-kuenzell-dicker-turm.de\/wp-content\/uploads\/2014\/08\/adrian_sonntag_01-150x150.jpg\" alt=\"adrian_Sonntag_01\" width=\"150\" height=\"150\" \/><\/a><a href=\"http:\/\/tc-kuenzell-dicker-turm.de\/wp-content\/uploads\/2014\/08\/img_1381.jpg\"><img loading=\"lazy\" decoding=\"async\" class=\"alignnone wp-image-93\" src=\"http:\/\/tc-kuenzell-dicker-turm.de\/wp-content\/uploads\/2014\/08\/img_1381-296x300.jpg\" alt=\"IMG_1381\" width=\"235\" height=\"238\" srcset=\"https:\/\/tc-kuenzell-dicker-turm.de\/wp-content\/uploads\/2014\/08\/img_1381-296x300.jpg 296w, https:\/\/tc-kuenzell-dicker-turm.de\/wp-content\/uploads\/2014\/08\/img_1381.jpg 592w\" sizes=\"auto, (max-width: 235px) 100vw, 235px\" \/><\/a><a href=\"http:\/\/tc-kuenzell-dicker-turm.de\/wp-content\/uploads\/2014\/08\/nicorimmler_iiii.jpg\"><img loading=\"lazy\" decoding=\"async\" class=\"alignnone size-thumbnail wp-image-1240\" src=\"http:\/\/tc-kuenzell-dicker-turm.de\/wp-content\/uploads\/2014\/08\/nicorimmler_iiii-150x150.jpg\" alt=\"NicoRimmler_IIII\" width=\"150\" height=\"150\" \/><\/a><\/p>\n<p>von links: Adrian Sonntag, Julian R\u00f6der, Nicolai Rimmler, Sven K\u00e4mpfe<\/p>\n<p><strong><span style=\"color: #ff0000;\">Saison 2013<\/span>\u00a0 &#8211; \u00a0Kreisliga B<\/strong>\u00a0(4er)\u00a0 &#8211;\u00a0 <strong>Platz 2 und Aufstieg in die Kreisliga A<a href=\"http:\/\/tc-kuenzell-dicker-turm.de\/wp-content\/uploads\/2014\/08\/img_0187.jpg\"><img loading=\"lazy\" decoding=\"async\" class=\" wp-image-105 aligncenter\" src=\"http:\/\/tc-kuenzell-dicker-turm.de\/wp-content\/uploads\/2014\/08\/img_0187-300x224.jpg\" alt=\"IMG_0187\" width=\"372\" height=\"281\" \/><\/a><\/strong><\/p>\n<p>von links: Michael Ritz, Sven K\u00e4mpfe, Volker Ritz, Nicolai Rimmler, Julian R\u00f6der<\/p>\n<p><strong><span style=\"color: #ff0000;\">Saison 2012<\/span>\u00a0 &#8211; \u00a0Kreisliga C\u00a0 &#8211;\u00a0\u00a0Meisterschaft und Aufstieg im 2. Jahr<\/strong><a href=\"http:\/\/tc-kuenzell-dicker-turm.de\/wp-content\/uploads\/2014\/08\/sam_5404.jpg\"><img loading=\"lazy\" decoding=\"async\" class=\" wp-image-109 aligncenter\" src=\"http:\/\/tc-kuenzell-dicker-turm.de\/wp-content\/uploads\/2014\/08\/sam_5404-300x225.jpg\" alt=\"SAMSUNG DIGITAL CAMERA\" width=\"446\" height=\"337\" \/><\/a><\/p>\n<p>von links: Julian R\u00f6der, Michael\u00a0Ritz, Nicolai Rimmler, Adrian Sonntag, Christian Hahner, Martin Zentgraf, Volker Ritz<\/p>\n<p><strong><span style=\"color: #ff0000;\">Saison 2011\u00a0<\/span> &#8211;\u00a0 Kreisliga C<br \/>\n<\/strong>Nach vielen Jahren gibt es endlich wieder eine Herrenmannschaft. Ein Mittelfeldplatz in der ersten Saison ist ein ordentliches Ergebnis.<\/p>\n<p><a href=\"http:\/\/tc-kuenzell-dicker-turm.de\/wp-content\/uploads\/2014\/08\/532818_411500682234182_2100313325_n.jpg\"><img loading=\"lazy\" decoding=\"async\" class=\" wp-image-1231 size-medium aligncenter\" src=\"http:\/\/tc-kuenzell-dicker-turm.de\/wp-content\/uploads\/2014\/08\/532818_411500682234182_2100313325_n-300x225.jpg\" alt=\"532818_411500682234182_2100313325_n\" width=\"300\" height=\"225\" srcset=\"https:\/\/tc-kuenzell-dicker-turm.de\/wp-content\/uploads\/2014\/08\/532818_411500682234182_2100313325_n-300x225.jpg 300w, https:\/\/tc-kuenzell-dicker-turm.de\/wp-content\/uploads\/2014\/08\/532818_411500682234182_2100313325_n-600x450.jpg 600w, https:\/\/tc-kuenzell-dicker-turm.de\/wp-content\/uploads\/2014\/08\/532818_411500682234182_2100313325_n-400x300.jpg 400w, https:\/\/tc-kuenzell-dicker-turm.de\/wp-content\/uploads\/2014\/08\/532818_411500682234182_2100313325_n.jpg 640w\" sizes=\"auto, (max-width: 300px) 100vw, 300px\" \/><\/a><\/p>\n<p>von links: Volker Ritz, Ural Dolmaci, Chrisitan Hahner, Nicolai Rimmler, Michael Ritz, Julian R\u00f6der<\/p>","protected":false},"excerpt":{"rendered":"<p>Saison 2024 &#8211; Kreisliga A &#8211; Platz 2 mit 7:3 Punkten Saison 2023 &#8211; Kreisliga A (4er) Saison 2022 &#8211; Bezirksliga B\u00a0 \u00a0 \u00a0 \u00a0 \u00a0 \u00a0 \u00a0 \u00a0 \u00a0 \u00a0 \u00a0 \u00a0 \u00a0 \u00a0 \u00a0 \u00a0 \u00a0 \u00a0 \u00a0 &hellip; <a href=\"https:\/\/tc-kuenzell-dicker-turm.de\/index.php\/herren-i\/\">Weiterlesen <span class=\"meta-nav\">&rarr;<\/span><\/a><\/p>\n","protected":false},"author":1,"featured_media":0,"parent":0,"menu_order":0,"comment_status":"closed","ping_status":"closed","template":"","meta":{"footnotes":""},"class_list":["post-74","page","type-page","status-publish","hentry"],"_links":{"self":[{"href":"https:\/\/tc-kuenzell-dicker-turm.de\/index.php\/wp-json\/wp\/v2\/pages\/74","targetHints":{"allow":["GET"]}}],"collection":[{"href":"https:\/\/tc-kuenzell-dicker-turm.de\/index.php\/wp-json\/wp\/v2\/pages"}],"about":[{"href":"https:\/\/tc-kuenzell-dicker-turm.de\/index.php\/wp-json\/wp\/v2\/types\/page"}],"author":[{"embeddable":true,"href":"https:\/\/tc-kuenzell-dicker-turm.de\/index.php\/wp-json\/wp\/v2\/users\/1"}],"replies":[{"embeddable":true,"href":"https:\/\/tc-kuenzell-dicker-turm.de\/index.php\/wp-json\/wp\/v2\/comments?post=74"}],"version-history":[{"count":0,"href":"https:\/\/tc-kuenzell-dicker-turm.de\/index.php\/wp-json\/wp\/v2\/pages\/74\/revisions"}],"wp:attachment":[{"href":"https:\/\/tc-kuenzell-dicker-turm.de\/index.php\/wp-json\/wp\/v2\/media?parent=74"}],"curies":[{"name":"wp","href":"https:\/\/api.w.org\/{rel}","templated":true}]}}