{"id":723,"date":"2014-08-04T11:32:00","date_gmt":"2014-08-04T09:32:00","guid":{"rendered":"http:\/\/tc-kuenzell-dicker-turm.de\/?page_id=723"},"modified":"2026-02-20T19:41:09","modified_gmt":"2026-02-20T18:41:09","slug":"startseite","status":"publish","type":"page","link":"https:\/\/tc-kuenzell-dicker-turm.de\/","title":{"rendered":"Startseite"},"content":{"rendered":"\n<h2 class=\"wp-block-heading\"><\/h2>\n\n\n\n<p class=\"has-text-align-center\"><strong>HERZLICH WILLKOMMEN!<\/strong><br>\nauf der Homepage beim TC 1993 K\u00fcnzell-DICKER TURM e.V.<\/p>\n\n\n\n<p class=\"has-text-align-center has-blue-color has-text-color has-link-color wp-elements-e8c11762acedd657dd4952c3f32cbd12\"><a href=\"https:\/\/tc-kuenzell-dicker-turm.de\/?attachment_id=568\" rel=\"attachment wp-att-568\"><img loading=\"lazy\" decoding=\"async\" width=\"110\" height=\"127\" class=\"alignnone wp-image-568\" src=\"https:\/\/tc-kuenzell-dicker-turm.de\/wp-content\/uploads\/2014\/08\/clublogo1.jpg\" alt=\"\"><br><br><\/a><span style=\"color: #0000ff;\"><br><br>Liebe Vereinsmitglieder,<\/span><br> <span style=\"color: #0000ff;\">liebe Tennnisfreunde,<\/span><br> <span style=\"color: #0000ff;\"><br><\/span>Wir w\u00fcnschen unseren Mitgliedern und den Tennisfreunden<br>EIN GESUNDES und GL\u00dcCKLICHES JAHR 2026!<\/p>\n\n\n\n<p class=\"has-text-align-center has-blue-color has-text-color has-link-color wp-elements-2cca948e100244fb536b841789263442\">Bald startet die Freiluft-Saison.<br>F\u00fcr die Medenspiele 2026 haben wir 5 Jugend- und 8 Erwachsenenmannschaften gemeldet.<\/p>\n\n\n\n<p class=\"has-text-align-center has-blue-color has-text-color has-link-color wp-elements-18f6614788b49b1b40c4e283a37fa0a5\">Wir werden unsere Homepage zu den entsprechenden<br>Terminen aktualisieren.<span style=\"color: #0000ff;\"><\/span><span style=\"color: #0000ff;\"><br><\/span><\/p>\n\n\n\n<p class=\"has-text-align-center\"><span style=\"color: #ff0000;\"><strong>EUER VORSTAND<\/strong><\/span><\/p>\n\n\n\n<p class=\"has-text-align-center\">Lust auf Tennis? Suchst Du eine neue Herausforderung?<br>\nDann komm doch einfach zu uns. Unser Verein blickt auf viele erfolgreiche Jahre mit sportlichen H\u00f6hepunkten sowie gesellschaftlichen Ereignissen zur\u00fcck. N\u00e4heres gibt es auf den folgenden Seiten zu erfahren. Willkommen im Club!<br>\n(Mitgliedsbeitr\u00e4ge und Aufnahmeantrag unter \u201eUnser Verein \u2013 Mitgliedschaft\u201c)<\/p>\n","protected":false},"excerpt":{"rendered":"<p>HERZLICH WILLKOMMEN! auf der Homepage beim TC 1993 K\u00fcnzell-DICKER TURM e.V. Liebe Vereinsmitglieder, liebe Tennnisfreunde, Wir w\u00fcnschen unseren Mitgliedern und den TennisfreundenEIN GESUNDES und GL\u00dcCKLICHES JAHR 2026! Bald startet die Freiluft-Saison.F\u00fcr die Medenspiele 2026 haben wir 5 Jugend- und 8 &hellip; <a href=\"https:\/\/tc-kuenzell-dicker-turm.de\/\">Weiterlesen <span class=\"meta-nav\">&rarr;<\/span><\/a><\/p>\n","protected":false},"author":1,"featured_media":0,"parent":0,"menu_order":0,"comment_status":"closed","ping_status":"closed","template":"","meta":{"footnotes":""},"class_list":["post-723","page","type-page","status-publish","hentry"],"_links":{"self":[{"href":"https:\/\/tc-kuenzell-dicker-turm.de\/index.php\/wp-json\/wp\/v2\/pages\/723","targetHints":{"allow":["GET"]}}],"collection":[{"href":"https:\/\/tc-kuenzell-dicker-turm.de\/index.php\/wp-json\/wp\/v2\/pages"}],"about":[{"href":"https:\/\/tc-kuenzell-dicker-turm.de\/index.php\/wp-json\/wp\/v2\/types\/page"}],"author":[{"embeddable":true,"href":"https:\/\/tc-kuenzell-dicker-turm.de\/index.php\/wp-json\/wp\/v2\/users\/1"}],"replies":[{"embeddable":true,"href":"https:\/\/tc-kuenzell-dicker-turm.de\/index.php\/wp-json\/wp\/v2\/comments?post=723"}],"version-history":[{"count":0,"href":"https:\/\/tc-kuenzell-dicker-turm.de\/index.php\/wp-json\/wp\/v2\/pages\/723\/revisions"}],"wp:attachment":[{"href":"https:\/\/tc-kuenzell-dicker-turm.de\/index.php\/wp-json\/wp\/v2\/media?parent=723"}],"curies":[{"name":"wp","href":"https:\/\/api.w.org\/{rel}","templated":true}]}}