{"id":711,"date":"2014-08-03T21:57:13","date_gmt":"2014-08-03T19:57:13","guid":{"rendered":"http:\/\/tc-kuenzell-dicker-turm.de\/?page_id=711"},"modified":"2024-05-09T20:18:39","modified_gmt":"2024-05-09T18:18:39","slug":"platzordnung","status":"publish","type":"page","link":"https:\/\/tc-kuenzell-dicker-turm.de\/index.php\/platzordnung\/","title":{"rendered":"Platzordnung"},"content":{"rendered":"<p>&nbsp;<\/p>\n<p><span style=\"color: #ff0000;\"><strong>Bitte die Trainingszeiten f\u00fcr die Mannschaften und der Tennisschule <\/strong><\/span><span style=\"color: #ff0000;\"><strong>beachten! <br \/>Siehe Belegungsplan neben der Belegungstafel<\/strong><\/span><\/p>\n<p>Spielberechtigt sind alle <strong>aktiven Mitglieder<\/strong> mit einem Mitgliedsausweis sowie S<strong>pieler mit einer G\u00e4stekarte<\/strong> in Tennisbekleidung und Sportschuhen. Das Spielen mit freiem Oberk\u00f6rper ist nicht erlaubt.<\/p>\n<p><strong>Spielzeiten:<br \/><\/strong>Einzel\u00a0\u00a0 =\u00a0\u00a0\u00a0\u00a0 60 Minuten incl. Platzabziehen<br \/>Doppel\u00a0 =\u00a0 120 Minuten incl. Platzabziehen<\/p>\n<p><strong>Platzbelegung:<br \/><\/strong>Eine Belegung der Pl\u00e4tze ist nur m\u00f6glich, wenn mindestens ein Spieler der Paarung pers\u00f6nlich auf der Clubanlage anwesend ist und der Mitgliedsausweis jeweils zur vollen Stunde an der Belegungstafel angebracht wurde. Wird das Spiel nicht nach 10 Minuten der reservierten Stunde aufgenommen, weil z. B. der Partner fehlt oder keiner der Paarung sich pers\u00f6nlich auf der Clubanlage aufh\u00e4lt, so ist der Platz f\u00fcr andere spielberechtigte Mitglieder frei.<\/p>\n<p>Jedes aktive Mitglied hat das Recht, die Mitgliedsausweise aus der Belegungstafel zu entfernen, wenn der Besitzer des Mitgliedsausweises nicht oder nicht mehr anwesend ist. Diesen Mitgliedsausweis bitte am Tresen des Fitnessstudios abgeben.<\/p>\n<p><strong>Belegung Platz 3<\/strong>: Bei der Belegung von Platz 3 bitte beachten, dass dieser vorrangig von der Tennisschule genutzt wird. Siehe Belegungsplan!<\/p>\n<p>Jugendliche Mitglieder \/ Sch\u00fcler sollten vorrangig vor 18 Uhr spielen, damit die Berufst\u00e4tigen ausreichend Spielm\u00f6glichkeiten haben. Es spricht nichts dagegen, wenn beide Altersgruppen zusammen die Platznutzung absprechen.<\/p>\n<p>Bei starkem Andrang ist es sportlich fair, wenn wartende Spieler zu einem Doppel eingeladen werden. Diese Regelung kann jedem einmal zu Nutze kommen.<\/p>\n<p><strong>Gastspieler:<br \/><\/strong>Gastspieler haben die M\u00f6glichkeit die Pl\u00e4tze zu nutzen, wenn diese nicht durch Vereins-mitglieder belegt sind. Vereinsmitglieder haben generell Vorrang, sofern diese p\u00fcnktlich zur vollen Stunde erschienen sind.<br \/>Die <strong>Gastspielgeb\u00fchr <\/strong>betr\u00e4gt\u00a0<strong>10,00 EUR pro Spieler je Stunde<\/strong>.<\/p>\n<p>Die Geb\u00fchr ist vor Spielbeginn am Tresen des Fitnessstudios zu entrichten. Hier wird die G\u00e4stekarte ausgeh\u00e4ndigt, die zwingend in die Belegungstafel zu der bezahlten Stunde und dem freien Platz einzuh\u00e4ngen ist.<\/p>\n<p><strong>Passive Mitglieder:<br \/><\/strong>Passive Mitglieder haben entsprechend der Vereinssatzung keine Spielberechtigung, auch nicht als Gastspieler.<\/p>\n<p>Jedes Vereinsmitglied ist berechtigt und angehalten, dass diese Spielordnung von allen spielberechtigten Spielern eingehalten, die Anlage ordnungsgem\u00e4\u00df genutzt und hinterlassen wird.<\/p>\n<p>Der Vorstand bittet im Namen aller Mitglieder um Verst\u00e4ndnis f\u00fcr diese Platzordnung, da nur auf diese Weise ein geordneter Spielbetrieb f\u00fcr alle Spieler gew\u00e4hrleistet ist.<strong>\u00a0<\/strong><\/p>\n<p>DER VORSTAND\u00a0\u00a0\u00a0\u00a0\u00a0\u00a0\u00a0\u00a0\u00a0\u00a0\u00a0\u00a0\u00a0\u00a0\u00a0\u00a0\u00a0\u00a0\u00a0\u00a0\u00a0\u00a0\u00a0\u00a0\u00a0\u00a0\u00a0\u00a0\u00a0\u00a0\u00a0\u00a0\u00a0\u00a0\u00a0\u00a0\u00a0\u00a0\u00a0\u00a0\u00a0\u00a0\u00a0\u00a0\u00a0\u00a0\u00a0\u00a0\u00a0\u00a0\u00a0\u00a0\u00a0\u00a0\u00a0\u00a0\u00a0 \u00a0 \u00a0 \u00a0\u00a0 \u00a0\u00a0\u00a0\u00a0\u00a0\u00a0\u00a0\u00a0\u00a0\u00a0\u00a0\u00a0\u00a0 Stand: M\u00e4rz 2021<\/p>\n\n\n<p><\/p>\n\n\n\n<figure class=\"wp-block-gallery has-nested-images columns-default is-cropped wp-block-gallery-1 is-layout-flex wp-block-gallery-is-layout-flex\"><\/figure>\n\n\n\n<figure class=\"wp-block-gallery has-nested-images columns-default is-cropped wp-block-gallery-2 is-layout-flex wp-block-gallery-is-layout-flex\"><\/figure>\n\n\n\n\n\n\n\n\n","protected":false},"excerpt":{"rendered":"<p>&nbsp; Bitte die Trainingszeiten f\u00fcr die Mannschaften und der Tennisschule beachten! Siehe Belegungsplan neben der Belegungstafel Spielberechtigt sind alle aktiven Mitglieder mit einem Mitgliedsausweis sowie Spieler mit einer G\u00e4stekarte in Tennisbekleidung und Sportschuhen. Das Spielen mit freiem Oberk\u00f6rper ist nicht &hellip; <a href=\"https:\/\/tc-kuenzell-dicker-turm.de\/index.php\/platzordnung\/\">Weiterlesen <span class=\"meta-nav\">&rarr;<\/span><\/a><\/p>\n","protected":false},"author":1,"featured_media":0,"parent":0,"menu_order":0,"comment_status":"closed","ping_status":"closed","template":"","meta":{"footnotes":""},"class_list":["post-711","page","type-page","status-publish","hentry"],"_links":{"self":[{"href":"https:\/\/tc-kuenzell-dicker-turm.de\/index.php\/wp-json\/wp\/v2\/pages\/711","targetHints":{"allow":["GET"]}}],"collection":[{"href":"https:\/\/tc-kuenzell-dicker-turm.de\/index.php\/wp-json\/wp\/v2\/pages"}],"about":[{"href":"https:\/\/tc-kuenzell-dicker-turm.de\/index.php\/wp-json\/wp\/v2\/types\/page"}],"author":[{"embeddable":true,"href":"https:\/\/tc-kuenzell-dicker-turm.de\/index.php\/wp-json\/wp\/v2\/users\/1"}],"replies":[{"embeddable":true,"href":"https:\/\/tc-kuenzell-dicker-turm.de\/index.php\/wp-json\/wp\/v2\/comments?post=711"}],"version-history":[{"count":0,"href":"https:\/\/tc-kuenzell-dicker-turm.de\/index.php\/wp-json\/wp\/v2\/pages\/711\/revisions"}],"wp:attachment":[{"href":"https:\/\/tc-kuenzell-dicker-turm.de\/index.php\/wp-json\/wp\/v2\/media?parent=711"}],"curies":[{"name":"wp","href":"https:\/\/api.w.org\/{rel}","templated":true}]}}