{"id":701,"date":"2014-08-03T21:52:28","date_gmt":"2014-08-03T19:52:28","guid":{"rendered":"http:\/\/tc-kuenzell-dicker-turm.de\/?page_id=701"},"modified":"2025-07-07T11:40:58","modified_gmt":"2025-07-07T09:40:58","slug":"team-tennis-2014","status":"publish","type":"page","link":"https:\/\/tc-kuenzell-dicker-turm.de\/index.php\/team-tennis-2014\/","title":{"rendered":"Team-Tennis"},"content":{"rendered":"<p><strong><span style=\"color: #ff0000;\">Team-Tennis 2025<\/span><br \/>\n<\/strong>LINK zu den aktuellen Spielterminen<strong>:<br \/>\n<\/strong><strong><a href=\"https:\/\/htv.liga.nu\/cgi-bin\/WebObjects\/nuLigaTENDE.woa\/wa\/clubMeetings?club=24793\">https:\/\/htv.liga.nu\/cgi-bin\/WebObjects\/nuLigaTENDE.woa<\/a><\/strong><strong><a href=\"https:\/\/htv.liga.nu\/cgi-bin\/WebObjects\/nuLigaTENDE.woa\/wa\/clubMeetings?club=24793\">\/wa\/clubMeetings?club=24793<\/a><\/strong><\/p>\n<h2><span style=\"color: #008000;\"><strong>HTV &#8211; Der gr\u00fcne Verband<\/strong><\/span><\/h2>\n<p><strong><img loading=\"lazy\" decoding=\"async\" class=\"\" src=\"https:\/\/www.htv-tennis.de\/assets\/images\/punktspiele\/2021\/Wettspielball_Tour.png\" alt=\"\" width=\"225\" height=\"225\" \/> \u00a0 <img loading=\"lazy\" decoding=\"async\" class=\"\" src=\"https:\/\/www.htv-tennis.de\/assets\/images\/punktspiele\/2021\/Wettspielball_Sammelbox.png\" alt=\"\" width=\"225\" height=\"225\" \/><\/strong><br \/>\n<span style=\"color: #339966;\"><strong>W<\/strong>ilson HTV Tour 4er Dose\u00a0\u00a0\u00a0\u00a0\u00a0\u00a0\u00a0\u00a0\u00a0\u00a0\u00a0\u00a0\u00a0\u00a0\u00a0\u00a0 Sammelbox f\u00fcr gebrauchte B\u00e4lle<\/span><\/p>\n<h1><strong><span style=\"color: #008000;\"><a style=\"color: #008000;\" href=\"https:\/\/www.htv-tennis.de\/wettspielball.php\">Wettspielball\u00a0\u00a0\u00a0\u00a0\u00a0<\/a><\/span><\/strong>offizieller Spielball f\u00fcr Wettk\u00e4mpfe in Hessen<\/h1>\n<div class=\"row\">\n<div class=\"w3-col l9 m12 s12\">\n<p><strong>Offizielle Wettspielb\u00e4lle des Hessischen Tennis-Verbandes sind der HTV Tour sowie der HTV Triniti Pro 2.0 von Wilson. Der regul\u00e4re Preis f\u00fcr die handels\u00fcbliche <span style=\"color: #008000;\">4er-Dose<\/span> betr\u00e4gt<\/strong> <span style=\"color: #339966;\"><span style=\"color: #000000;\"><strong>12,00 \u20ac inkl. MwSt.<\/strong>\u00a0<\/span> <\/span><br \/>\n<strong>Als registrierter Partnerverein kann die Balldose bei uns <span style=\"color: #008000;\">zum Preis von 12,00 EURO<\/span>\u00a0 erworben werden.<br \/>\n<\/strong><strong>Die <span style=\"color: #008000;\">NEUEN B\u00c4LLE<\/span> bekommst Du am Tresen vom Fitnessstudio.<\/strong><\/p>\n<\/div>\n<\/div>\n<p><span style=\"color: #ff0000;\"><strong>Wir, der Verein\u00a0 &#8211;<\/strong><strong>\u00a0 <\/strong><strong>TC 1993 K\u00fcnzell-DICKER TURM e.V.<\/strong><strong><br \/>\n<\/strong><strong>verkaufen Dir gerne den <\/strong><strong><u>neuen Wettspielball von Wilson<\/u><\/strong><strong>.<br \/>\n<\/strong><span style=\"color: #000000;\"><strong>Die Einnahmen gehen zu 100 % in die Vereinskasse.<br \/>\n<\/strong><strong>Der Vorstand freut sich, Dir dieses <\/strong><\/span><strong><span style=\"color: #000000;\">Angebot machen zu k\u00f6nnen.<\/span><br \/>\n<\/strong><\/span><span style=\"color: #ff0000;\"><strong>Viel Spa\u00df und Erfolg beim Spiel.<\/strong><\/span><\/p>\n<div><\/div>\n<div><\/div>\n<p><strong>\u00a0<\/strong><\/p>\n<table style=\"height: 3976px;\" width=\"582\">\n<tbody>\n<tr>\n<td colspan=\"4\" width=\"475\"><\/td>\n<td width=\"189\"><\/td>\n<td width=\"62\"><\/td>\n<\/tr>\n<tr>\n<td><\/td>\n<td><\/td>\n<td><\/td>\n<td><\/td>\n<td><\/td>\n<td>.<\/td>\n<\/tr>\n<tr>\n<td colspan=\"2\" width=\"152\"><\/td>\n<td width=\"137\"><\/td>\n<td width=\"186\"><\/td>\n<td width=\"189\"><\/td>\n<td width=\"62\"><\/td>\n<\/tr>\n<tr>\n<td width=\"28\"><\/td>\n<td><\/td>\n<td><\/td>\n<td><\/td>\n<td><\/td>\n<td width=\"62\"><\/td>\n<\/tr>\n<tr>\n<td width=\"28\"><\/td>\n<td width=\"124\"><\/td>\n<td><\/td>\n<td><\/td>\n<td><\/td>\n<td width=\"62\"><\/td>\n<\/tr>\n<tr>\n<td width=\"28\"><\/td>\n<td><\/td>\n<td><\/td>\n<td><\/td>\n<td><\/td>\n<td width=\"62\"><\/td>\n<\/tr>\n<tr>\n<td width=\"28\"><\/td>\n<td><\/td>\n<td><\/td>\n<td><\/td>\n<td><\/td>\n<td width=\"62\"><\/td>\n<\/tr>\n<tr>\n<td width=\"28\"><\/td>\n<td width=\"124\"><\/td>\n<td><\/td>\n<td><\/td>\n<td><\/td>\n<td width=\"62\"><\/td>\n<\/tr>\n<tr>\n<td width=\"28\"><\/td>\n<td width=\"124\"><\/td>\n<td><\/td>\n<td><\/td>\n<td><\/td>\n<td width=\"62\"><\/td>\n<\/tr>\n<tr>\n<td width=\"28\"><\/td>\n<td><\/td>\n<td><\/td>\n<td width=\"186\"><\/td>\n<td><\/td>\n<td width=\"62\"><\/td>\n<\/tr>\n<tr>\n<td width=\"28\"><\/td>\n<td width=\"124\"><\/td>\n<td><\/td>\n<td><\/td>\n<td><\/td>\n<td width=\"62\"><\/td>\n<\/tr>\n<tr>\n<td width=\"28\"><\/td>\n<td width=\"124\"><\/td>\n<td><\/td>\n<td><\/td>\n<td><\/td>\n<td width=\"62\"><\/td>\n<\/tr>\n<tr>\n<td width=\"28\"><\/td>\n<td><\/td>\n<td><\/td>\n<td><\/td>\n<td><\/td>\n<td width=\"62\"><\/td>\n<\/tr>\n<tr>\n<td width=\"28\"><\/td>\n<td width=\"124\"><\/td>\n<td><\/td>\n<td><\/td>\n<td><\/td>\n<td width=\"62\"><\/td>\n<\/tr>\n<tr>\n<td width=\"28\"><\/td>\n<td><\/td>\n<td><\/td>\n<td><\/td>\n<td><\/td>\n<td width=\"62\"><\/td>\n<\/tr>\n<tr>\n<td width=\"28\"><\/td>\n<td width=\"124\"><\/td>\n<td><\/td>\n<td><\/td>\n<td><\/td>\n<td width=\"62\"><\/td>\n<\/tr>\n<tr>\n<td width=\"28\"><\/td>\n<td><\/td>\n<td><\/td>\n<td><\/td>\n<td><\/td>\n<td width=\"62\"><\/td>\n<\/tr>\n<tr>\n<td width=\"28\"><\/td>\n<td width=\"124\"><\/td>\n<td><\/td>\n<td><\/td>\n<td><\/td>\n<td width=\"62\"><\/td>\n<\/tr>\n<tr>\n<td width=\"28\"><\/td>\n<td><\/td>\n<td><\/td>\n<td><\/td>\n<td><\/td>\n<td width=\"62\"><\/td>\n<\/tr>\n<tr>\n<td width=\"28\"><\/td>\n<td width=\"124\"><\/td>\n<td><\/td>\n<td><\/td>\n<td><\/td>\n<td width=\"62\"><\/td>\n<\/tr>\n<tr>\n<td width=\"28\"><\/td>\n<td width=\"124\"><\/td>\n<td><\/td>\n<td width=\"186\"><\/td>\n<td><\/td>\n<td width=\"62\"><\/td>\n<\/tr>\n<tr>\n<td width=\"28\"><\/td>\n<td><\/td>\n<td><\/td>\n<td><\/td>\n<td><\/td>\n<td width=\"62\"><\/td>\n<\/tr>\n<tr>\n<td width=\"28\"><\/td>\n<td width=\"124\"><\/td>\n<td><\/td>\n<td><\/td>\n<td><\/td>\n<td width=\"62\"><\/td>\n<\/tr>\n<tr>\n<td width=\"28\"><\/td>\n<td><\/td>\n<td><\/td>\n<td><\/td>\n<td><\/td>\n<td width=\"62\"><\/td>\n<\/tr>\n<tr>\n<td width=\"28\"><\/td>\n<td width=\"124\"><\/td>\n<td><\/td>\n<td><\/td>\n<td><\/td>\n<td width=\"62\"><\/td>\n<\/tr>\n<tr>\n<td width=\"28\"><\/td>\n<td width=\"124\"><\/td>\n<td><\/td>\n<td><\/td>\n<td><\/td>\n<td width=\"62\"><\/td>\n<\/tr>\n<tr>\n<td width=\"28\"><\/td>\n<td width=\"124\"><\/td>\n<td><\/td>\n<td width=\"186\"><\/td>\n<td><\/td>\n<td width=\"62\"><\/td>\n<\/tr>\n<tr>\n<td width=\"28\"><\/td>\n<td><\/td>\n<td><\/td>\n<td><\/td>\n<td><\/td>\n<td width=\"62\"><\/td>\n<\/tr>\n<tr>\n<td width=\"28\"><\/td>\n<td><\/td>\n<td><\/td>\n<td><\/td>\n<td><\/td>\n<td width=\"62\"><\/td>\n<\/tr>\n<tr>\n<td width=\"28\"><\/td>\n<td width=\"124\"><\/td>\n<td><\/td>\n<td><\/td>\n<td><\/td>\n<td width=\"62\"><\/td>\n<\/tr>\n<tr>\n<td width=\"28\"><\/td>\n<td><\/td>\n<td><\/td>\n<td><\/td>\n<td><\/td>\n<td width=\"62\"><\/td>\n<\/tr>\n<tr>\n<td width=\"28\"><\/td>\n<td width=\"124\"><\/td>\n<td><\/td>\n<td><\/td>\n<td><\/td>\n<td width=\"62\"><\/td>\n<\/tr>\n<tr>\n<td width=\"28\"><\/td>\n<td width=\"124\"><\/td>\n<td><\/td>\n<td><\/td>\n<td><\/td>\n<td width=\"62\"><\/td>\n<\/tr>\n<tr>\n<td width=\"28\"><\/td>\n<td><\/td>\n<td><\/td>\n<td><\/td>\n<td><\/td>\n<td width=\"62\"><\/td>\n<\/tr>\n<tr>\n<td width=\"28\"><\/td>\n<td width=\"124\"><\/td>\n<td><\/td>\n<td><\/td>\n<td><\/td>\n<td width=\"62\"><\/td>\n<\/tr>\n<tr>\n<td width=\"28\"><\/td>\n<td width=\"124\"><\/td>\n<td><\/td>\n<td><\/td>\n<td><\/td>\n<td width=\"62\"><\/td>\n<\/tr>\n<tr>\n<td width=\"28\"><\/td>\n<td><\/td>\n<td><\/td>\n<td><\/td>\n<td><\/td>\n<td width=\"62\"><\/td>\n<\/tr>\n<tr>\n<td width=\"28\"><\/td>\n<td><\/td>\n<td><\/td>\n<td><\/td>\n<td><\/td>\n<td width=\"62\"><\/td>\n<\/tr>\n<tr>\n<td width=\"28\"><\/td>\n<td width=\"124\"><\/td>\n<td><\/td>\n<td><\/td>\n<td><\/td>\n<td width=\"62\"><\/td>\n<\/tr>\n<tr>\n<td width=\"28\"><\/td>\n<td><\/td>\n<td><\/td>\n<td><\/td>\n<td><\/td>\n<td width=\"62\"><\/td>\n<\/tr>\n<tr>\n<td width=\"28\"><\/td>\n<td width=\"124\"><\/td>\n<td><\/td>\n<td><\/td>\n<td><\/td>\n<td width=\"62\"><\/td>\n<\/tr>\n<tr>\n<td width=\"28\"><\/td>\n<td width=\"124\"><\/td>\n<td><\/td>\n<td><\/td>\n<td><\/td>\n<td width=\"62\"><\/td>\n<\/tr>\n<tr>\n<td width=\"28\"><\/td>\n<td><\/td>\n<td><\/td>\n<td><\/td>\n<td><\/td>\n<td width=\"62\"><\/td>\n<\/tr>\n<tr>\n<td width=\"28\"><\/td>\n<td width=\"124\"><\/td>\n<td><\/td>\n<td width=\"186\"><\/td>\n<td><\/td>\n<td width=\"62\"><\/td>\n<\/tr>\n<tr>\n<td width=\"28\"><\/td>\n<td width=\"124\"><\/td>\n<td><\/td>\n<td width=\"186\"><\/td>\n<td><\/td>\n<td width=\"62\"><\/td>\n<\/tr>\n<tr>\n<td width=\"28\"><\/td>\n<\/tr>\n<tr>\n<td width=\"28\"><\/td>\n<td width=\"124\"><\/td>\n<td><\/td>\n<td><\/td>\n<td><\/td>\n<td width=\"62\"><\/td>\n<\/tr>\n<tr>\n<td width=\"28\"><\/td>\n<td width=\"124\"><\/td>\n<td><\/td>\n<td><\/td>\n<td><\/td>\n<td width=\"62\"><\/td>\n<\/tr>\n<tr>\n<td width=\"28\"><\/td>\n<td><\/td>\n<td><\/td>\n<td><\/td>\n<td><\/td>\n<td width=\"62\"><\/td>\n<\/tr>\n<tr>\n<td width=\"28\"><\/td>\n<td width=\"124\"><\/td>\n<td><\/td>\n<td><\/td>\n<td><\/td>\n<td width=\"62\"><\/td>\n<\/tr>\n<tr>\n<td width=\"28\"><\/td>\n<td><\/td>\n<td><\/td>\n<td><\/td>\n<td><\/td>\n<td width=\"62\"><\/td>\n<\/tr>\n<tr>\n<td width=\"28\"><\/td>\n<td width=\"124\"><\/td>\n<td><\/td>\n<td><\/td>\n<td><\/td>\n<td width=\"62\"><\/td>\n<\/tr>\n<tr>\n<td width=\"28\"><\/td>\n<td><\/td>\n<td><\/td>\n<td><\/td>\n<td><\/td>\n<td width=\"62\"><\/td>\n<\/tr>\n<tr>\n<td width=\"28\"><\/td>\n<td width=\"124\"><\/td>\n<td><\/td>\n<td><\/td>\n<td><\/td>\n<td width=\"62\"><\/td>\n<\/tr>\n<tr>\n<td width=\"28\"><\/td>\n<td><\/td>\n<td><\/td>\n<td><\/td>\n<td><\/td>\n<td width=\"62\"><\/td>\n<\/tr>\n<tr>\n<td width=\"28\"><\/td>\n<td width=\"124\"><\/td>\n<td><\/td>\n<td><\/td>\n<td width=\"189\"><\/td>\n<td width=\"62\"><\/td>\n<\/tr>\n<tr>\n<td width=\"28\"><\/td>\n<td><\/td>\n<td><\/td>\n<td><\/td>\n<td><\/td>\n<td width=\"62\"><\/td>\n<\/tr>\n<tr>\n<td width=\"28\"><\/td>\n<td width=\"124\"><\/td>\n<td><\/td>\n<td><\/td>\n<td><\/td>\n<td width=\"62\"><\/td>\n<\/tr>\n<tr>\n<td width=\"28\"><\/td>\n<td width=\"124\"><\/td>\n<td><\/td>\n<td><\/td>\n<td><\/td>\n<td width=\"62\"><\/td>\n<\/tr>\n<tr>\n<td width=\"28\"><\/td>\n<td><\/td>\n<td><\/td>\n<td><\/td>\n<td><\/td>\n<td width=\"62\"><\/td>\n<\/tr>\n<tr>\n<td width=\"28\"><\/td>\n<td width=\"124\"><\/td>\n<td><\/td>\n<td><\/td>\n<td><\/td>\n<td width=\"62\"><\/td>\n<\/tr>\n<tr>\n<td width=\"28\"><\/td>\n<td width=\"124\"><\/td>\n<td><\/td>\n<td><\/td>\n<td><\/td>\n<td width=\"62\"><\/td>\n<\/tr>\n<tr>\n<td width=\"28\"><\/td>\n<td width=\"124\"><\/td>\n<td><\/td>\n<td><\/td>\n<td><\/td>\n<td width=\"62\"><\/td>\n<\/tr>\n<tr>\n<td width=\"28\"><\/td>\n<td><\/td>\n<td><\/td>\n<td><\/td>\n<td><\/td>\n<td width=\"62\"><\/td>\n<\/tr>\n<tr>\n<td width=\"28\"><\/td>\n<td><\/td>\n<td><\/td>\n<td><\/td>\n<td><\/td>\n<td width=\"62\"><\/td>\n<\/tr>\n<tr>\n<td width=\"28\"><\/td>\n<td width=\"124\"><\/td>\n<td><\/td>\n<td><\/td>\n<td><\/td>\n<td width=\"62\"><\/td>\n<\/tr>\n<tr>\n<td width=\"28\"><\/td>\n<td width=\"124\"><\/td>\n<td><\/td>\n<td><\/td>\n<td><\/td>\n<td width=\"62\"><\/td>\n<\/tr>\n<tr>\n<td width=\"28\"><\/td>\n<td><\/td>\n<td><\/td>\n<td><\/td>\n<td><\/td>\n<td width=\"62\"><\/td>\n<\/tr>\n<tr>\n<td width=\"28\"><\/td>\n<td width=\"124\"><\/td>\n<td><\/td>\n<td><\/td>\n<td><\/td>\n<td width=\"62\"><\/td>\n<\/tr>\n<tr>\n<td width=\"28\"><\/td>\n<td width=\"124\"><\/td>\n<td><\/td>\n<td width=\"186\"><\/td>\n<td><\/td>\n<td width=\"62\"><\/td>\n<\/tr>\n<tr>\n<td width=\"28\"><\/td>\n<td><\/td>\n<td><\/td>\n<td><\/td>\n<td><\/td>\n<td width=\"62\"><\/td>\n<\/tr>\n<tr>\n<td width=\"28\"><\/td>\n<td width=\"124\"><\/td>\n<td><\/td>\n<td><\/td>\n<td><\/td>\n<td width=\"62\"><\/td>\n<\/tr>\n<tr>\n<td width=\"28\"><\/td>\n<td><\/td>\n<td><\/td>\n<td><\/td>\n<td><\/td>\n<td><\/td>\n<\/tr>\n<\/tbody>\n<\/table>\n","protected":false},"excerpt":{"rendered":"<p>Team-Tennis 2025 LINK zu den aktuellen Spielterminen: https:\/\/htv.liga.nu\/cgi-bin\/WebObjects\/nuLigaTENDE.woa\/wa\/clubMeetings?club=24793 HTV &#8211; Der gr\u00fcne Verband \u00a0 Wilson HTV Tour 4er Dose\u00a0\u00a0\u00a0\u00a0\u00a0\u00a0\u00a0\u00a0\u00a0\u00a0\u00a0\u00a0\u00a0\u00a0\u00a0\u00a0 Sammelbox f\u00fcr gebrauchte B\u00e4lle Wettspielball\u00a0\u00a0\u00a0\u00a0\u00a0offizieller Spielball f\u00fcr Wettk\u00e4mpfe in Hessen Offizielle Wettspielb\u00e4lle des Hessischen Tennis-Verbandes sind der HTV Tour sowie der &hellip; <a href=\"https:\/\/tc-kuenzell-dicker-turm.de\/index.php\/team-tennis-2014\/\">Weiterlesen <span class=\"meta-nav\">&rarr;<\/span><\/a><\/p>\n","protected":false},"author":1,"featured_media":0,"parent":0,"menu_order":0,"comment_status":"closed","ping_status":"closed","template":"","meta":{"footnotes":""},"class_list":["post-701","page","type-page","status-publish","hentry"],"_links":{"self":[{"href":"https:\/\/tc-kuenzell-dicker-turm.de\/index.php\/wp-json\/wp\/v2\/pages\/701","targetHints":{"allow":["GET"]}}],"collection":[{"href":"https:\/\/tc-kuenzell-dicker-turm.de\/index.php\/wp-json\/wp\/v2\/pages"}],"about":[{"href":"https:\/\/tc-kuenzell-dicker-turm.de\/index.php\/wp-json\/wp\/v2\/types\/page"}],"author":[{"embeddable":true,"href":"https:\/\/tc-kuenzell-dicker-turm.de\/index.php\/wp-json\/wp\/v2\/users\/1"}],"replies":[{"embeddable":true,"href":"https:\/\/tc-kuenzell-dicker-turm.de\/index.php\/wp-json\/wp\/v2\/comments?post=701"}],"version-history":[{"count":0,"href":"https:\/\/tc-kuenzell-dicker-turm.de\/index.php\/wp-json\/wp\/v2\/pages\/701\/revisions"}],"wp:attachment":[{"href":"https:\/\/tc-kuenzell-dicker-turm.de\/index.php\/wp-json\/wp\/v2\/media?parent=701"}],"curies":[{"name":"wp","href":"https:\/\/api.w.org\/{rel}","templated":true}]}}