{"id":4401,"date":"2022-05-31T15:47:47","date_gmt":"2022-05-31T13:47:47","guid":{"rendered":"https:\/\/tc-kuenzell-dicker-turm.de\/?page_id=4401"},"modified":"2025-01-03T16:24:42","modified_gmt":"2025-01-03T15:24:42","slug":"kindeswohl-im-verein","status":"publish","type":"page","link":"https:\/\/tc-kuenzell-dicker-turm.de\/index.php\/kindeswohl-im-verein\/","title":{"rendered":"Kindeswohl im Verein"},"content":{"rendered":"\n\n\n<h2 class=\"wp-block-heading\">==&gt; VORBEUGEN &#8211; HINSEHEN &#8211; HANDELN<\/h2>\n\n\n\n<p><strong>Anlaufstelle f\u00fcr Kinder und Jugendliche schaffen!<\/strong><\/p>\n\n\n\n<p><strong>Ansprechpartner im Verein TC 1993 K\u00fcnzell-DICKER TURM e.V.:<br>Ulrike Kern und Sven K\u00e4mpfe<\/strong><\/p>\n\n\n\n<p>Kindeswohl im Verein ist ein sehr ernstzunehmendes Thema, dem bisher leider zu wenig Beachtung geschenkt wurde. Aus diesem Grund ist es so wichtig, die Aufkl\u00e4rungsarbeit zu diesem Thema in den Vereinen voranzutreiben.<br>Ziel insbesonders: eine Anlaufstelle f\u00fcr Kinder und Jugendliche in jedem Verein.<\/p>\n\n\n\n<p>Es geht um nichts weniger als den Kinderschutz im Verein und um m\u00f6gliche Umsetzungsma\u00dfnahmen mit dem Ziel, unsere J\u00fcngsten in sportlichen Einrichtungen zu sch\u00fctzen. Das Kindeswohl umfasst das gesamte, k\u00f6rperliche und psychische Wohlergehen eines Kindes oder Jugendlichen sowie seine gesunde Entwicklung. Der Landessportbund Hessen und die Sportjugend Hessen halten alle Sportvereine dazu an, ein gemeinsames Verst\u00e4ndnis zu entwickeln und den Kinderschutz im hessischen Sport zu verankern.<\/p>\n\n\n\n<p>Von Bedeutung ist es dabei, Vereine, Sportkreise und Verb\u00e4nde zu sensibilisieren, Probleme wahrzunehmen und sich diesen zu stellen. Alle sportlichen Institutionen sind angehalten, nicht wegzuschauen, sondern hinzusehen und zu handeln. Wichtig ist, dass innerhalb der Vereine informativ und aufkl\u00e4rend mit dem Thema umgegangen und eine Ansprechperson bestimmt wird, die sich dieser wichtigen Aufgabe annimmt. Die Sportjugend Hessen macht dazu konkrete Angaben, wie Vereine den Kinderschutz im Verein f\u00f6rdern k\u00f6nnen:<\/p>\n\n\n\n<ul class=\"wp-block-list\">\n<li>der Vorstand nimmt das Thema auf und findet eine geeignete Ansprechperson f\u00fcr betroffene Kinder und Jugendliche (innerhalb oder au\u00dferhalb des Vorstands)<\/li>\n\n\n\n<li>diese Person nimmt an einer Qualifizierungsma\u00dfnahme teil und ist im Verein bekannt<\/li>\n\n\n\n<li>alle \u00dcbungsleiter, Trainer, Betreuer werden in die Verantwortung miteingebunden (Unterzeichnung eines Verhaltenskodexes, die Verabschiedung vereinsinterner Verhaltensregeln sowie die vereinsinterne oder der Besuch externer Fortbildung(en)<\/li>\n\n\n\n<li>der Vorstand bestimmt, f\u00fcr wen und welche T\u00e4tigkeitsbereiche ein erweitertes F\u00fchrungszeugnis einzuholen ist<\/li>\n\n\n\n<li>bestenfalls wird der Kinderschutz in die Satzung aufgenommen<\/li>\n<\/ul>\n\n\n\n<p>Wir empfehlen Vereinen, allen ehren- und hauptamtlichen Personen, die im Kinder- und Jugendbereich t\u00e4tig sind und dementsprechend einen regelm\u00e4\u00dfigen Kontakt zu diesen haben, den Verhaltenskodex vorzulegen und unterzeichnen zu lassen. Die folgenden Verhaltensregeln zeigen den korrekten Umgang mit dieser Altersgruppe auf und sch\u00fctzen sowohl Kinder und Jugendliche als auch die verantwortlichen Vereinsmitarbeiter. Zus\u00e4tzlich folgt eine Mustervorlage f\u00fcr einen Vorstandsbeschluss.<\/p>\n\n\n\n<p><em>Weitere Informationen auf der Seite des HTV &#8211; Hessischer Tennis-Verband<\/em><\/p>\n\n\n\n<p><\/p>\n\n\n\n<p><\/p>\n\n\n\n<p><\/p>\n\n\n\n<p><\/p>\n","protected":false},"excerpt":{"rendered":"<p>==&gt; VORBEUGEN &#8211; HINSEHEN &#8211; HANDELN Anlaufstelle f\u00fcr Kinder und Jugendliche schaffen! Ansprechpartner im Verein TC 1993 K\u00fcnzell-DICKER TURM e.V.:Ulrike Kern und Sven K\u00e4mpfe Kindeswohl im Verein ist ein sehr ernstzunehmendes Thema, dem bisher leider zu wenig Beachtung geschenkt wurde. &hellip; <a href=\"https:\/\/tc-kuenzell-dicker-turm.de\/index.php\/kindeswohl-im-verein\/\">Weiterlesen <span class=\"meta-nav\">&rarr;<\/span><\/a><\/p>\n","protected":false},"author":1,"featured_media":0,"parent":0,"menu_order":0,"comment_status":"closed","ping_status":"closed","template":"","meta":{"footnotes":""},"class_list":["post-4401","page","type-page","status-publish","hentry"],"_links":{"self":[{"href":"https:\/\/tc-kuenzell-dicker-turm.de\/index.php\/wp-json\/wp\/v2\/pages\/4401","targetHints":{"allow":["GET"]}}],"collection":[{"href":"https:\/\/tc-kuenzell-dicker-turm.de\/index.php\/wp-json\/wp\/v2\/pages"}],"about":[{"href":"https:\/\/tc-kuenzell-dicker-turm.de\/index.php\/wp-json\/wp\/v2\/types\/page"}],"author":[{"embeddable":true,"href":"https:\/\/tc-kuenzell-dicker-turm.de\/index.php\/wp-json\/wp\/v2\/users\/1"}],"replies":[{"embeddable":true,"href":"https:\/\/tc-kuenzell-dicker-turm.de\/index.php\/wp-json\/wp\/v2\/comments?post=4401"}],"version-history":[{"count":0,"href":"https:\/\/tc-kuenzell-dicker-turm.de\/index.php\/wp-json\/wp\/v2\/pages\/4401\/revisions"}],"wp:attachment":[{"href":"https:\/\/tc-kuenzell-dicker-turm.de\/index.php\/wp-json\/wp\/v2\/media?parent=4401"}],"curies":[{"name":"wp","href":"https:\/\/api.w.org\/{rel}","templated":true}]}}