{"id":4118,"date":"2021-10-09T18:50:34","date_gmt":"2021-10-09T16:50:34","guid":{"rendered":"https:\/\/tc-kuenzell-dicker-turm.de\/?page_id=4118"},"modified":"2025-01-20T19:48:27","modified_gmt":"2025-01-20T18:48:27","slug":"ehrenmitglieder","status":"publish","type":"page","link":"https:\/\/tc-kuenzell-dicker-turm.de\/index.php\/ehrenmitglieder\/","title":{"rendered":"Ehrenmitglieder des Vereins"},"content":{"rendered":"\n<p><strong>Verdiente Mitglieder um den Verein haben die Ehrenmitgliedschaft erhalten<\/strong><\/p>\n\n\n\n<p class=\"has-medium-font-size\"><strong>Manfred Jahn<\/strong> <\/p>\n\n\n\n<figure class=\"wp-block-image size-large is-resized\"><a href=\"http:\/\/tc-kuenzell-dicker-turm.de\/wp-content\/uploads\/2024\/05\/IMG_7003-Kopie.jpg\"><img loading=\"lazy\" decoding=\"async\" width=\"928\" height=\"1024\" src=\"http:\/\/tc-kuenzell-dicker-turm.de\/wp-content\/uploads\/2024\/05\/IMG_7003-Kopie-928x1024.jpg\" alt=\"\" class=\"wp-image-5177\" style=\"width:418px;height:auto\" srcset=\"https:\/\/tc-kuenzell-dicker-turm.de\/wp-content\/uploads\/2024\/05\/IMG_7003-Kopie-928x1024.jpg 928w, https:\/\/tc-kuenzell-dicker-turm.de\/wp-content\/uploads\/2024\/05\/IMG_7003-Kopie-272x300.jpg 272w, https:\/\/tc-kuenzell-dicker-turm.de\/wp-content\/uploads\/2024\/05\/IMG_7003-Kopie-768x847.jpg 768w, https:\/\/tc-kuenzell-dicker-turm.de\/wp-content\/uploads\/2024\/05\/IMG_7003-Kopie-1392x1536.jpg 1392w, https:\/\/tc-kuenzell-dicker-turm.de\/wp-content\/uploads\/2024\/05\/IMG_7003-Kopie.jpg 1725w\" sizes=\"auto, (max-width: 928px) 100vw, 928px\" \/><\/a><\/figure>\n\n\n\n<p><strong>Manfred Jahn<\/strong> wurde am 15. Mai 2024 zum 4. Ehrenmitglied des Tennisclubs ernannt. Die Ehrenmitgliedschaft erhielt er f\u00fcr seine jahrelangen Verdienste um den Verein. Die stv. Vereinsvorsitzende, Antje Harsdorff-Kalimeris, \u00fcberreichte die Ehren-Urkunde.<\/p>\n\n\n\n<p class=\"has-medium-font-size\"><strong>Angelika Jahn<\/strong><\/p>\n\n\n\n<figure class=\"wp-block-gallery has-nested-images columns-default is-cropped wp-block-gallery-1 is-layout-flex wp-block-gallery-is-layout-flex\">\n<figure class=\"wp-block-image size-large\"><a href=\"https:\/\/tc-kuenzell-dicker-turm.de\/wp-content\/uploads\/2022\/05\/IMG_7063-Kopie.jpg\"><img loading=\"lazy\" decoding=\"async\" width=\"1024\" height=\"768\" data-id=\"4383\" src=\"http:\/\/tc-kuenzell-dicker-turm.de\/wp-content\/uploads\/2022\/05\/IMG_7063-Kopie-1024x768.jpg\" alt=\"\" class=\"wp-image-4383\" srcset=\"https:\/\/tc-kuenzell-dicker-turm.de\/wp-content\/uploads\/2022\/05\/IMG_7063-Kopie-1024x768.jpg 1024w, https:\/\/tc-kuenzell-dicker-turm.de\/wp-content\/uploads\/2022\/05\/IMG_7063-Kopie-300x225.jpg 300w, https:\/\/tc-kuenzell-dicker-turm.de\/wp-content\/uploads\/2022\/05\/IMG_7063-Kopie-768x576.jpg 768w, https:\/\/tc-kuenzell-dicker-turm.de\/wp-content\/uploads\/2022\/05\/IMG_7063-Kopie-1536x1152.jpg 1536w, https:\/\/tc-kuenzell-dicker-turm.de\/wp-content\/uploads\/2022\/05\/IMG_7063-Kopie-400x300.jpg 400w, https:\/\/tc-kuenzell-dicker-turm.de\/wp-content\/uploads\/2022\/05\/IMG_7063-Kopie.jpg 2016w\" sizes=\"auto, (max-width: 1024px) 100vw, 1024px\" \/><\/a><figcaption class=\"wp-element-caption\"><strong>Angelika Jahn<\/strong> wurde aufgrund ihrer 22-j\u00e4hrigen Vorstandsarbeit als Schriftf\u00fchrerin und ihrer stetigen Einsatzbereitschaft f\u00fcr die Belange des Vereins die Ehrenmitgliedschaft verliehen. Seit Dezember 1993 ist sie Mitglied und spielt seit 1995 ununterbrochen aktiv in den verschiedenen Damenmannschaften. K\u00fcnzell, 18.05.2022<\/figcaption><\/figure>\n<\/figure>\n\n\n\n<p class=\"has-medium-font-size\"><strong>Karl Hans Badouin<\/strong><\/p>\n\n\n\n<figure class=\"wp-block-image size-full is-resized\"><a href=\"http:\/\/tc-kuenzell-dicker-turm.de\/wp-content\/uploads\/2021\/10\/9b7535ce-188b-451b-ac5e-ced5aa1d02ba-4.jpg\"><img loading=\"lazy\" decoding=\"async\" width=\"432\" height=\"472\" src=\"http:\/\/tc-kuenzell-dicker-turm.de\/wp-content\/uploads\/2021\/10\/9b7535ce-188b-451b-ac5e-ced5aa1d02ba-4.jpg\" alt=\"\" class=\"wp-image-4135\" style=\"aspect-ratio:0.8620689655172413;width:371px;height:auto\" srcset=\"https:\/\/tc-kuenzell-dicker-turm.de\/wp-content\/uploads\/2021\/10\/9b7535ce-188b-451b-ac5e-ced5aa1d02ba-4.jpg 432w, https:\/\/tc-kuenzell-dicker-turm.de\/wp-content\/uploads\/2021\/10\/9b7535ce-188b-451b-ac5e-ced5aa1d02ba-4-275x300.jpg 275w\" sizes=\"auto, (max-width: 432px) 100vw, 432px\" \/><\/a><\/figure>\n\n\n\n<p><strong> Karl Hans Badouin 2. Ehrenmitglied des Vereins seit 12. M\u00e4rz 2018. Karl-Hans war viele Jahr im Vorstand als Kassenwart t\u00e4tig und ist seit 01.12.1993 Mitglied unseres Tennisclubs und damit eines der Gr\u00fcndungsmitglieder. Zusammen mit Jochen hat Karl-Hans auch viele Jahre unsere J\u00fcngsten trainiert.<\/strong><\/p>\n\n\n\n<p class=\"has-black-color has-text-color has-link-color has-medium-font-size wp-elements-da2b610490de9faea0c15c6b25b85a80\">Jochen von Ammon <\/p>\n\n\n\n<figure class=\"wp-block-image size-large\"><a href=\"http:\/\/tc-kuenzell-dicker-turm.de\/wp-content\/uploads\/2014\/08\/dsc_0003.jpg\"><img loading=\"lazy\" decoding=\"async\" width=\"1024\" height=\"681\" src=\"http:\/\/tc-kuenzell-dicker-turm.de\/wp-content\/uploads\/2014\/08\/dsc_0003-1024x681.jpg\" alt=\"\" class=\"wp-image-1961\" srcset=\"https:\/\/tc-kuenzell-dicker-turm.de\/wp-content\/uploads\/2014\/08\/dsc_0003-1024x681.jpg 1024w, https:\/\/tc-kuenzell-dicker-turm.de\/wp-content\/uploads\/2014\/08\/dsc_0003-300x199.jpg 300w, https:\/\/tc-kuenzell-dicker-turm.de\/wp-content\/uploads\/2014\/08\/dsc_0003-768x511.jpg 768w, https:\/\/tc-kuenzell-dicker-turm.de\/wp-content\/uploads\/2014\/08\/dsc_0003-600x399.jpg 600w, https:\/\/tc-kuenzell-dicker-turm.de\/wp-content\/uploads\/2014\/08\/dsc_0003-451x300.jpg 451w\" sizes=\"auto, (max-width: 1024px) 100vw, 1024px\" \/><\/a><\/figure>\n\n\n\n<p><strong>Jochen von Ammon (rechts) 1. Ehrenmitglied des Vereins seit 29. Februar 2016. Jochen war viele Jahre im Vorstand t\u00e4tig als Sportwart und Chronist. Unserem Tennisverein ist er am 20.10.1994 beigetreten. Jochen hat zusammen mit Karl-Hans auch viele Jahre unsere J\u00fcngsten trainiert.<\/strong><\/p>\n\n\n\n<p><\/p>\n","protected":false},"excerpt":{"rendered":"<p>Verdiente Mitglieder um den Verein haben die Ehrenmitgliedschaft erhalten Manfred Jahn Manfred Jahn wurde am 15. Mai 2024 zum 4. Ehrenmitglied des Tennisclubs ernannt. Die Ehrenmitgliedschaft erhielt er f\u00fcr seine jahrelangen Verdienste um den Verein. Die stv. Vereinsvorsitzende, Antje Harsdorff-Kalimeris, &hellip; <a href=\"https:\/\/tc-kuenzell-dicker-turm.de\/index.php\/ehrenmitglieder\/\">Weiterlesen <span class=\"meta-nav\">&rarr;<\/span><\/a><\/p>\n","protected":false},"author":1,"featured_media":0,"parent":0,"menu_order":0,"comment_status":"closed","ping_status":"closed","template":"","meta":{"footnotes":""},"class_list":["post-4118","page","type-page","status-publish","hentry"],"_links":{"self":[{"href":"https:\/\/tc-kuenzell-dicker-turm.de\/index.php\/wp-json\/wp\/v2\/pages\/4118","targetHints":{"allow":["GET"]}}],"collection":[{"href":"https:\/\/tc-kuenzell-dicker-turm.de\/index.php\/wp-json\/wp\/v2\/pages"}],"about":[{"href":"https:\/\/tc-kuenzell-dicker-turm.de\/index.php\/wp-json\/wp\/v2\/types\/page"}],"author":[{"embeddable":true,"href":"https:\/\/tc-kuenzell-dicker-turm.de\/index.php\/wp-json\/wp\/v2\/users\/1"}],"replies":[{"embeddable":true,"href":"https:\/\/tc-kuenzell-dicker-turm.de\/index.php\/wp-json\/wp\/v2\/comments?post=4118"}],"version-history":[{"count":0,"href":"https:\/\/tc-kuenzell-dicker-turm.de\/index.php\/wp-json\/wp\/v2\/pages\/4118\/revisions"}],"wp:attachment":[{"href":"https:\/\/tc-kuenzell-dicker-turm.de\/index.php\/wp-json\/wp\/v2\/media?parent=4118"}],"curies":[{"name":"wp","href":"https:\/\/api.w.org\/{rel}","templated":true}]}}