{"id":411,"date":"2014-08-02T18:19:27","date_gmt":"2014-08-02T16:19:27","guid":{"rendered":"http:\/\/tc-kuenzell-dicker-turm.de\/?page_id=411"},"modified":"2020-10-16T17:09:56","modified_gmt":"2020-10-16T15:09:56","slug":"winterhallenturnier","status":"publish","type":"page","link":"https:\/\/tc-kuenzell-dicker-turm.de\/index.php\/winterhallenturnier\/","title":{"rendered":"Winterhallenturnier"},"content":{"rendered":"<p><strong><span style=\"color: #000080;\">24. Februar 2019 \u2013 Faschingstunrier<\/span><br \/>\n<\/strong>Zum wiederholten Male wurde im Karnevalskost\u00fcm ein Tennis-Spa\u00dfturnier ausgetragen. Breitensportwartin Ann-Kathrin Stehling hatte zu diesem Event eingeladen. Vier Herren, vier Damen und vier Jugendliche, in den unterschiedlichsten Verkleidungen, spielten auf<br \/>\n3 Hallenpl\u00e4tzen in immer wieder neu zusammengestellten Doppel\u00a04 Runden \u00e0 20 Minuten.<strong><br \/>\n<\/strong>Es spielte die Biene Maja mit der Kuh, der Indianer mit der Micky Maus, der Fu\u00dfballfan mit dem Hippie und immer wieder ergaben sich interessante Paarungen. Der Spa\u00df war vorprogrammiert.<br \/>\nZur Siegerehrung wurden entsprechend der n\u00e4rrischen Jahreszeit n\u00e4rrische Pokale \u00fcberreicht.<br \/>\nSieger bei den Jugendlichen war Maximilian V., zweiter Luca H. und den 3. Platz erreichte Laurenz Sch.<br \/>\nBei den Damen siegte Simone V., zweite wurde Angelika J. und dritte Ann-Kathrin St.<br \/>\nBei den Herren erreichte Marcus A. die h\u00f6chste Punktzahl, ihm folgte auf Platz 2 J\u00fcrgen D. sowie Andreas St. und Andre H. mit gleicher Punktzahl auf Platz 3.<\/p>\n<p><img loading=\"lazy\" decoding=\"async\" class=\"\" src=\"https:\/\/tc-kuenzell-dicker-turm.de\/wp-content\/uploads\/2019\/03\/IMG-20190225-WA0000.jpg\" width=\"447\" height=\"222\" \/><\/p>\n<p><img loading=\"lazy\" decoding=\"async\" class=\"\" src=\"https:\/\/tc-kuenzell-dicker-turm.de\/wp-content\/uploads\/2019\/03\/IMG-20190225-WA0002.jpg\" width=\"449\" height=\"223\" \/><\/p>\n<p><strong><span style=\"color: #0000ff;\">20. Januar 2019\u00a0 \u2013 OLD-RACKET-TURNIER<\/span><br \/>\n<\/strong>ist ein Spa\u00dfturnier mit alten Tennisschl\u00e4gern, welches zum dritten Mal in Folge ausge-tragen wurde. Die Turnierleitung hatte Breitensportwartin Ann-Kathrin Stehling mit Unter-st\u00fctzung von unserem Club\u00e4ltesten und Initiator Jochen von Ammon. Die 8 anwesenden Herren durften sich mit Holz-Rackets der \u00c4ra Bj\u00f6rn Borg \u201ebewaffnen\u201c, die beiden Damen spielten mit alten Fieberglas-Schl\u00e4gern mit kleiner Schlagfl\u00e4che.<br \/>\nGespielt wurde auf 2 Hallenpl\u00e4tzen, die Familie Vey unserem Verein gro\u00dfz\u00fcgig bereit-stellte. Die Doppel wurden in 4 Runden \u00e0 20 Minuten ausgetragen. Nach Einstand z\u00e4hlte der n\u00e4chste Punkt zum Spielgewinn, der mit 2 Bonuspunkten belohnt wurde, plus 1 Punkt je gewonnenes Spiel.<br \/>\nDer Spa\u00df begann, keiner verletzte sich und auch diesmal ri\u00df keine der Original-Darm-saiten, eben alte Wertarbeit! Zur Siegerehrung mit Pokalen freuten sich bei den Damen Ann-Kathrin mit 25 Punkten und bei den Herren ihr Ehemann Andreas mit 24 Punkten vor J\u00fcrgen Dreymann, der ebensoviele Punkte erreichte, aber die W\u00fcrfelentscheidung verlor. Den Trostpreis gewann Jochen.<br \/>\nClubvorsitzender Martin Z. lobte die souver\u00e4ne Turnierleitung und hofft das n\u00e4chste Mal auf mehr weibliche Teilnehmerinnen.<\/p>\n<p><img decoding=\"async\" src=\"https:\/\/tc-kuenzell-dicker-turm.de\/wp-content\/uploads\/2019\/01\/P1020766-Kopie.jpg\" \/><\/p>\n<p><strong><span style=\"color: #0000ff;\">12.02.2017 &#8211; Faschingsturnier<\/span><\/strong><\/p>\n<p>Viel\u00a0Spa\u00df hatten alle Teilnehmer bei unserem Doppel &#8211; Faschingsturnier. Auf 3 Pl\u00e4tzen wurden von 14 &#8211; 18 Uhr gespielt. Die Doppel wurden nach halbst\u00fcndigen Spiel immer wieder neu gemixt.<\/p>\n<p><a href=\"http:\/\/tc-kuenzell-dicker-turm.de\/?attachment_id=2316\" rel=\"attachment wp-att-2316\"><img loading=\"lazy\" decoding=\"async\" class=\"alignnone wp-image-2316 size-thumbnail\" src=\"http:\/\/tc-kuenzell-dicker-turm.de\/wp-content\/uploads\/2014\/08\/img_9261-150x150.jpg\" width=\"150\" height=\"150\" \/><\/a> <a href=\"http:\/\/tc-kuenzell-dicker-turm.de\/?attachment_id=2318\" rel=\"attachment wp-att-2318\"><img loading=\"lazy\" decoding=\"async\" class=\"alignnone wp-image-2318 size-thumbnail\" src=\"http:\/\/tc-kuenzell-dicker-turm.de\/wp-content\/uploads\/2014\/08\/img_9276-kopie-150x150.jpg\" width=\"150\" height=\"150\" \/><\/a> <a href=\"http:\/\/tc-kuenzell-dicker-turm.de\/?attachment_id=2319\" rel=\"attachment wp-att-2319\"><img loading=\"lazy\" decoding=\"async\" class=\"alignnone wp-image-2319 size-thumbnail\" src=\"http:\/\/tc-kuenzell-dicker-turm.de\/wp-content\/uploads\/2014\/08\/img_9279-kopie-150x150.jpg\" width=\"150\" height=\"150\" \/><\/a> <a href=\"http:\/\/tc-kuenzell-dicker-turm.de\/?attachment_id=2317\" rel=\"attachment wp-att-2317\"><img loading=\"lazy\" decoding=\"async\" class=\"alignnone wp-image-2317 size-thumbnail\" src=\"http:\/\/tc-kuenzell-dicker-turm.de\/wp-content\/uploads\/2014\/08\/img_9262-150x150.jpg\" width=\"150\" height=\"150\" \/><\/a><a href=\"http:\/\/tc-kuenzell-dicker-turm.de\/?attachment_id=2320\" rel=\"attachment wp-att-2320\"><img loading=\"lazy\" decoding=\"async\" class=\"alignnone wp-image-2320 size-thumbnail\" src=\"http:\/\/tc-kuenzell-dicker-turm.de\/wp-content\/uploads\/2014\/08\/img_9283-150x150.jpg\" width=\"150\" height=\"150\" \/><\/a> <a href=\"http:\/\/tc-kuenzell-dicker-turm.de\/?attachment_id=2321\" rel=\"attachment wp-att-2321\"><img loading=\"lazy\" decoding=\"async\" class=\"alignnone wp-image-2321 size-thumbnail\" src=\"http:\/\/tc-kuenzell-dicker-turm.de\/wp-content\/uploads\/2014\/08\/img_9285-150x150.jpg\" width=\"150\" height=\"150\" \/><\/a> <a href=\"http:\/\/tc-kuenzell-dicker-turm.de\/?attachment_id=2322\" rel=\"attachment wp-att-2322\"><img loading=\"lazy\" decoding=\"async\" class=\"alignnone wp-image-2322 size-thumbnail\" src=\"http:\/\/tc-kuenzell-dicker-turm.de\/wp-content\/uploads\/2014\/08\/img_9286-150x150.jpg\" width=\"150\" height=\"150\" \/><\/a> <a href=\"http:\/\/tc-kuenzell-dicker-turm.de\/?attachment_id=2323\" rel=\"attachment wp-att-2323\"><img loading=\"lazy\" decoding=\"async\" class=\"alignnone wp-image-2323 size-thumbnail\" src=\"http:\/\/tc-kuenzell-dicker-turm.de\/wp-content\/uploads\/2014\/08\/img_9290-150x150.jpg\" width=\"150\" height=\"150\" \/><\/a> <a href=\"http:\/\/tc-kuenzell-dicker-turm.de\/?attachment_id=2324\" rel=\"attachment wp-att-2324\"><img loading=\"lazy\" decoding=\"async\" class=\"alignnone wp-image-2324 size-thumbnail\" src=\"http:\/\/tc-kuenzell-dicker-turm.de\/wp-content\/uploads\/2014\/08\/img_9301-150x150.jpg\" width=\"150\" height=\"150\" \/><\/a> <a href=\"http:\/\/tc-kuenzell-dicker-turm.de\/?attachment_id=2325\" rel=\"attachment wp-att-2325\"><img loading=\"lazy\" decoding=\"async\" class=\"alignnone wp-image-2325 size-thumbnail\" src=\"http:\/\/tc-kuenzell-dicker-turm.de\/wp-content\/uploads\/2014\/08\/img_9313-150x150.jpg\" width=\"150\" height=\"150\" \/><\/a><a href=\"http:\/\/tc-kuenzell-dicker-turm.de\/?attachment_id=2326\" rel=\"attachment wp-att-2326\"><img loading=\"lazy\" decoding=\"async\" class=\"alignnone wp-image-2326 size-thumbnail\" src=\"http:\/\/tc-kuenzell-dicker-turm.de\/wp-content\/uploads\/2014\/08\/img_9310-150x150.jpg\" width=\"150\" height=\"150\" \/><\/a><\/p>\n<p><span style=\"color: #ff0000;\"><strong><span style=\"color: #0000ff;\">22.11.2015 &#8211; Old-Racket-Mixed-Turnier &#8211; Mal was anderes<\/span>\u00a0\u00a0\u00a0\u00a0\u00a0\u00a0\u00a0\u00a0\u00a0\u00a0\u00a0\u00a0\u00a0\u00a0\u00a0\u00a0\u00a0\u00a0\u00a0\u00a0\u00a0\u00a0\u00a0\u00a0\u00a0\u00a0\u00a0\u00a0\u00a0\u00a0\u00a0\u00a0\u00a0\u00a0\u00a0\u00a0\u00a0\u00a0\u00a0\u00a0\u00a0\u00a0 <\/strong><\/span><span style=\"color: #000000;\">Am Sonntag, 22.11.2015 um 17:00 Uhr, drau\u00dfen war es dunkel und kalt, in der Tennishalle steigt die Spannung bei angenehmer Temperatur. Turnierleiter und Sportwart Jochen von Ammon verteilt an die Herren Holzschl\u00e4ger aus der \u00c4ra Bj\u00f6rn\u00a0Borg (kleine Schlagfl\u00e4che, \u00fcberwiegend Darmseite), die Damen bekommen <\/span><strong><span style=\"color: #000000;\"><a href=\"http:\/\/tc-kuenzell-dicker-turm.de\/?attachment_id=1909\" rel=\"attachment wp-att-1909\"><img loading=\"lazy\" decoding=\"async\" class=\"wp-image-1909 alignleft\" src=\"http:\/\/tc-kuenzell-dicker-turm.de\/wp-content\/uploads\/2014\/08\/img_3851-1.jpg\" alt=\"IMG_3851\" width=\"359\" height=\"299\" srcset=\"https:\/\/tc-kuenzell-dicker-turm.de\/wp-content\/uploads\/2014\/08\/img_3851-1.jpg 1445w, https:\/\/tc-kuenzell-dicker-turm.de\/wp-content\/uploads\/2014\/08\/img_3851-1-300x250.jpg 300w, https:\/\/tc-kuenzell-dicker-turm.de\/wp-content\/uploads\/2014\/08\/img_3851-1-768x639.jpg 768w, https:\/\/tc-kuenzell-dicker-turm.de\/wp-content\/uploads\/2014\/08\/img_3851-1-1024x852.jpg 1024w, https:\/\/tc-kuenzell-dicker-turm.de\/wp-content\/uploads\/2014\/08\/img_3851-1-600x499.jpg 600w, https:\/\/tc-kuenzell-dicker-turm.de\/wp-content\/uploads\/2014\/08\/img_3851-1-361x300.jpg 361w\" sizes=\"auto, (max-width: 359px) 100vw, 359px\" \/><\/a><\/span><\/strong><span style=\"color: #000000;\">etwas komodere alte Kunststoff-Modelle. Die Mixed-<\/span><span style=\"color: #000000;\">Paarungen f\u00fcr die erste Runde werden zusammengelost und nach kurzer Einspielphase kommt der Anpfiff. Alle kommen erstaunlich gut mit den &#8222;schweren&#8220; Ger\u00e4ten zurecht und erstaunlicher weise ist bis zum Ende<\/span><span style=\"color: #000000;\"> des Turniers nicht eine einzige Seite gerissen.<\/span><\/p>\n<h2><span style=\"color: #ff0000;\"><span style=\"color: #000000;\"> Die in der Hauptrunde erspielten Punkte entscheiden \u00fcber das Weiterkommen. Das Finale gewinnen letztendlich Simone Vey und J\u00fcrgen Dreymann gegen Angelika Jahn und Karl-Hans Badouin mit 7:3.<br \/>\nAlle sind sich am Ende des Tages beim gem\u00fctlichen Beisammensein einig: \u00c4hnliches sollte man in 2016 wiederholen.<\/span><\/span><\/h2>\n<h2><\/h2>\n<p><span style=\"color: #ff0000;\"><strong>23.11.2014 &#8211; Tennisb\u00e4lle statt Schneeb\u00e4lle<\/strong> &#8230; war das Motto unseres<\/span><br \/>\n<span style=\"color: #ff0000;\">Winter-Hallenturniers in der Tennishalle am DICKEN TURM zum Jahresabschluss<br \/>\n<\/span><br \/>\nSonntag, 23.11.14, drau\u00dfen herrlicher Sonnenschein, aber auch im Clubhaus des TC K\u00fcnzell herrschte bei Turnierspielern und Zuschauern sonnige Stimmung. Hausherr Alexander Vey hatte die beiden Hallenpl\u00e4tze an der &#8222;langen Glasfront&#8220; zur Verf\u00fcgung gestellt und Clubwirt Ural k\u00fcmmerte sich um das leibliche Wohl.<br \/>\nUm 14 Uhr wurden die ersten zusammen gelosten Mixed-Doppel angepfiffen. J\u00fcngste Teilnehmerin und am Ende auch Siegerin des Tages war die Mannschaftsf\u00fchrerin unserer Juniorinnen U18 und der Damen, J. Schiewe. Sportwart Jochen von Ammon war \u00e4ltester Akteur und belegte am Ende einen hervorragenden dritten Rang.<br \/>\nNach 4 auf Zeit ausgespielten Runden ging der Turniersieg mit 25 Punkten an Julia Schiewe. Zweiter wurde unser Vorsitzender Martin Zentgraf mit 22 Punkten. Die beiden konnten sich \u00fcber einen Gutschein von Sport-Lippert freuen.<br \/>\nGleichauf mit jeweils 10 Punkten wurden auch die &#8222;Letzten&#8220; Angelika Wnuck, Petra Gemmerich und J\u00fcrgen Dreymann mit einem Preis bedacht (1 Dose Tennisb\u00e4lle).<br \/>\nMartin Zentgraf lobte Petra Lammers (Breitensportwartin) f\u00fcr die tolle Organisation und dankte den Damen f\u00fcr Kuchenspenden und Jochen f\u00fcr seine &#8222;Power-Station&#8220;.<\/p>\n<p>Bildergalerie:<br \/>\n<a href=\"http:\/\/tc-kuenzell-dicker-turm.de\/wp-content\/uploads\/2014\/08\/p1070299-2.jpg\"><img loading=\"lazy\" decoding=\"async\" class=\"alignnone size-thumbnail wp-image-1113\" src=\"http:\/\/tc-kuenzell-dicker-turm.de\/wp-content\/uploads\/2014\/08\/p1070299-2-150x150.jpg\" alt=\"P1070299 (2)\" width=\"150\" height=\"150\" \/><\/a>\u00a0\u00a0\u00a0\u00a0 <a href=\"http:\/\/tc-kuenzell-dicker-turm.de\/wp-content\/uploads\/2014\/08\/p1070300-2.jpg\"><img loading=\"lazy\" decoding=\"async\" class=\"alignnone size-thumbnail wp-image-1114\" src=\"http:\/\/tc-kuenzell-dicker-turm.de\/wp-content\/uploads\/2014\/08\/p1070300-2-150x150.jpg\" alt=\"P1070300 (2)\" width=\"150\" height=\"150\" \/><\/a><br \/>\n<a href=\"http:\/\/tc-kuenzell-dicker-turm.de\/wp-content\/uploads\/2014\/08\/p1070295-2.jpg\"><img loading=\"lazy\" decoding=\"async\" class=\"alignnone size-thumbnail wp-image-1112\" src=\"http:\/\/tc-kuenzell-dicker-turm.de\/wp-content\/uploads\/2014\/08\/p1070295-2-150x150.jpg\" alt=\"P1070295 (2)\" width=\"150\" height=\"150\" \/><\/a> \u00a0 \u00a0<a href=\"http:\/\/tc-kuenzell-dicker-turm.de\/wp-content\/uploads\/2014\/08\/p1070294-2.jpg\"><img loading=\"lazy\" decoding=\"async\" class=\"alignnone size-thumbnail wp-image-1111\" src=\"http:\/\/tc-kuenzell-dicker-turm.de\/wp-content\/uploads\/2014\/08\/p1070294-2-150x150.jpg\" alt=\"P1070294 (2)\" width=\"150\" height=\"150\" \/><\/a><\/p>\n<p style=\"font-weight: normal; color: #000000;\"><span style=\"color: #ff0000;\"><span style=\"color: #000080;\"><strong>Faschingsturnier 2014 in der Tennishalle Dicker Turm<\/strong><\/span><br \/>\n<span style=\"color: #000000;\">Helau und Alaaf auf den Tennispl\u00e4tzen am Dicken Turm: 24 verkleidete Spieler wurden in\u00a03 Spielg\u00e4ngen zuf\u00e4llig zusammen gelost und spielten auf 3 Hallenpl\u00e4tzen Mixed \u00fcber jeweils 30 Minuten. Tennis spielen mit dem n\u00f6tigen Ehrgeiz, gepaart mit viel Freude und Spa\u00df, mit roter Nase und Augenklappe,\u00a0Piraten und Seeleute, Teufelchen und Clown u.v.w. Narren, ergaben wunderbare Spiele, an denen auch viele Zuschauer ihre Freude hatten. Die erspielten Punkte wurden notiert und die besten 4 spielten den Tagessieger aus.<br \/>\n<\/span><\/span><\/p>\n<p style=\"font-weight: normal; color: #000000;\">F\u00fcr ein umfangreiches Kuchenbufett sorgten die Damen des Vereins und zum Abschluss des Turniers wurde in gem\u00fctlicher Runde der gro\u00dfe Hunger mit Urals Pizza und anderen leckeren Speisen gestillt.<\/p>\n<p style=\"font-weight: normal; color: #000000;\"><span style=\"color: #ff0000;\"><span style=\"color: #000000;\">Die Bildergalerie:<\/span><\/span><\/p>\n<p><a href=\"http:\/\/tc-kuenzell-dicker-turm.de\/?attachment_id=426\" rel=\"attachment wp-att-426\"><img loading=\"lazy\" decoding=\"async\" class=\"alignnone wp-image-426 size-thumbnail\" src=\"http:\/\/tc-kuenzell-dicker-turm.de\/wp-content\/uploads\/2014\/08\/img_01871-150x150.jpg\" alt=\"Es wurde ...\" width=\"150\" height=\"150\" \/><\/a><a href=\"http:\/\/tc-kuenzell-dicker-turm.de\/?attachment_id=424\" rel=\"attachment wp-att-424\"><img loading=\"lazy\" decoding=\"async\" class=\"alignnone wp-image-424 size-thumbnail\" src=\"http:\/\/tc-kuenzell-dicker-turm.de\/wp-content\/uploads\/2014\/08\/img_0206-150x150.jpg\" alt=\"Tennisnarren ...\" width=\"150\" height=\"150\" \/><\/a><a href=\"http:\/\/tc-kuenzell-dicker-turm.de\/?attachment_id=423\" rel=\"attachment wp-att-423\"><img loading=\"lazy\" decoding=\"async\" class=\"alignnone wp-image-423 size-thumbnail\" src=\"http:\/\/tc-kuenzell-dicker-turm.de\/wp-content\/uploads\/2014\/08\/img_0170-150x150.jpg\" alt=\"beim Kaffeeklatsch!\" width=\"150\" height=\"150\" \/><\/a><\/p>\n<p><a href=\"http:\/\/tc-kuenzell-dicker-turm.de\/?attachment_id=422\" rel=\"attachment wp-att-422\"><img loading=\"lazy\" decoding=\"async\" class=\"alignnone wp-image-422 size-thumbnail\" src=\"http:\/\/tc-kuenzell-dicker-turm.de\/wp-content\/uploads\/2014\/08\/img_0233-150x150.jpg\" alt=\"wild durcheinander ...\" width=\"150\" height=\"150\" \/><\/a><a href=\"http:\/\/tc-kuenzell-dicker-turm.de\/?attachment_id=421\" rel=\"attachment wp-att-421\"><img loading=\"lazy\" decoding=\"async\" class=\"alignnone wp-image-421 size-thumbnail\" src=\"http:\/\/tc-kuenzell-dicker-turm.de\/wp-content\/uploads\/2014\/08\/img_0232-150x150.jpg\" alt=\"gemischt ...\" width=\"150\" height=\"150\" \/><\/a><a href=\"http:\/\/tc-kuenzell-dicker-turm.de\/?attachment_id=420\" rel=\"attachment wp-att-420\"><img loading=\"lazy\" decoding=\"async\" class=\"alignnone wp-image-420 size-thumbnail\" src=\"http:\/\/tc-kuenzell-dicker-turm.de\/wp-content\/uploads\/2014\/08\/img_0231-150x150.jpg\" alt=\"und mit ...\" width=\"150\" height=\"150\" \/><\/a><\/p>\n<p><a href=\"http:\/\/tc-kuenzell-dicker-turm.de\/?attachment_id=419\" rel=\"attachment wp-att-419\"><img loading=\"lazy\" decoding=\"async\" class=\"alignnone wp-image-419 size-thumbnail\" src=\"http:\/\/tc-kuenzell-dicker-turm.de\/wp-content\/uploads\/2014\/08\/img_0230-150x150.jpg\" alt=\"viel Spass ...\" width=\"150\" height=\"150\" \/><\/a><a href=\"http:\/\/tc-kuenzell-dicker-turm.de\/?attachment_id=418\" rel=\"attachment wp-att-418\"><img loading=\"lazy\" decoding=\"async\" class=\"alignnone wp-image-418 size-thumbnail\" src=\"http:\/\/tc-kuenzell-dicker-turm.de\/wp-content\/uploads\/2014\/08\/img_0191-150x150.jpg\" alt=\"und Ehrgeiz? ...\" width=\"150\" height=\"150\" \/><\/a><a href=\"http:\/\/tc-kuenzell-dicker-turm.de\/?attachment_id=417\" rel=\"attachment wp-att-417\"><img loading=\"lazy\" decoding=\"async\" class=\"alignnone wp-image-417 size-thumbnail\" src=\"http:\/\/tc-kuenzell-dicker-turm.de\/wp-content\/uploads\/2014\/08\/img_0190-150x150.jpg\" alt=\"Breitensportwartin u. Organisatiorin\" width=\"150\" height=\"150\" \/><\/a><\/p>\n<p><a href=\"http:\/\/tc-kuenzell-dicker-turm.de\/?attachment_id=415\" rel=\"attachment wp-att-415\"><img loading=\"lazy\" decoding=\"async\" class=\"alignnone wp-image-415 size-thumbnail\" src=\"http:\/\/tc-kuenzell-dicker-turm.de\/wp-content\/uploads\/2014\/08\/img_0186-150x150.jpg\" alt=\"gespielt.\" width=\"150\" height=\"150\" \/><\/a><\/p>\n<p style=\"font-weight: normal; color: #000000;\">\n","protected":false},"excerpt":{"rendered":"<p>24. Februar 2019 \u2013 Faschingstunrier Zum wiederholten Male wurde im Karnevalskost\u00fcm ein Tennis-Spa\u00dfturnier ausgetragen. Breitensportwartin Ann-Kathrin Stehling hatte zu diesem Event eingeladen. Vier Herren, vier Damen und vier Jugendliche, in den unterschiedlichsten Verkleidungen, spielten auf 3 Hallenpl\u00e4tzen in immer wieder &hellip; <a href=\"https:\/\/tc-kuenzell-dicker-turm.de\/index.php\/winterhallenturnier\/\">Weiterlesen <span class=\"meta-nav\">&rarr;<\/span><\/a><\/p>\n","protected":false},"author":1,"featured_media":0,"parent":0,"menu_order":0,"comment_status":"closed","ping_status":"closed","template":"","meta":{"footnotes":""},"class_list":["post-411","page","type-page","status-publish","hentry"],"_links":{"self":[{"href":"https:\/\/tc-kuenzell-dicker-turm.de\/index.php\/wp-json\/wp\/v2\/pages\/411","targetHints":{"allow":["GET"]}}],"collection":[{"href":"https:\/\/tc-kuenzell-dicker-turm.de\/index.php\/wp-json\/wp\/v2\/pages"}],"about":[{"href":"https:\/\/tc-kuenzell-dicker-turm.de\/index.php\/wp-json\/wp\/v2\/types\/page"}],"author":[{"embeddable":true,"href":"https:\/\/tc-kuenzell-dicker-turm.de\/index.php\/wp-json\/wp\/v2\/users\/1"}],"replies":[{"embeddable":true,"href":"https:\/\/tc-kuenzell-dicker-turm.de\/index.php\/wp-json\/wp\/v2\/comments?post=411"}],"version-history":[{"count":0,"href":"https:\/\/tc-kuenzell-dicker-turm.de\/index.php\/wp-json\/wp\/v2\/pages\/411\/revisions"}],"wp:attachment":[{"href":"https:\/\/tc-kuenzell-dicker-turm.de\/index.php\/wp-json\/wp\/v2\/media?parent=411"}],"curies":[{"name":"wp","href":"https:\/\/api.w.org\/{rel}","templated":true}]}}