{"id":3732,"date":"2020-10-05T12:07:30","date_gmt":"2020-10-05T10:07:30","guid":{"rendered":"http:\/\/tc-kuenzell-dicker-turm.de\/?page_id=3732"},"modified":"2024-05-09T20:34:30","modified_gmt":"2024-05-09T18:34:30","slug":"sieger-kuenzell-open","status":"publish","type":"page","link":"https:\/\/tc-kuenzell-dicker-turm.de\/index.php\/sieger-kuenzell-open\/","title":{"rendered":"Sieger K\u00fcnzell OPEN"},"content":{"rendered":"\n<ul class=\"wp-block-list\">\n<li><\/li>\n<\/ul>\n\n\n\n<figure class=\"wp-block-table is-style-stripes\"><table><tbody><tr><td><strong>Jahr<\/strong><\/td><td><strong>Herren<\/strong><\/td><td><strong>Herren 40<\/strong><\/td><td><strong>Damen<\/strong><\/td><td><strong>Damen 40<\/strong><\/td><\/tr><tr><td>2014<\/td><td><strong>Marcus Arnold<\/strong> <br>(K\u00fcnzell DT)<\/td><td><strong>Martin Schreiber<\/strong><br>(K\u00fcnzell DT)<\/td><td><strong>Carina M\u00f6ller <\/strong><br>(Buchonia Flieden)<\/td><td><strong>Sandra Mattern <\/strong><br>(TC Dipperz)<\/td><\/tr><tr><td>2015<\/td><td><strong>Thorsten Nophut<\/strong><br> (K\u00fcnzell DT)<\/td><td><strong>Christof Sch\u00fcrle <\/strong><br>(TV Angersbach)<\/td><td><strong>Carina M\u00f6ller<\/strong><br>(Buchonia Flieden)<\/td><td>entf\u00e4llt<\/td><\/tr><tr><td>2016<\/td><td><strong>Luca Litz<\/strong><br>(BW Petersberg)<\/td><td><strong>Torsten Loeper<\/strong><br>(TC Wartenberg)<\/td><td><strong>Carina M\u00f6ller<\/strong><br>(Buchonia Flieden)<\/td><td>entf\u00e4llt<\/td><\/tr><tr><td>2017<\/td><td><strong>Fabian Klein-Arndt<\/strong><br>(TCB Johannisau)<\/td><td><strong>Andre Hansen<\/strong><br>(K\u00fcnzell DT)<\/td><td><strong>Anne M\u00fcller<\/strong><br>(TC Flieden)<\/td><td><strong>Simone Vey<\/strong><br>(K\u00fcnzell DT)<\/td><\/tr><tr><td>2018<\/td><td><strong>Benedikt Kl\u00fcber<\/strong><br>(TC Eichenzell)<\/td><td><strong>Frank Sommer<\/strong><br>(TC Eichenzell)<\/td><td><strong>Carina M\u00f6ller<\/strong><br>(Buchonia Flieden)<\/td><td><\/td><\/tr><tr><td>2019<\/td><td><strong>Marcus Arnold<\/strong><br>(K\u00fcnzell DT)<\/td><td><strong>Frank Sommer<\/strong><br>(TC Eichenzell)<\/td><td>entf\u00e4llt<\/td><td><strong>Tanja Schulze<\/strong><br>(TC Ebersburg)<\/td><\/tr><tr><td>2020<\/td><td><strong>Michael Ritz<\/strong><br>(K\u00fcnzell DT)<\/td><td><strong>Carsten Heller<\/strong><br>(RW Fulda)<\/td><td>entf\u00e4llt<\/td><td>entf\u00e4llt<\/td><\/tr><tr><td>2021<\/td><td><strong>Michael Ritz<\/strong><br>(K\u00fcnzell DT)<\/td><td><strong>Thorsten Nophut<\/strong><br>(K\u00fcnzell DT)<\/td><td><strong>Julia Altmann<\/strong><br>(THC Hanau)<\/td><td>entf\u00e4llt<\/td><\/tr><tr><td>2022<\/td><td><strong>Elias Kl\u00fcber<\/strong><br>(TC BW Petersberg)<\/td><td><strong>Joachim Jost<\/strong><br>(TC Rot-Weis Eiterfeld)<\/td><td><strong>Cosima Nemeth<\/strong><br>(Gr\u00fcn-Weis Fulda)<\/td><td>entf\u00e4llt<\/td><\/tr><tr><td>2023<\/td><td><strong>Elias Kl\u00fcber<\/strong><br>(TC BW Petersberg)<\/td><td><strong>Thorsten Nophut<\/strong><br>(K\u00fcnzell DT)<\/td><td><strong>Carina M\u00f6ller<\/strong><br>(Buchonia Flieden)<\/td><td>entf\u00e4llt<\/td><\/tr><tr><td>2024<\/td><td><strong>Elias Kl\u00fcber<\/strong><br>(RW Fulda)<\/td><td><strong>Axel M\u00e4hrl\u00e4nder<\/strong><br>(TC Seulberg)<\/td><td><strong>Cosima Nemeth<\/strong><br>(Gr\u00fcn-wei\u00df Fulda)<\/td><td>entf\u00e4llt<\/td><\/tr><tr><td><\/td><td><\/td><td><\/td><td><\/td><td><\/td><\/tr><tr><td><\/td><td><\/td><td><\/td><td><\/td><td><\/td><\/tr><tr><td><\/td><td><\/td><td><\/td><td><\/td><td><\/td><\/tr><tr><td><\/td><td><\/td><td><\/td><td><\/td><td><\/td><\/tr><tr><td><\/td><td><\/td><td><\/td><td><\/td><td><\/td><\/tr><tr><td><\/td><td><\/td><td><\/td><td><\/td><td><\/td><\/tr><tr><td><\/td><td><\/td><td><\/td><td><\/td><td><\/td><\/tr><tr><td><\/td><td><\/td><td><\/td><td><\/td><td><\/td><\/tr><tr><td><\/td><td><\/td><td><\/td><td><\/td><td><\/td><\/tr><\/tbody><\/table><\/figure>\n","protected":false},"excerpt":{"rendered":"<p>Jahr Herren Herren 40 Damen Damen 40 2014 Marcus Arnold (K\u00fcnzell DT) Martin Schreiber(K\u00fcnzell DT) Carina M\u00f6ller (Buchonia Flieden) Sandra Mattern (TC Dipperz) 2015 Thorsten Nophut (K\u00fcnzell DT) Christof Sch\u00fcrle (TV Angersbach) Carina M\u00f6ller(Buchonia Flieden) entf\u00e4llt 2016 Luca Litz(BW Petersberg) &hellip; <a href=\"https:\/\/tc-kuenzell-dicker-turm.de\/index.php\/sieger-kuenzell-open\/\">Weiterlesen <span class=\"meta-nav\">&rarr;<\/span><\/a><\/p>\n","protected":false},"author":1,"featured_media":0,"parent":0,"menu_order":0,"comment_status":"closed","ping_status":"closed","template":"","meta":{"footnotes":""},"class_list":["post-3732","page","type-page","status-publish","hentry"],"_links":{"self":[{"href":"https:\/\/tc-kuenzell-dicker-turm.de\/index.php\/wp-json\/wp\/v2\/pages\/3732","targetHints":{"allow":["GET"]}}],"collection":[{"href":"https:\/\/tc-kuenzell-dicker-turm.de\/index.php\/wp-json\/wp\/v2\/pages"}],"about":[{"href":"https:\/\/tc-kuenzell-dicker-turm.de\/index.php\/wp-json\/wp\/v2\/types\/page"}],"author":[{"embeddable":true,"href":"https:\/\/tc-kuenzell-dicker-turm.de\/index.php\/wp-json\/wp\/v2\/users\/1"}],"replies":[{"embeddable":true,"href":"https:\/\/tc-kuenzell-dicker-turm.de\/index.php\/wp-json\/wp\/v2\/comments?post=3732"}],"version-history":[{"count":0,"href":"https:\/\/tc-kuenzell-dicker-turm.de\/index.php\/wp-json\/wp\/v2\/pages\/3732\/revisions"}],"wp:attachment":[{"href":"https:\/\/tc-kuenzell-dicker-turm.de\/index.php\/wp-json\/wp\/v2\/media?parent=3732"}],"curies":[{"name":"wp","href":"https:\/\/api.w.org\/{rel}","templated":true}]}}