{"id":360,"date":"2014-08-01T22:45:44","date_gmt":"2014-08-01T20:45:44","guid":{"rendered":"http:\/\/tc-kuenzell-dicker-turm.de\/?page_id=360"},"modified":"2024-10-04T18:39:48","modified_gmt":"2024-10-04T16:39:48","slug":"damen-40","status":"publish","type":"page","link":"https:\/\/tc-kuenzell-dicker-turm.de\/index.php\/damen-40\/","title":{"rendered":"Damen 40"},"content":{"rendered":"\n<p class=\"has-text-color has-link-color has-medium-font-size wp-elements-3dc2172747d16998a28bc4e8300dc620\" style=\"color:#f70c14\"><strong>Saison 2024 &#8211; Bezirksliga A<\/strong> &#8211;<strong> Platz 4<\/strong> <\/p>\n\n\n\n<figure class=\"wp-block-image size-large is-resized\"><a href=\"https:\/\/tc-kuenzell-dicker-turm.de\/wp-content\/uploads\/2024\/10\/6b2ae653-cd8a-4e9a-b8c3-2b7f510583ed.jpg\"><img loading=\"lazy\" decoding=\"async\" width=\"1024\" height=\"768\" src=\"https:\/\/tc-kuenzell-dicker-turm.de\/wp-content\/uploads\/2024\/10\/6b2ae653-cd8a-4e9a-b8c3-2b7f510583ed-1024x768.jpg\" alt=\"\" class=\"wp-image-5274\" style=\"width:427px;height:auto\" srcset=\"https:\/\/tc-kuenzell-dicker-turm.de\/wp-content\/uploads\/2024\/10\/6b2ae653-cd8a-4e9a-b8c3-2b7f510583ed-1024x768.jpg 1024w, https:\/\/tc-kuenzell-dicker-turm.de\/wp-content\/uploads\/2024\/10\/6b2ae653-cd8a-4e9a-b8c3-2b7f510583ed-300x225.jpg 300w, https:\/\/tc-kuenzell-dicker-turm.de\/wp-content\/uploads\/2024\/10\/6b2ae653-cd8a-4e9a-b8c3-2b7f510583ed-768x576.jpg 768w, https:\/\/tc-kuenzell-dicker-turm.de\/wp-content\/uploads\/2024\/10\/6b2ae653-cd8a-4e9a-b8c3-2b7f510583ed-1536x1152.jpg 1536w, https:\/\/tc-kuenzell-dicker-turm.de\/wp-content\/uploads\/2024\/10\/6b2ae653-cd8a-4e9a-b8c3-2b7f510583ed-400x300.jpg 400w, https:\/\/tc-kuenzell-dicker-turm.de\/wp-content\/uploads\/2024\/10\/6b2ae653-cd8a-4e9a-b8c3-2b7f510583ed.jpg 2048w\" sizes=\"auto, (max-width: 1024px) 100vw, 1024px\" \/><\/a><\/figure>\n\n\n\n<p><\/p>\n\n\n<p><span style=\"color: #ff0000;\"><strong>Saison 2023 &#8211; Bezirksoberliga Platz 7\u00a0 \u00a0<\/strong> <\/span>\u00a0 \u00a0 \u00a0 \u00a0 \u00a0 \u00a0 \u00a0 \u00a0 \u00a0 \u00a0 \u00a0 \u00a0 \u00a0 \u00a0 \u00a0 \u00a0 \u00a0 \u00a0 \u00a0 \u00a0 \u00a0 \u00a0 \u00a0 \u00a0 \u00a0 \u00a0 \u00a0 \u00a0 \u00a0 \u00a0 \u00a0 \u00a0 \u00a0 \u00a0 \u00a0 \u00a0 \u00a0 \u00a0 \u00a0 \u00a0 und damit leider Abstieg in die Bezirksliga A<\/p>\n<p><a href=\"http:\/\/tc-kuenzell-dicker-turm.de\/wp-content\/uploads\/2023\/07\/4bf04a4b-9f0b-4b18-b73a-9b9a0e8b089e.jpg\"><img loading=\"lazy\" decoding=\"async\" class=\"alignnone  wp-image-4979\" src=\"http:\/\/tc-kuenzell-dicker-turm.de\/wp-content\/uploads\/2023\/07\/4bf04a4b-9f0b-4b18-b73a-9b9a0e8b089e-300x225.jpg\" alt=\"\" width=\"333\" height=\"253\" \/><\/a><\/p>\n<p><span style=\"color: #ff0000;\"><strong>Saison 2021 &#8211; Vizemeister in der Bezirksoberliga \u00a0<\/strong><span style=\"color: #000000;\">\u00a0 \u00a0 \u00a0 \u00a0 \u00a0 \u00a0 \u00a0 \u00a0 \u00a0 \u00a0 \u00a0 \u00a0 \u00a0 \u00a0 \u00a0 \u00a0 \u00a0 \u00a0 \u00a0 \u00a0 \u00a0 \u00a0 \u00a0 \u00a0 \u00a0 \u00a0 \u00a0 \u00a0 \u00a0 \u00a0 mit 9.3 Punkten. Herzlichen Gl\u00fcckwunsch!\u00a0 \u00a0 \u00a0 \u00a0 \u00a0 \u00a0 \u00a0 \u00a0 \u00a0 \u00a0 \u00a0 \u00a0 \u00a0 \u00a0 \u00a0 \u00a0 \u00a0 \u00a0 \u00a0 \u00a0 \u00a0 \u00a0 \u00a0 \u00a0 \u00a0 \u00a0 \u00a0 \u00a0 \u00a0 \u00a0 \u00a0 \u00a0 \u00a0 \u00a0 \u00a0 \u00a0 \u00a0 \u00a0Von links: Simone Vey, Simone Bau, Saskia Jost, Gabriele R\u00f6der, Gabriele\u00a0 Br\u00e4hler<\/span><\/span><\/p>\n<p><a href=\"http:\/\/tc-kuenzell-dicker-turm.de\/wp-content\/uploads\/2021\/09\/Damen-40.jpg\"><img loading=\"lazy\" decoding=\"async\" class=\"alignnone size-medium wp-image-4082\" src=\"http:\/\/tc-kuenzell-dicker-turm.de\/wp-content\/uploads\/2021\/09\/Damen-40-300x293.jpg\" alt=\"\" width=\"300\" height=\"293\" srcset=\"https:\/\/tc-kuenzell-dicker-turm.de\/wp-content\/uploads\/2021\/09\/Damen-40-300x293.jpg 300w, https:\/\/tc-kuenzell-dicker-turm.de\/wp-content\/uploads\/2021\/09\/Damen-40-1024x999.jpg 1024w, https:\/\/tc-kuenzell-dicker-turm.de\/wp-content\/uploads\/2021\/09\/Damen-40-768x749.jpg 768w, https:\/\/tc-kuenzell-dicker-turm.de\/wp-content\/uploads\/2021\/09\/Damen-40-308x300.jpg 308w, https:\/\/tc-kuenzell-dicker-turm.de\/wp-content\/uploads\/2021\/09\/Damen-40.jpg 1536w\" sizes=\"auto, (max-width: 300px) 100vw, 300px\" \/><\/a><\/p>\n<p><span style=\"color: #ff0000;\"><strong>Saison 2020\u00a0 &#8211;\u00a0 Bezirksoberliga (4er)\u00a0 &#8211;\u00a0 2. Platz<br \/>\n<\/strong><\/span><\/p>\n<p><span style=\"color: #ff0000;\"><strong>Saison 2019\u00a0 &#8211;\u00a0 Gruppenliga (4er)<br \/>\n<\/strong><span style=\"color: #000000;\">Die Gruppe konnte leider nicht gehalten werden.<\/span><strong><br \/>\n<\/strong><\/span><\/p>\n<p><span style=\"color: #ff0000;\"><strong>2018\u00a0 &#8211;\u00a0 Bezirksoberliga (4er) Gr. 019<br \/>\n<\/strong><\/span><span style=\"color: #ff0000;\"><strong>MEISTER der Bezirksoberliga\u00a0 &#8211;\u00a0 HERZLICHEN GL\u00dcCKWUNSCH!!!<br \/>\n<\/strong><\/span>Nach dem Aufstieg im letzten Jahr in die BOL war das gesteckte Ziel der Klassenerhalt. Nach sechs Spielen standen wir mit f\u00fcnf Siegen und einer Niederlage \u00fcberraschend auf Platz 2! Mit diesem Erfolg hatte im Vorfeld niemand gerechnet. Dami war aber auch klar: Am letzten Spieltag noch einmal alles geben. Gegen den TC Ehringshausen II gab es zuhause einen souver\u00e4nen 6:0 Sieg und der Aufstieg in die Gruppenliga war damit perfekt.<br \/>\nEs spielten: Simone Bau, Simone Vey, Susanne Schultz, Gabriele R\u00f6der,<br \/>\nAngelika Jahn, Gabriele Br\u00e4hler, Petra Gemmerich und Brigitte Sonntag.<br \/>\n7 Begegnungen\u00a0 &#8211;\u00a0 Rang 1\u00a0 &#8211;\u00a0 12:2 Punkte\u00a0 &#8211;\u00a0 30:12 Matches<\/p>\n<p>Hier der LINK zur Ergebnistabelle:TB Mittelhessen 18<br \/>\n<a href=\"https:\/\/htv.liga.nu\/cgi-bin\/WebObjects\/nuLigaTENDE.woa\/wa\/championship?championship=Landesebene+04\">https:\/\/htv.liga.nu\/cgi-bin\/WebObjects\/nuLigaTENDE.woa\/wa\/championship?championship=Landesebene+04<\/a><\/p>\n<p><span style=\"color: #ff0000;\"><strong>Saison 2017\u00a0 &#8211;\u00a0 Bezirksliga A (4er) Gr. 020<\/strong><\/span><\/p>\n<p><span style=\"color: #ff0000;\"><strong>MEISTER der Bezirksliga A\u00a0 &#8211;\u00a0 HERZLICHEN GL\u00dcCKWUNSCH!!!<br \/>\n<\/strong><\/span><\/p>\n<p><span style=\"color: #000000;\">Mit 5 Siegen in 5 Spielen &#8211; 10:0 Punkte, 25:5 Matches &#8211; wurde der Aufstieg in die Bezirksoberliga perfekt gemeistert. Simone Bau (5 Einzel, 4 Doppel) und Susanne Schultz (5 E, 5 D) gingen bei allen Eins\u00e4tzen als Sieger vom Platz. Simone Vey (5 E, 3 D) mu\u00dfte sich nur in einem Doppel geschlagen geben. Au\u00dferdem spielten Gabriele Br\u00e4hler, Christa Steinmann, Angelika Jahn, Petra Gemmerich und Gesine Schneider. <\/span><\/p>\n<p><a href=\"http:\/\/tc-kuenzell-dicker-turm.de\/?attachment_id=2475\" rel=\"attachment wp-att-2475\"><img loading=\"lazy\" decoding=\"async\" class=\" wp-image-2475\" src=\"http:\/\/tc-kuenzell-dicker-turm.de\/wp-content\/uploads\/2014\/08\/img_3336.jpg\" alt=\"\" width=\"434\" height=\"241\" \/><\/a><\/p>\n<p><em>stehend von links<\/em>:\u00a0 Simone Bau (1), Gesine Schneider (11),<br \/>\nChrista Steinmann (6), Monika Auth (13), Brigitte Sonntag (12)<br \/>\n<em>knieend von links<\/em>:\u00a0\u00a0 Petra Gemmerich (10), Gabi R\u00f6der (4) , Simone Vey (2),<br \/>\nAngelika Jahn (7), Susanne Schultz (3)<br \/>\n<em>es fehlen<\/em>:\u00a0\u00a0 Gabriele Br\u00e4hler, Petra Lammers, Ulla Kummer, Angelika Wnuck,<br \/>\nHelga Seifert, Renate Grewing<\/p>\n<p class=\"wp-caption-dd\"><span style=\"color: #0000ff;\"><strong>Saison 2016<\/strong>\u00a0<\/span> &#8211;\u00a0 <strong><span style=\"color: #ff0000;\">Kreisliga A<\/span><\/strong> &#8211; neu: <span style=\"text-decoration: underline;\">4er-Mannschaft<\/span> &#8211; (Gr. 021 44)<br \/>\nDie erste Saison mit einer 4er-Mannschaft verlief sehr erfolgreich. Mit nur einer Niederlage (gegen TC Stadtallendorf 1:5) erreichten wir <span style=\"color: #ff0000;\"><strong>Rang 2<\/strong><\/span> und damit auch den <strong><span style=\"color: #ff0000;\">Aufstieg in die Bezirksliga A.<\/span><\/strong><br \/>\nWeitere 4 Spiele wurden 6:0 gewonnen und zwar gegen GW Fulda II, Marburger TC II, TV Marburg und TC Kirtorf. Beim Cappeler TV gewannen wir 5:1 und\u00a0beendeten die\u00a0Sommerrunde mit\u00a0<strong>10:2 Punkten<\/strong> &#8211; 30:6 Matchpkt &#8211; 62:16 S\u00e4tze &#8211; 415:198 Spielen.<\/p>\n<p>Es spielten: Gabi R\u00f6der (E 4:1, D 3:1), Simone Vey (E 6:0, D 5:1),<br \/>\nChrista Steinmann (E 5:1, D 4:1), Angelika Jahn (E 4:2, D 5:1),<br \/>\nPetra Lammers (D 1:0), Petra Gemmerich (E 1:0), Brigitte Sonntag (D 1:0),<br \/>\nAngelika Wnuck (D 1:0)<\/p>\n<p><strong><span style=\"color: #0000ff;\">Saison 2015\u00a0 <\/span>&#8211; \u00a0Bezirksoberliga (6er) &#8211; Platz 6<br \/>\n<\/strong>Leider keinen Sieg in dieser Saison.<\/p>\n<p><span style=\"color: #0000ff;\"><strong>Saison 2014<\/strong>\u00a0<\/span> &#8211;\u00a0 eine erfolgreiche Saison in der Bezirksoberliga<span style=\"color: #ff0000;\"><span style=\"color: #ff0000;\"><span style=\"color: #ff0000;\"><span style=\"color: #0000ff;\"><span style=\"color: #ff0000;\"><span style=\"color: #ff0000;\"><span style=\"color: #0000ff;\"><span style=\"color: #ff0000;\">\u00a0<span style=\"color: #000000;\">(6er)<\/span> <\/span><\/span><\/span><\/span><\/span><\/span><\/span><\/span><\/p>\n<table class=\"result-set\" border=\"0\" cellspacing=\"0\" cellpadding=\"0\">\n<tbody>\n<tr>\n<th><\/th>\n<th class=\"center\">Rang<\/th>\n<th>Mannschaft<\/th>\n<th class=\"center\">Begegnungen<\/th>\n<th>S<\/th>\n<th>U<\/th>\n<th>N<\/th>\n<th class=\"center\">Punkte<\/th>\n<th class=\"center\">Matchpunkte<\/th>\n<th class=\"center\">S\u00e4tze<\/th>\n<th class=\"center\">Spiele<\/th>\n<\/tr>\n<tr>\n<td><\/td>\n<td class=\"center\">1<\/td>\n<td nowrap=\"nowrap\"><a style=\"font-weight: normal; color: #19386d;\" title=\"Mannschaftsportrait\" href=\"http:\/\/htv.liga.nu\/cgi-bin\/WebObjects\/nuLigaTENDE.woa\/wa\/teamPortrait?team=1663956&amp;championship=TB+Mittelhessen+14&amp;group=24\">RW Lich<\/a><\/td>\n<td class=\"center\">7<\/td>\n<td>7<\/td>\n<td>0<\/td>\n<td>0<\/td>\n<td align=\"center\">14:0<\/td>\n<td class=\"center\">49:14<\/td>\n<td class=\"center\">102:36<\/td>\n<td class=\"center\">726:482<\/td>\n<\/tr>\n<tr>\n<td><\/td>\n<td class=\"center\">2<\/td>\n<td nowrap=\"nowrap\"><a style=\"font-weight: normal; color: #19386d;\" title=\"Mannschaftsportrait\" href=\"http:\/\/htv.liga.nu\/cgi-bin\/WebObjects\/nuLigaTENDE.woa\/wa\/teamPortrait?team=1666910&amp;championship=TB+Mittelhessen+14&amp;group=24\">RW Fulda<\/a><\/td>\n<td class=\"center\">7<\/td>\n<td>5<\/td>\n<td>0<\/td>\n<td>2<\/td>\n<td align=\"center\">10:4<\/td>\n<td class=\"center\">40:23<\/td>\n<td class=\"center\">87:52<\/td>\n<td class=\"center\">658:465<\/td>\n<\/tr>\n<tr>\n<td style=\"color: red;\"><strong>\u00a0<\/strong><\/td>\n<td class=\"center\" style=\"color: red;\"><strong>3<\/strong><\/td>\n<td style=\"color: red;\" nowrap=\"nowrap\"><a style=\"font-weight: normal; color: #19386d;\" title=\"Mannschaftsportrait\" href=\"http:\/\/htv.liga.nu\/cgi-bin\/WebObjects\/nuLigaTENDE.woa\/wa\/teamPortrait?team=1667053&amp;championship=TB+Mittelhessen+14&amp;group=24\"><strong style=\"color: red;\">TC K\u00fcnzell DT<\/strong><\/a><\/td>\n<td class=\"center\" style=\"color: red;\">7<\/td>\n<td style=\"color: red;\">4<\/td>\n<td style=\"color: red;\">0<\/td>\n<td style=\"color: red;\">3<\/td>\n<td style=\"color: red;\" align=\"center\">8:6<\/td>\n<td class=\"center\" style=\"color: red;\">35:28<\/td>\n<td class=\"center\" style=\"color: red;\">72:73<\/td>\n<td class=\"center\" style=\"color: red;\">587:628<\/td>\n<\/tr>\n<tr>\n<td><\/td>\n<td class=\"center\">4<\/td>\n<td nowrap=\"nowrap\"><a style=\"font-weight: normal; color: #19386d;\" title=\"Mannschaftsportrait\" href=\"http:\/\/htv.liga.nu\/cgi-bin\/WebObjects\/nuLigaTENDE.woa\/wa\/teamPortrait?team=1673871&amp;championship=TB+Mittelhessen+14&amp;group=24\">MSG Johannisau Fulda\/TC Marbach<\/a><\/td>\n<td class=\"center\">7<\/td>\n<td>4<\/td>\n<td>0<\/td>\n<td>3<\/td>\n<td align=\"center\">8:6<\/td>\n<td class=\"center\">34:29<\/td>\n<td class=\"center\">78:68<\/td>\n<td class=\"center\">650:596<\/td>\n<\/tr>\n<tr>\n<td><\/td>\n<td class=\"center\">5<\/td>\n<td nowrap=\"nowrap\"><a style=\"font-weight: normal; color: #19386d;\" title=\"Mannschaftsportrait\" href=\"http:\/\/htv.liga.nu\/cgi-bin\/WebObjects\/nuLigaTENDE.woa\/wa\/teamPortrait?team=1666836&amp;championship=TB+Mittelhessen+14&amp;group=24\">BW Petersberg<\/a><\/td>\n<td class=\"center\">7<\/td>\n<td>3<\/td>\n<td>0<\/td>\n<td>4<\/td>\n<td align=\"center\">6:8<\/td>\n<td class=\"center\">33:30<\/td>\n<td class=\"center\">74:71<\/td>\n<td class=\"center\">617:624<\/td>\n<\/tr>\n<tr>\n<td><\/td>\n<td class=\"center\">6<\/td>\n<td nowrap=\"nowrap\"><a style=\"font-weight: normal; color: #19386d;\" title=\"Mannschaftsportrait\" href=\"http:\/\/htv.liga.nu\/cgi-bin\/WebObjects\/nuLigaTENDE.woa\/wa\/teamPortrait?team=1667135&amp;championship=TB+Mittelhessen+14&amp;group=24\">GW Fulda<\/a><\/td>\n<td class=\"center\">7<\/td>\n<td>3<\/td>\n<td>0<\/td>\n<td>4<\/td>\n<td align=\"center\">6:8<\/td>\n<td class=\"center\">19:44<\/td>\n<td class=\"center\">45:89<\/td>\n<td class=\"center\">456:615<\/td>\n<\/tr>\n<tr>\n<td><\/td>\n<td class=\"center\">7<\/td>\n<td nowrap=\"nowrap\"><a style=\"font-weight: normal; color: #19386d;\" title=\"Mannschaftsportrait\" href=\"http:\/\/htv.liga.nu\/cgi-bin\/WebObjects\/nuLigaTENDE.woa\/wa\/teamPortrait?team=1667021&amp;championship=TB+Mittelhessen+14&amp;group=24\">SW Fulda-Niesig<\/a><\/td>\n<td class=\"center\">7<\/td>\n<td>1<\/td>\n<td>0<\/td>\n<td>6<\/td>\n<td align=\"center\">2:12<\/td>\n<td class=\"center\">23:40<\/td>\n<td class=\"center\">61:89<\/td>\n<td class=\"center\">581:686<\/td>\n<\/tr>\n<tr>\n<td><\/td>\n<td class=\"center\">8<\/td>\n<td nowrap=\"nowrap\"><a style=\"font-weight: normal; color: #19386d;\" title=\"Mannschaftsportrait\" href=\"http:\/\/htv.liga.nu\/cgi-bin\/WebObjects\/nuLigaTENDE.woa\/wa\/teamPortrait?team=1666901&amp;championship=TB+Mittelhessen+14&amp;group=24\">TC 1990 Hofbieber<\/a><\/td>\n<td class=\"center\">7<\/td>\n<td>1<\/td>\n<td>0<\/td>\n<td>6<\/td>\n<td align=\"center\">2:12<\/td>\n<td class=\"center\">19:44<\/td>\n<td class=\"center\">52:93<\/td>\n<td class=\"center\">527:706<\/td>\n<\/tr>\n<\/tbody>\n<\/table>\n<h6>Zum Einsatz kamen entsprechend der Meldeliste:<br \/>\nGabriele R\u00f6der, Gabriele Br\u00e4hler, Simone Vey, Christa Steinmann,<br \/>\nPetra Lammers, Angelika Jahn, Brigitte Sonntag, Helga Seifert,<br \/>\nPetra Gemmerich, Ursula Kummer, Viola Neidert, Angelika V\u00f6gler<\/h6>\n<p><span style=\"color: #000000;\"><span style=\"font-family: Arial; font-size: 18pt;\"><span style=\"color: #ff0000;\"><strong><span style=\"color: #0000ff;\">Saison 2013\u00a0<\/span> <\/strong>&#8211;\u00a0 Bezirksoberliga (6er)<\/span><br \/>\n<\/span><span style=\"font-family: Arial; font-size: 18pt;\">Einen guten 4. Platz bei 7 Mannschaften<\/span><span style=\"font-family: Arial; font-size: 18pt;\"><br \/>\n<\/span><\/span><span style=\"font-family: Arial; font-size: 18pt;\"><span style=\"color: #000000;\">mit Punktgleichheit 8:6 von Platz 2 bis 5<\/span><\/span><span style=\"font-size: 18pt;\"><span style=\"color: #000000;\"><span style=\"font-family: Arial;\"><br \/>\n<\/span><\/span><\/span><\/p>\n<p><span style=\"color: #000000;\"><strong><span style=\"font-family: Arial; font-size: 18pt;\"><span style=\"color: #ff0000;\"><span style=\"color: #0000ff;\">Saison 2012\u00a0<\/span> &#8211;\u00a0 <\/span><\/span><\/strong><span style=\"font-family: Arial; font-size: 18pt;\"><span style=\"color: #ff0000;\">Bezirksoberliga (6er)<\/span><\/span><span style=\"font-family: Arial; font-size: 18pt;\"><span style=\"color: #000000;\"><br \/>\n<\/span><span style=\"color: #ff0000;\"><span style=\"color: #000000;\">Den Mannschaftswettbewerb 2012 beendeten die Damen auf Rang\u00a08<\/span><\/span><\/span><\/span><span style=\"font-weight: 300; color: #333333;\"><a href=\"http:\/\/tc-kuenzell-dicker-turm.de\/wp-content\/uploads\/2014\/08\/p1030678.jpg\"><img loading=\"lazy\" decoding=\"async\" class=\"alignnone wp-image-367\" src=\"http:\/\/tc-kuenzell-dicker-turm.de\/wp-content\/uploads\/2014\/08\/p1030678-300x225.jpg\" alt=\"P1030678\" width=\"393\" height=\"297\" \/><\/a><\/span><\/p>\n<p><span style=\"font-weight: 300; color: #333333;\">von links:Christa Steinmann, Brigitte Sonntag, Gabriele R\u00f6der, Angelika Jahn,<br \/>\nSimone Vey, Petra Gemmerich<\/span><\/p>\n<h2><span style=\"font-weight: 300; color: #333333;\">Es fehlen auf dem Foto:<br \/>\nGabriele Br\u00e4hler, Angelika Wnuck, Helga Seifert, Petra Lammers, Angelika V\u00f6gler<\/span><\/h2>","protected":false},"excerpt":{"rendered":"<p>Saison 2024 &#8211; Bezirksliga A &#8211; Platz 4 Saison 2023 &#8211; Bezirksoberliga Platz 7\u00a0 \u00a0 \u00a0 \u00a0 \u00a0 \u00a0 \u00a0 \u00a0 \u00a0 \u00a0 \u00a0 \u00a0 \u00a0 \u00a0 \u00a0 \u00a0 \u00a0 \u00a0 \u00a0 \u00a0 \u00a0 \u00a0 \u00a0 \u00a0 \u00a0 \u00a0 \u00a0 &hellip; <a href=\"https:\/\/tc-kuenzell-dicker-turm.de\/index.php\/damen-40\/\">Weiterlesen <span class=\"meta-nav\">&rarr;<\/span><\/a><\/p>\n","protected":false},"author":1,"featured_media":0,"parent":0,"menu_order":0,"comment_status":"closed","ping_status":"closed","template":"","meta":{"footnotes":""},"class_list":["post-360","page","type-page","status-publish","hentry"],"_links":{"self":[{"href":"https:\/\/tc-kuenzell-dicker-turm.de\/index.php\/wp-json\/wp\/v2\/pages\/360","targetHints":{"allow":["GET"]}}],"collection":[{"href":"https:\/\/tc-kuenzell-dicker-turm.de\/index.php\/wp-json\/wp\/v2\/pages"}],"about":[{"href":"https:\/\/tc-kuenzell-dicker-turm.de\/index.php\/wp-json\/wp\/v2\/types\/page"}],"author":[{"embeddable":true,"href":"https:\/\/tc-kuenzell-dicker-turm.de\/index.php\/wp-json\/wp\/v2\/users\/1"}],"replies":[{"embeddable":true,"href":"https:\/\/tc-kuenzell-dicker-turm.de\/index.php\/wp-json\/wp\/v2\/comments?post=360"}],"version-history":[{"count":0,"href":"https:\/\/tc-kuenzell-dicker-turm.de\/index.php\/wp-json\/wp\/v2\/pages\/360\/revisions"}],"wp:attachment":[{"href":"https:\/\/tc-kuenzell-dicker-turm.de\/index.php\/wp-json\/wp\/v2\/media?parent=360"}],"curies":[{"name":"wp","href":"https:\/\/api.w.org\/{rel}","templated":true}]}}