{"id":2900,"date":"2018-07-01T20:08:23","date_gmt":"2018-07-01T18:08:23","guid":{"rendered":"http:\/\/tc-kuenzell-dicker-turm.de\/?page_id=2900"},"modified":"2018-07-19T14:14:26","modified_gmt":"2018-07-19T12:14:26","slug":"kuenzell-open-2018","status":"publish","type":"page","link":"https:\/\/tc-kuenzell-dicker-turm.de\/index.php\/turniere\/kuenzell-open-2018\/","title":{"rendered":"K\u00fcnzell OPEN 2018"},"content":{"rendered":"<p><span style=\"color: #0000ff;\"><strong>30.06.18 &#8211; 01.07.18 &#8211; K\u00fcnzell OPEN 2018<\/strong><\/span><\/p>\n<p>Bei herrlichem Sonnenschein fanden die 5. K\u00fcnzell OPEN statt. Im Vergleich zu den vergangen Jahren war das Teilnehmerfeld der Herren dieses Jahr sp\u00e4rlicher besetzt. Daf\u00fcr war die Beteiligung bei den Herren 40 hoch. Bei den Damen und Damen 40 wie jedes Jahr eine eher m\u00e4\u00dfige Beteiligung.<\/p>\n<p><a href=\"http:\/\/tc-kuenzell-dicker-turm.de\/?attachment_id=2907\" rel=\"attachment wp-att-2907\"><img loading=\"lazy\" decoding=\"async\" class=\"alignnone wp-image-2907\" src=\"http:\/\/tc-kuenzell-dicker-turm.de\/wp-content\/uploads\/2018\/07\/IMG_5528.jpg\" alt=\"\" width=\"177\" height=\"136\"><\/a> <a href=\"http:\/\/tc-kuenzell-dicker-turm.de\/?attachment_id=2908\" rel=\"attachment wp-att-2908\"><img loading=\"lazy\" decoding=\"async\" class=\"alignnone wp-image-2908\" src=\"http:\/\/tc-kuenzell-dicker-turm.de\/wp-content\/uploads\/2018\/07\/IMG_5529.jpg\" alt=\"\" width=\"169\" height=\"129\"><\/a> <a href=\"http:\/\/tc-kuenzell-dicker-turm.de\/?attachment_id=2909\" rel=\"attachment wp-att-2909\"><img loading=\"lazy\" decoding=\"async\" class=\"alignnone wp-image-2909\" src=\"http:\/\/tc-kuenzell-dicker-turm.de\/wp-content\/uploads\/2018\/07\/IMG_5531-Kopie.jpg\" alt=\"\" width=\"164\" height=\"126\"><\/a> <a href=\"http:\/\/tc-kuenzell-dicker-turm.de\/?attachment_id=2910\" rel=\"attachment wp-att-2910\"><img loading=\"lazy\" decoding=\"async\" class=\"alignnone wp-image-2910\" src=\"http:\/\/tc-kuenzell-dicker-turm.de\/wp-content\/uploads\/2018\/07\/IMG_5532-Kopie.jpg\" alt=\"\" width=\"175\" height=\"134\"><\/a> <a href=\"http:\/\/tc-kuenzell-dicker-turm.de\/?attachment_id=2911\" rel=\"attachment wp-att-2911\"><img loading=\"lazy\" decoding=\"async\" class=\"alignnone wp-image-2911\" src=\"http:\/\/tc-kuenzell-dicker-turm.de\/wp-content\/uploads\/2018\/07\/IMG_5535-Kopie.jpg\" alt=\"\" width=\"173\" height=\"132\"><\/a> <a href=\"http:\/\/tc-kuenzell-dicker-turm.de\/?attachment_id=2912\" rel=\"attachment wp-att-2912\"><img loading=\"lazy\" decoding=\"async\" class=\"alignnone wp-image-2912\" src=\"http:\/\/tc-kuenzell-dicker-turm.de\/wp-content\/uploads\/2018\/07\/IMG_5539-Kopie.jpg\" alt=\"\" width=\"174\" height=\"131\" srcset=\"https:\/\/tc-kuenzell-dicker-turm.de\/wp-content\/uploads\/2018\/07\/IMG_5539-Kopie.jpg 3603w, https:\/\/tc-kuenzell-dicker-turm.de\/wp-content\/uploads\/2018\/07\/IMG_5539-Kopie-300x225.jpg 300w, https:\/\/tc-kuenzell-dicker-turm.de\/wp-content\/uploads\/2018\/07\/IMG_5539-Kopie-768x576.jpg 768w, https:\/\/tc-kuenzell-dicker-turm.de\/wp-content\/uploads\/2018\/07\/IMG_5539-Kopie-1024x768.jpg 1024w, https:\/\/tc-kuenzell-dicker-turm.de\/wp-content\/uploads\/2018\/07\/IMG_5539-Kopie-600x450.jpg 600w, https:\/\/tc-kuenzell-dicker-turm.de\/wp-content\/uploads\/2018\/07\/IMG_5539-Kopie-400x300.jpg 400w\" sizes=\"auto, (max-width: 174px) 100vw, 174px\" \/><\/a> <a href=\"http:\/\/tc-kuenzell-dicker-turm.de\/?attachment_id=2913\" rel=\"attachment wp-att-2913\"><img loading=\"lazy\" decoding=\"async\" class=\"alignnone wp-image-2913\" src=\"http:\/\/tc-kuenzell-dicker-turm.de\/wp-content\/uploads\/2018\/07\/IMG_5541-Kopie.jpg\" alt=\"\" width=\"166\" height=\"127\"><\/a> <a href=\"http:\/\/tc-kuenzell-dicker-turm.de\/?attachment_id=2914\" rel=\"attachment wp-att-2914\"><img loading=\"lazy\" decoding=\"async\" class=\"alignnone wp-image-2914\" src=\"http:\/\/tc-kuenzell-dicker-turm.de\/wp-content\/uploads\/2018\/07\/IMG_5542-Kopie.jpg\" alt=\"\" width=\"168\" height=\"127\" srcset=\"https:\/\/tc-kuenzell-dicker-turm.de\/wp-content\/uploads\/2018\/07\/IMG_5542-Kopie.jpg 4032w, https:\/\/tc-kuenzell-dicker-turm.de\/wp-content\/uploads\/2018\/07\/IMG_5542-Kopie-300x225.jpg 300w, https:\/\/tc-kuenzell-dicker-turm.de\/wp-content\/uploads\/2018\/07\/IMG_5542-Kopie-768x576.jpg 768w, https:\/\/tc-kuenzell-dicker-turm.de\/wp-content\/uploads\/2018\/07\/IMG_5542-Kopie-1024x768.jpg 1024w, https:\/\/tc-kuenzell-dicker-turm.de\/wp-content\/uploads\/2018\/07\/IMG_5542-Kopie-600x450.jpg 600w, https:\/\/tc-kuenzell-dicker-turm.de\/wp-content\/uploads\/2018\/07\/IMG_5542-Kopie-400x300.jpg 400w\" sizes=\"auto, (max-width: 168px) 100vw, 168px\" \/><\/a> <a href=\"http:\/\/tc-kuenzell-dicker-turm.de\/?attachment_id=2915\" rel=\"attachment wp-att-2915\"><img loading=\"lazy\" decoding=\"async\" class=\"alignnone wp-image-2915\" src=\"http:\/\/tc-kuenzell-dicker-turm.de\/wp-content\/uploads\/2018\/07\/IMG_5543-Kopie.jpg\" alt=\"\" width=\"172\" height=\"130\" srcset=\"https:\/\/tc-kuenzell-dicker-turm.de\/wp-content\/uploads\/2018\/07\/IMG_5543-Kopie.jpg 4032w, https:\/\/tc-kuenzell-dicker-turm.de\/wp-content\/uploads\/2018\/07\/IMG_5543-Kopie-300x225.jpg 300w, https:\/\/tc-kuenzell-dicker-turm.de\/wp-content\/uploads\/2018\/07\/IMG_5543-Kopie-768x576.jpg 768w, https:\/\/tc-kuenzell-dicker-turm.de\/wp-content\/uploads\/2018\/07\/IMG_5543-Kopie-1024x768.jpg 1024w, https:\/\/tc-kuenzell-dicker-turm.de\/wp-content\/uploads\/2018\/07\/IMG_5543-Kopie-600x450.jpg 600w, https:\/\/tc-kuenzell-dicker-turm.de\/wp-content\/uploads\/2018\/07\/IMG_5543-Kopie-400x300.jpg 400w\" sizes=\"auto, (max-width: 172px) 100vw, 172px\" \/><\/a> <a href=\"http:\/\/tc-kuenzell-dicker-turm.de\/?attachment_id=2916\" rel=\"attachment wp-att-2916\"><img loading=\"lazy\" decoding=\"async\" class=\"alignnone wp-image-2916\" src=\"http:\/\/tc-kuenzell-dicker-turm.de\/wp-content\/uploads\/2018\/07\/IMG_5596-Kopie.jpg\" alt=\"\" width=\"165\" height=\"125\" srcset=\"https:\/\/tc-kuenzell-dicker-turm.de\/wp-content\/uploads\/2018\/07\/IMG_5596-Kopie.jpg 4032w, https:\/\/tc-kuenzell-dicker-turm.de\/wp-content\/uploads\/2018\/07\/IMG_5596-Kopie-300x225.jpg 300w, https:\/\/tc-kuenzell-dicker-turm.de\/wp-content\/uploads\/2018\/07\/IMG_5596-Kopie-768x576.jpg 768w, https:\/\/tc-kuenzell-dicker-turm.de\/wp-content\/uploads\/2018\/07\/IMG_5596-Kopie-1024x768.jpg 1024w, https:\/\/tc-kuenzell-dicker-turm.de\/wp-content\/uploads\/2018\/07\/IMG_5596-Kopie-600x450.jpg 600w, https:\/\/tc-kuenzell-dicker-turm.de\/wp-content\/uploads\/2018\/07\/IMG_5596-Kopie-400x300.jpg 400w\" sizes=\"auto, (max-width: 165px) 100vw, 165px\" \/><\/a> <a href=\"http:\/\/tc-kuenzell-dicker-turm.de\/?attachment_id=2917\" rel=\"attachment wp-att-2917\"><img loading=\"lazy\" decoding=\"async\" class=\"alignnone wp-image-2917\" src=\"http:\/\/tc-kuenzell-dicker-turm.de\/wp-content\/uploads\/2018\/07\/IMG_5597-Kopie.jpg\" alt=\"\" width=\"161\" height=\"122\" srcset=\"https:\/\/tc-kuenzell-dicker-turm.de\/wp-content\/uploads\/2018\/07\/IMG_5597-Kopie.jpg 4032w, https:\/\/tc-kuenzell-dicker-turm.de\/wp-content\/uploads\/2018\/07\/IMG_5597-Kopie-300x225.jpg 300w, https:\/\/tc-kuenzell-dicker-turm.de\/wp-content\/uploads\/2018\/07\/IMG_5597-Kopie-768x576.jpg 768w, https:\/\/tc-kuenzell-dicker-turm.de\/wp-content\/uploads\/2018\/07\/IMG_5597-Kopie-1024x768.jpg 1024w, https:\/\/tc-kuenzell-dicker-turm.de\/wp-content\/uploads\/2018\/07\/IMG_5597-Kopie-600x450.jpg 600w, https:\/\/tc-kuenzell-dicker-turm.de\/wp-content\/uploads\/2018\/07\/IMG_5597-Kopie-400x300.jpg 400w\" sizes=\"auto, (max-width: 161px) 100vw, 161px\" \/><\/a> <a href=\"http:\/\/tc-kuenzell-dicker-turm.de\/?attachment_id=2918\" rel=\"attachment wp-att-2918\"><img loading=\"lazy\" decoding=\"async\" class=\"alignnone wp-image-2918\" src=\"http:\/\/tc-kuenzell-dicker-turm.de\/wp-content\/uploads\/2018\/07\/IMG_5598-Kopie.jpg\" alt=\"\" width=\"165\" height=\"125\" srcset=\"https:\/\/tc-kuenzell-dicker-turm.de\/wp-content\/uploads\/2018\/07\/IMG_5598-Kopie.jpg 4032w, https:\/\/tc-kuenzell-dicker-turm.de\/wp-content\/uploads\/2018\/07\/IMG_5598-Kopie-300x225.jpg 300w, https:\/\/tc-kuenzell-dicker-turm.de\/wp-content\/uploads\/2018\/07\/IMG_5598-Kopie-768x576.jpg 768w, https:\/\/tc-kuenzell-dicker-turm.de\/wp-content\/uploads\/2018\/07\/IMG_5598-Kopie-1024x768.jpg 1024w, https:\/\/tc-kuenzell-dicker-turm.de\/wp-content\/uploads\/2018\/07\/IMG_5598-Kopie-600x450.jpg 600w, https:\/\/tc-kuenzell-dicker-turm.de\/wp-content\/uploads\/2018\/07\/IMG_5598-Kopie-400x300.jpg 400w\" sizes=\"auto, (max-width: 165px) 100vw, 165px\" \/><\/a> <a href=\"http:\/\/tc-kuenzell-dicker-turm.de\/?attachment_id=2919\" rel=\"attachment wp-att-2919\"><img loading=\"lazy\" decoding=\"async\" class=\"alignnone wp-image-2919\" src=\"http:\/\/tc-kuenzell-dicker-turm.de\/wp-content\/uploads\/2018\/07\/IMG_5601-Kopie.jpg\" alt=\"\" width=\"167\" height=\"126\" srcset=\"https:\/\/tc-kuenzell-dicker-turm.de\/wp-content\/uploads\/2018\/07\/IMG_5601-Kopie.jpg 4032w, https:\/\/tc-kuenzell-dicker-turm.de\/wp-content\/uploads\/2018\/07\/IMG_5601-Kopie-300x225.jpg 300w, https:\/\/tc-kuenzell-dicker-turm.de\/wp-content\/uploads\/2018\/07\/IMG_5601-Kopie-768x576.jpg 768w, https:\/\/tc-kuenzell-dicker-turm.de\/wp-content\/uploads\/2018\/07\/IMG_5601-Kopie-1024x768.jpg 1024w, https:\/\/tc-kuenzell-dicker-turm.de\/wp-content\/uploads\/2018\/07\/IMG_5601-Kopie-600x450.jpg 600w, https:\/\/tc-kuenzell-dicker-turm.de\/wp-content\/uploads\/2018\/07\/IMG_5601-Kopie-400x300.jpg 400w\" sizes=\"auto, (max-width: 167px) 100vw, 167px\" \/><\/a> <a href=\"http:\/\/tc-kuenzell-dicker-turm.de\/?attachment_id=2920\" rel=\"attachment wp-att-2920\"><img loading=\"lazy\" decoding=\"async\" class=\"alignnone wp-image-2920\" src=\"http:\/\/tc-kuenzell-dicker-turm.de\/wp-content\/uploads\/2018\/07\/IMG_5608-Kopie.jpg\" alt=\"\" width=\"165\" height=\"120\" srcset=\"https:\/\/tc-kuenzell-dicker-turm.de\/wp-content\/uploads\/2018\/07\/IMG_5608-Kopie.jpg 3095w, https:\/\/tc-kuenzell-dicker-turm.de\/wp-content\/uploads\/2018\/07\/IMG_5608-Kopie-300x216.jpg 300w, https:\/\/tc-kuenzell-dicker-turm.de\/wp-content\/uploads\/2018\/07\/IMG_5608-Kopie-768x554.jpg 768w, https:\/\/tc-kuenzell-dicker-turm.de\/wp-content\/uploads\/2018\/07\/IMG_5608-Kopie-1024x738.jpg 1024w, https:\/\/tc-kuenzell-dicker-turm.de\/wp-content\/uploads\/2018\/07\/IMG_5608-Kopie-600x433.jpg 600w, https:\/\/tc-kuenzell-dicker-turm.de\/wp-content\/uploads\/2018\/07\/IMG_5608-Kopie-416x300.jpg 416w\" sizes=\"auto, (max-width: 165px) 100vw, 165px\" \/><\/a> <a href=\"http:\/\/tc-kuenzell-dicker-turm.de\/?attachment_id=2921\" rel=\"attachment wp-att-2921\"><img loading=\"lazy\" decoding=\"async\" class=\"alignnone wp-image-2921\" src=\"http:\/\/tc-kuenzell-dicker-turm.de\/wp-content\/uploads\/2018\/07\/IMG_5611-Kopie.jpg\" alt=\"\" width=\"167\" height=\"120\" srcset=\"https:\/\/tc-kuenzell-dicker-turm.de\/wp-content\/uploads\/2018\/07\/IMG_5611-Kopie.jpg 3608w, https:\/\/tc-kuenzell-dicker-turm.de\/wp-content\/uploads\/2018\/07\/IMG_5611-Kopie-300x214.jpg 300w, https:\/\/tc-kuenzell-dicker-turm.de\/wp-content\/uploads\/2018\/07\/IMG_5611-Kopie-768x548.jpg 768w, https:\/\/tc-kuenzell-dicker-turm.de\/wp-content\/uploads\/2018\/07\/IMG_5611-Kopie-1024x730.jpg 1024w, https:\/\/tc-kuenzell-dicker-turm.de\/wp-content\/uploads\/2018\/07\/IMG_5611-Kopie-600x428.jpg 600w, https:\/\/tc-kuenzell-dicker-turm.de\/wp-content\/uploads\/2018\/07\/IMG_5611-Kopie-421x300.jpg 421w\" sizes=\"auto, (max-width: 167px) 100vw, 167px\" \/><\/a> <a href=\"http:\/\/tc-kuenzell-dicker-turm.de\/?attachment_id=2922\" rel=\"attachment wp-att-2922\"><img loading=\"lazy\" decoding=\"async\" class=\"alignnone wp-image-2922\" src=\"http:\/\/tc-kuenzell-dicker-turm.de\/wp-content\/uploads\/2018\/07\/IMG_5612-Kopie.jpg\" alt=\"\" width=\"170\" height=\"125\" srcset=\"https:\/\/tc-kuenzell-dicker-turm.de\/wp-content\/uploads\/2018\/07\/IMG_5612-Kopie.jpg 3848w, https:\/\/tc-kuenzell-dicker-turm.de\/wp-content\/uploads\/2018\/07\/IMG_5612-Kopie-300x219.jpg 300w, https:\/\/tc-kuenzell-dicker-turm.de\/wp-content\/uploads\/2018\/07\/IMG_5612-Kopie-768x560.jpg 768w, https:\/\/tc-kuenzell-dicker-turm.de\/wp-content\/uploads\/2018\/07\/IMG_5612-Kopie-1024x747.jpg 1024w, https:\/\/tc-kuenzell-dicker-turm.de\/wp-content\/uploads\/2018\/07\/IMG_5612-Kopie-600x438.jpg 600w, https:\/\/tc-kuenzell-dicker-turm.de\/wp-content\/uploads\/2018\/07\/IMG_5612-Kopie-411x300.jpg 411w\" sizes=\"auto, (max-width: 170px) 100vw, 170px\" \/><\/a> <a href=\"http:\/\/tc-kuenzell-dicker-turm.de\/?attachment_id=2923\" rel=\"attachment wp-att-2923\"><img loading=\"lazy\" decoding=\"async\" class=\"alignnone wp-image-2923\" src=\"http:\/\/tc-kuenzell-dicker-turm.de\/wp-content\/uploads\/2018\/07\/IMG_5616-Kopie.jpg\" alt=\"\" width=\"172\" height=\"130\" srcset=\"https:\/\/tc-kuenzell-dicker-turm.de\/wp-content\/uploads\/2018\/07\/IMG_5616-Kopie.jpg 4032w, https:\/\/tc-kuenzell-dicker-turm.de\/wp-content\/uploads\/2018\/07\/IMG_5616-Kopie-300x225.jpg 300w, https:\/\/tc-kuenzell-dicker-turm.de\/wp-content\/uploads\/2018\/07\/IMG_5616-Kopie-768x576.jpg 768w, https:\/\/tc-kuenzell-dicker-turm.de\/wp-content\/uploads\/2018\/07\/IMG_5616-Kopie-1024x768.jpg 1024w, https:\/\/tc-kuenzell-dicker-turm.de\/wp-content\/uploads\/2018\/07\/IMG_5616-Kopie-600x450.jpg 600w, https:\/\/tc-kuenzell-dicker-turm.de\/wp-content\/uploads\/2018\/07\/IMG_5616-Kopie-400x300.jpg 400w\" sizes=\"auto, (max-width: 172px) 100vw, 172px\" \/><\/a> <a href=\"http:\/\/tc-kuenzell-dicker-turm.de\/?attachment_id=2924\" rel=\"attachment wp-att-2924\"><img loading=\"lazy\" decoding=\"async\" class=\"alignnone wp-image-2924\" src=\"http:\/\/tc-kuenzell-dicker-turm.de\/wp-content\/uploads\/2018\/07\/IMG_5624-Kopie.jpg\" alt=\"\" width=\"168\" height=\"127\" srcset=\"https:\/\/tc-kuenzell-dicker-turm.de\/wp-content\/uploads\/2018\/07\/IMG_5624-Kopie.jpg 4032w, https:\/\/tc-kuenzell-dicker-turm.de\/wp-content\/uploads\/2018\/07\/IMG_5624-Kopie-300x225.jpg 300w, https:\/\/tc-kuenzell-dicker-turm.de\/wp-content\/uploads\/2018\/07\/IMG_5624-Kopie-768x576.jpg 768w, https:\/\/tc-kuenzell-dicker-turm.de\/wp-content\/uploads\/2018\/07\/IMG_5624-Kopie-1024x768.jpg 1024w, https:\/\/tc-kuenzell-dicker-turm.de\/wp-content\/uploads\/2018\/07\/IMG_5624-Kopie-600x450.jpg 600w, https:\/\/tc-kuenzell-dicker-turm.de\/wp-content\/uploads\/2018\/07\/IMG_5624-Kopie-400x300.jpg 400w\" sizes=\"auto, (max-width: 168px) 100vw, 168px\" \/><\/a> <a href=\"http:\/\/tc-kuenzell-dicker-turm.de\/?attachment_id=2925\" rel=\"attachment wp-att-2925\"><img loading=\"lazy\" decoding=\"async\" class=\"alignnone wp-image-2925\" src=\"http:\/\/tc-kuenzell-dicker-turm.de\/wp-content\/uploads\/2018\/07\/IMG_5626.jpg\" alt=\"\" width=\"171\" height=\"129\" srcset=\"https:\/\/tc-kuenzell-dicker-turm.de\/wp-content\/uploads\/2018\/07\/IMG_5626.jpg 4032w, https:\/\/tc-kuenzell-dicker-turm.de\/wp-content\/uploads\/2018\/07\/IMG_5626-300x225.jpg 300w, https:\/\/tc-kuenzell-dicker-turm.de\/wp-content\/uploads\/2018\/07\/IMG_5626-768x576.jpg 768w, https:\/\/tc-kuenzell-dicker-turm.de\/wp-content\/uploads\/2018\/07\/IMG_5626-1024x768.jpg 1024w, https:\/\/tc-kuenzell-dicker-turm.de\/wp-content\/uploads\/2018\/07\/IMG_5626-600x450.jpg 600w, https:\/\/tc-kuenzell-dicker-turm.de\/wp-content\/uploads\/2018\/07\/IMG_5626-400x300.jpg 400w\" sizes=\"auto, (max-width: 171px) 100vw, 171px\" \/><\/a> <a href=\"http:\/\/tc-kuenzell-dicker-turm.de\/?attachment_id=2926\" rel=\"attachment wp-att-2926\"><img loading=\"lazy\" decoding=\"async\" class=\"alignnone wp-image-2926\" src=\"http:\/\/tc-kuenzell-dicker-turm.de\/wp-content\/uploads\/2018\/07\/IMG_5627.jpg\" alt=\"\" width=\"168\" height=\"127\" srcset=\"https:\/\/tc-kuenzell-dicker-turm.de\/wp-content\/uploads\/2018\/07\/IMG_5627.jpg 4032w, https:\/\/tc-kuenzell-dicker-turm.de\/wp-content\/uploads\/2018\/07\/IMG_5627-300x225.jpg 300w, https:\/\/tc-kuenzell-dicker-turm.de\/wp-content\/uploads\/2018\/07\/IMG_5627-768x576.jpg 768w, https:\/\/tc-kuenzell-dicker-turm.de\/wp-content\/uploads\/2018\/07\/IMG_5627-1024x768.jpg 1024w, https:\/\/tc-kuenzell-dicker-turm.de\/wp-content\/uploads\/2018\/07\/IMG_5627-600x450.jpg 600w, https:\/\/tc-kuenzell-dicker-turm.de\/wp-content\/uploads\/2018\/07\/IMG_5627-400x300.jpg 400w\" sizes=\"auto, (max-width: 168px) 100vw, 168px\" \/><\/a> <a href=\"http:\/\/tc-kuenzell-dicker-turm.de\/?attachment_id=2927\" rel=\"attachment wp-att-2927\"><img loading=\"lazy\" decoding=\"async\" class=\"alignnone wp-image-2927\" src=\"http:\/\/tc-kuenzell-dicker-turm.de\/wp-content\/uploads\/2018\/07\/IMG_5628.jpg\" alt=\"\" width=\"174\" height=\"131\" srcset=\"https:\/\/tc-kuenzell-dicker-turm.de\/wp-content\/uploads\/2018\/07\/IMG_5628.jpg 4032w, https:\/\/tc-kuenzell-dicker-turm.de\/wp-content\/uploads\/2018\/07\/IMG_5628-300x225.jpg 300w, https:\/\/tc-kuenzell-dicker-turm.de\/wp-content\/uploads\/2018\/07\/IMG_5628-768x576.jpg 768w, https:\/\/tc-kuenzell-dicker-turm.de\/wp-content\/uploads\/2018\/07\/IMG_5628-1024x768.jpg 1024w, https:\/\/tc-kuenzell-dicker-turm.de\/wp-content\/uploads\/2018\/07\/IMG_5628-600x450.jpg 600w, https:\/\/tc-kuenzell-dicker-turm.de\/wp-content\/uploads\/2018\/07\/IMG_5628-400x300.jpg 400w\" sizes=\"auto, (max-width: 174px) 100vw, 174px\" \/><\/a> <a href=\"http:\/\/tc-kuenzell-dicker-turm.de\/?attachment_id=2928\" rel=\"attachment wp-att-2928\"><img loading=\"lazy\" decoding=\"async\" class=\"alignnone wp-image-2928\" src=\"http:\/\/tc-kuenzell-dicker-turm.de\/wp-content\/uploads\/2018\/07\/IMG_5629.jpg\" alt=\"\" width=\"172\" height=\"130\" srcset=\"https:\/\/tc-kuenzell-dicker-turm.de\/wp-content\/uploads\/2018\/07\/IMG_5629.jpg 4032w, https:\/\/tc-kuenzell-dicker-turm.de\/wp-content\/uploads\/2018\/07\/IMG_5629-300x225.jpg 300w, https:\/\/tc-kuenzell-dicker-turm.de\/wp-content\/uploads\/2018\/07\/IMG_5629-768x576.jpg 768w, https:\/\/tc-kuenzell-dicker-turm.de\/wp-content\/uploads\/2018\/07\/IMG_5629-1024x768.jpg 1024w, https:\/\/tc-kuenzell-dicker-turm.de\/wp-content\/uploads\/2018\/07\/IMG_5629-600x450.jpg 600w, https:\/\/tc-kuenzell-dicker-turm.de\/wp-content\/uploads\/2018\/07\/IMG_5629-400x300.jpg 400w\" sizes=\"auto, (max-width: 172px) 100vw, 172px\" \/><\/a> <a href=\"http:\/\/tc-kuenzell-dicker-turm.de\/?attachment_id=2929\" rel=\"attachment wp-att-2929\"><img loading=\"lazy\" decoding=\"async\" class=\"alignnone wp-image-2929\" src=\"http:\/\/tc-kuenzell-dicker-turm.de\/wp-content\/uploads\/2018\/07\/IMG_5632.jpg\" alt=\"\" width=\"170\" height=\"128\" srcset=\"https:\/\/tc-kuenzell-dicker-turm.de\/wp-content\/uploads\/2018\/07\/IMG_5632.jpg 4032w, https:\/\/tc-kuenzell-dicker-turm.de\/wp-content\/uploads\/2018\/07\/IMG_5632-300x225.jpg 300w, https:\/\/tc-kuenzell-dicker-turm.de\/wp-content\/uploads\/2018\/07\/IMG_5632-768x576.jpg 768w, https:\/\/tc-kuenzell-dicker-turm.de\/wp-content\/uploads\/2018\/07\/IMG_5632-1024x768.jpg 1024w, https:\/\/tc-kuenzell-dicker-turm.de\/wp-content\/uploads\/2018\/07\/IMG_5632-600x450.jpg 600w, https:\/\/tc-kuenzell-dicker-turm.de\/wp-content\/uploads\/2018\/07\/IMG_5632-400x300.jpg 400w\" sizes=\"auto, (max-width: 170px) 100vw, 170px\" \/><\/a> <a href=\"http:\/\/tc-kuenzell-dicker-turm.de\/?attachment_id=2930\" rel=\"attachment wp-att-2930\"><img loading=\"lazy\" decoding=\"async\" class=\"alignnone wp-image-2930\" src=\"http:\/\/tc-kuenzell-dicker-turm.de\/wp-content\/uploads\/2018\/07\/IMG_5633.jpg\" alt=\"\" width=\"170\" height=\"128\" srcset=\"https:\/\/tc-kuenzell-dicker-turm.de\/wp-content\/uploads\/2018\/07\/IMG_5633.jpg 4032w, https:\/\/tc-kuenzell-dicker-turm.de\/wp-content\/uploads\/2018\/07\/IMG_5633-300x225.jpg 300w, https:\/\/tc-kuenzell-dicker-turm.de\/wp-content\/uploads\/2018\/07\/IMG_5633-768x576.jpg 768w, https:\/\/tc-kuenzell-dicker-turm.de\/wp-content\/uploads\/2018\/07\/IMG_5633-1024x768.jpg 1024w, https:\/\/tc-kuenzell-dicker-turm.de\/wp-content\/uploads\/2018\/07\/IMG_5633-600x450.jpg 600w, https:\/\/tc-kuenzell-dicker-turm.de\/wp-content\/uploads\/2018\/07\/IMG_5633-400x300.jpg 400w\" sizes=\"auto, (max-width: 170px) 100vw, 170px\" \/><\/a> <a href=\"http:\/\/tc-kuenzell-dicker-turm.de\/?attachment_id=2931\" rel=\"attachment wp-att-2931\"><img loading=\"lazy\" decoding=\"async\" class=\"alignnone wp-image-2931\" src=\"http:\/\/tc-kuenzell-dicker-turm.de\/wp-content\/uploads\/2018\/07\/IMG_5634.jpg\" alt=\"\" width=\"171\" height=\"129\" srcset=\"https:\/\/tc-kuenzell-dicker-turm.de\/wp-content\/uploads\/2018\/07\/IMG_5634.jpg 4032w, https:\/\/tc-kuenzell-dicker-turm.de\/wp-content\/uploads\/2018\/07\/IMG_5634-300x225.jpg 300w, https:\/\/tc-kuenzell-dicker-turm.de\/wp-content\/uploads\/2018\/07\/IMG_5634-768x576.jpg 768w, https:\/\/tc-kuenzell-dicker-turm.de\/wp-content\/uploads\/2018\/07\/IMG_5634-1024x768.jpg 1024w, https:\/\/tc-kuenzell-dicker-turm.de\/wp-content\/uploads\/2018\/07\/IMG_5634-600x450.jpg 600w, https:\/\/tc-kuenzell-dicker-turm.de\/wp-content\/uploads\/2018\/07\/IMG_5634-400x300.jpg 400w\" sizes=\"auto, (max-width: 171px) 100vw, 171px\" \/><\/a> <a href=\"http:\/\/tc-kuenzell-dicker-turm.de\/?attachment_id=2932\" rel=\"attachment wp-att-2932\"><img loading=\"lazy\" decoding=\"async\" class=\"alignnone wp-image-2932\" src=\"http:\/\/tc-kuenzell-dicker-turm.de\/wp-content\/uploads\/2018\/07\/IMG_5636.jpg\" alt=\"\" width=\"172\" height=\"130\" srcset=\"https:\/\/tc-kuenzell-dicker-turm.de\/wp-content\/uploads\/2018\/07\/IMG_5636.jpg 4032w, https:\/\/tc-kuenzell-dicker-turm.de\/wp-content\/uploads\/2018\/07\/IMG_5636-300x225.jpg 300w, https:\/\/tc-kuenzell-dicker-turm.de\/wp-content\/uploads\/2018\/07\/IMG_5636-768x576.jpg 768w, https:\/\/tc-kuenzell-dicker-turm.de\/wp-content\/uploads\/2018\/07\/IMG_5636-1024x768.jpg 1024w, https:\/\/tc-kuenzell-dicker-turm.de\/wp-content\/uploads\/2018\/07\/IMG_5636-600x450.jpg 600w, https:\/\/tc-kuenzell-dicker-turm.de\/wp-content\/uploads\/2018\/07\/IMG_5636-400x300.jpg 400w\" sizes=\"auto, (max-width: 172px) 100vw, 172px\" \/><\/a> <a href=\"http:\/\/tc-kuenzell-dicker-turm.de\/?attachment_id=2933\" rel=\"attachment wp-att-2933\"><img loading=\"lazy\" decoding=\"async\" class=\"alignnone wp-image-2933\" src=\"http:\/\/tc-kuenzell-dicker-turm.de\/wp-content\/uploads\/2018\/07\/IMG_5639.jpg\" alt=\"\" width=\"168\" height=\"127\" srcset=\"https:\/\/tc-kuenzell-dicker-turm.de\/wp-content\/uploads\/2018\/07\/IMG_5639.jpg 4032w, https:\/\/tc-kuenzell-dicker-turm.de\/wp-content\/uploads\/2018\/07\/IMG_5639-300x225.jpg 300w, https:\/\/tc-kuenzell-dicker-turm.de\/wp-content\/uploads\/2018\/07\/IMG_5639-768x576.jpg 768w, https:\/\/tc-kuenzell-dicker-turm.de\/wp-content\/uploads\/2018\/07\/IMG_5639-1024x768.jpg 1024w, https:\/\/tc-kuenzell-dicker-turm.de\/wp-content\/uploads\/2018\/07\/IMG_5639-600x450.jpg 600w, https:\/\/tc-kuenzell-dicker-turm.de\/wp-content\/uploads\/2018\/07\/IMG_5639-400x300.jpg 400w\" sizes=\"auto, (max-width: 168px) 100vw, 168px\" \/><\/a> <a href=\"http:\/\/tc-kuenzell-dicker-turm.de\/?attachment_id=2934\" rel=\"attachment wp-att-2934\"><img loading=\"lazy\" decoding=\"async\" class=\"alignnone wp-image-2934\" src=\"http:\/\/tc-kuenzell-dicker-turm.de\/wp-content\/uploads\/2018\/07\/IMG_5643.jpg\" alt=\"\" width=\"171\" height=\"129\" srcset=\"https:\/\/tc-kuenzell-dicker-turm.de\/wp-content\/uploads\/2018\/07\/IMG_5643.jpg 4032w, https:\/\/tc-kuenzell-dicker-turm.de\/wp-content\/uploads\/2018\/07\/IMG_5643-300x225.jpg 300w, https:\/\/tc-kuenzell-dicker-turm.de\/wp-content\/uploads\/2018\/07\/IMG_5643-768x576.jpg 768w, https:\/\/tc-kuenzell-dicker-turm.de\/wp-content\/uploads\/2018\/07\/IMG_5643-1024x768.jpg 1024w, https:\/\/tc-kuenzell-dicker-turm.de\/wp-content\/uploads\/2018\/07\/IMG_5643-600x450.jpg 600w, https:\/\/tc-kuenzell-dicker-turm.de\/wp-content\/uploads\/2018\/07\/IMG_5643-400x300.jpg 400w\" sizes=\"auto, (max-width: 171px) 100vw, 171px\" \/><\/a> <a href=\"http:\/\/tc-kuenzell-dicker-turm.de\/?attachment_id=2935\" rel=\"attachment wp-att-2935\"><img loading=\"lazy\" decoding=\"async\" class=\"alignnone wp-image-2935\" src=\"http:\/\/tc-kuenzell-dicker-turm.de\/wp-content\/uploads\/2018\/07\/IMG_5644.jpg\" alt=\"\" width=\"172\" height=\"130\" srcset=\"https:\/\/tc-kuenzell-dicker-turm.de\/wp-content\/uploads\/2018\/07\/IMG_5644.jpg 4032w, https:\/\/tc-kuenzell-dicker-turm.de\/wp-content\/uploads\/2018\/07\/IMG_5644-300x225.jpg 300w, https:\/\/tc-kuenzell-dicker-turm.de\/wp-content\/uploads\/2018\/07\/IMG_5644-768x576.jpg 768w, https:\/\/tc-kuenzell-dicker-turm.de\/wp-content\/uploads\/2018\/07\/IMG_5644-1024x768.jpg 1024w, https:\/\/tc-kuenzell-dicker-turm.de\/wp-content\/uploads\/2018\/07\/IMG_5644-600x450.jpg 600w, https:\/\/tc-kuenzell-dicker-turm.de\/wp-content\/uploads\/2018\/07\/IMG_5644-400x300.jpg 400w\" sizes=\"auto, (max-width: 172px) 100vw, 172px\" \/><\/a>&nbsp;<a href=\"http:\/\/tc-kuenzell-dicker-turm.de\/?attachment_id=2939\" rel=\"attachment wp-att-2939\"><img loading=\"lazy\" decoding=\"async\" class=\"alignnone wp-image-2939\" src=\"http:\/\/tc-kuenzell-dicker-turm.de\/wp-content\/uploads\/2018\/07\/IMG_5599.jpg\" alt=\"\" width=\"184\" height=\"139\" srcset=\"https:\/\/tc-kuenzell-dicker-turm.de\/wp-content\/uploads\/2018\/07\/IMG_5599.jpg 2016w, https:\/\/tc-kuenzell-dicker-turm.de\/wp-content\/uploads\/2018\/07\/IMG_5599-300x225.jpg 300w, https:\/\/tc-kuenzell-dicker-turm.de\/wp-content\/uploads\/2018\/07\/IMG_5599-768x576.jpg 768w, https:\/\/tc-kuenzell-dicker-turm.de\/wp-content\/uploads\/2018\/07\/IMG_5599-1024x768.jpg 1024w, https:\/\/tc-kuenzell-dicker-turm.de\/wp-content\/uploads\/2018\/07\/IMG_5599-600x450.jpg 600w, https:\/\/tc-kuenzell-dicker-turm.de\/wp-content\/uploads\/2018\/07\/IMG_5599-400x300.jpg 400w\" sizes=\"auto, (max-width: 184px) 100vw, 184px\" \/><\/a><\/p>\n","protected":false},"excerpt":{"rendered":"<p>30.06.18 &#8211; 01.07.18 &#8211; K\u00fcnzell OPEN 2018 Bei herrlichem Sonnenschein fanden die 5. K\u00fcnzell OPEN statt. Im Vergleich zu den vergangen Jahren war das Teilnehmerfeld der Herren dieses Jahr sp\u00e4rlicher besetzt. Daf\u00fcr war die Beteiligung bei den Herren 40 hoch. &hellip; <a href=\"https:\/\/tc-kuenzell-dicker-turm.de\/index.php\/turniere\/kuenzell-open-2018\/\">Weiterlesen <span class=\"meta-nav\">&rarr;<\/span><\/a><\/p>\n","protected":false},"author":1,"featured_media":0,"parent":772,"menu_order":0,"comment_status":"closed","ping_status":"closed","template":"","meta":{"footnotes":""},"class_list":["post-2900","page","type-page","status-publish","hentry"],"_links":{"self":[{"href":"https:\/\/tc-kuenzell-dicker-turm.de\/index.php\/wp-json\/wp\/v2\/pages\/2900","targetHints":{"allow":["GET"]}}],"collection":[{"href":"https:\/\/tc-kuenzell-dicker-turm.de\/index.php\/wp-json\/wp\/v2\/pages"}],"about":[{"href":"https:\/\/tc-kuenzell-dicker-turm.de\/index.php\/wp-json\/wp\/v2\/types\/page"}],"author":[{"embeddable":true,"href":"https:\/\/tc-kuenzell-dicker-turm.de\/index.php\/wp-json\/wp\/v2\/users\/1"}],"replies":[{"embeddable":true,"href":"https:\/\/tc-kuenzell-dicker-turm.de\/index.php\/wp-json\/wp\/v2\/comments?post=2900"}],"version-history":[{"count":0,"href":"https:\/\/tc-kuenzell-dicker-turm.de\/index.php\/wp-json\/wp\/v2\/pages\/2900\/revisions"}],"up":[{"embeddable":true,"href":"https:\/\/tc-kuenzell-dicker-turm.de\/index.php\/wp-json\/wp\/v2\/pages\/772"}],"wp:attachment":[{"href":"https:\/\/tc-kuenzell-dicker-turm.de\/index.php\/wp-json\/wp\/v2\/media?parent=2900"}],"curies":[{"name":"wp","href":"https:\/\/api.w.org\/{rel}","templated":true}]}}