{"id":2348,"date":"2017-02-20T18:14:49","date_gmt":"2017-02-20T17:14:49","guid":{"rendered":"http:\/\/tc-kuenzell-dicker-turm.de\/?page_id=2348"},"modified":"2024-09-16T19:02:13","modified_gmt":"2024-09-16T17:02:13","slug":"topspin-u12-cup","status":"publish","type":"page","link":"https:\/\/tc-kuenzell-dicker-turm.de\/index.php\/topspin-u12-cup\/","title":{"rendered":"Gemischt U12"},"content":{"rendered":"\n<p class=\"has-blue-color has-text-color has-link-color has-medium-font-size wp-elements-fb588cfdf19d3b0bb340e87ec9a63e6b\"><strong>Saison 2024 &#8211; Vizemeister Kreisliga B<\/strong><\/p>\n\n\n\n<p>Foto: von links: Lina Bousaki, Lennard Bott, Johannes Ullmann, Mannschaftsf\u00fchrer Luka Stey und vorm Arthur Sz\u00f6ll\u00f6si. Es fehlen: Leo von Brucj, Ella Brand, Felix Klitsch und Nelli Tretropp\u00a0\u00a0<\/p>\n\n\n\n<figure class=\"wp-block-image size-large\"><a href=\"https:\/\/tc-kuenzell-dicker-turm.de\/wp-content\/uploads\/2024\/09\/G12.jpg\"><img loading=\"lazy\" decoding=\"async\" width=\"1024\" height=\"768\" src=\"https:\/\/tc-kuenzell-dicker-turm.de\/wp-content\/uploads\/2024\/09\/G12-1024x768.jpg\" alt=\"\" class=\"wp-image-5262\" srcset=\"https:\/\/tc-kuenzell-dicker-turm.de\/wp-content\/uploads\/2024\/09\/G12-1024x768.jpg 1024w, https:\/\/tc-kuenzell-dicker-turm.de\/wp-content\/uploads\/2024\/09\/G12-300x225.jpg 300w, https:\/\/tc-kuenzell-dicker-turm.de\/wp-content\/uploads\/2024\/09\/G12-768x576.jpg 768w, https:\/\/tc-kuenzell-dicker-turm.de\/wp-content\/uploads\/2024\/09\/G12-1536x1152.jpg 1536w, https:\/\/tc-kuenzell-dicker-turm.de\/wp-content\/uploads\/2024\/09\/G12-400x300.jpg 400w, https:\/\/tc-kuenzell-dicker-turm.de\/wp-content\/uploads\/2024\/09\/G12.jpg 2048w\" sizes=\"auto, (max-width: 1024px) 100vw, 1024px\" \/><\/a><\/figure>\n\n\n<p><strong><span style=\"color: #ff0000;\">Saison 2023 &#8211;<\/span><\/strong> keine Mannschaft gemeldet<\/p>\n<p><strong><span style=\"color: #ff0000;\">Saison 2022 &#8211;<\/span><span style=\"color: #ff0000;\"> Kreisliga B\u00a0 \u00a0 \u00a0 \u00a0 \u00a0 \u00a0 \u00a0 \u00a0 \u00a0 \u00a0 \u00a0 \u00a0 \u00a0 \u00a0 \u00a0 \u00a0 \u00a0 \u00a0 \u00a0 \u00a0 \u00a0 \u00a0 \u00a0 \u00a0 \u00a0 \u00a0 \u00a0 \u00a0 \u00a0 \u00a0 \u00a0 \u00a0 \u00a0 \u00a0 \u00a0 \u00a0 \u00a0 \u00a0 \u00a0 \u00a0 \u00a0 \u00a0 \u00a0 \u00a0 \u00a0 \u00a0 \u00a0 \u00a0 \u00a0 \u00a0 <\/span><\/strong>Am Ende ein Platz im Mittelfeld mit 4:8 Punkten.<\/p>\n<p><a href=\"http:\/\/tc-kuenzell-dicker-turm.de\/wp-content\/uploads\/2022\/08\/4e072ad4-8f97-4d9e-bae9-4945b983551b.jpg\"><img loading=\"lazy\" decoding=\"async\" class=\"alignnone size-medium wp-image-4516\" src=\"http:\/\/tc-kuenzell-dicker-turm.de\/wp-content\/uploads\/2022\/08\/4e072ad4-8f97-4d9e-bae9-4945b983551b-300x225.jpg\" alt=\"\" width=\"300\" height=\"225\" srcset=\"https:\/\/tc-kuenzell-dicker-turm.de\/wp-content\/uploads\/2022\/08\/4e072ad4-8f97-4d9e-bae9-4945b983551b-300x225.jpg 300w, https:\/\/tc-kuenzell-dicker-turm.de\/wp-content\/uploads\/2022\/08\/4e072ad4-8f97-4d9e-bae9-4945b983551b-1024x768.jpg 1024w, https:\/\/tc-kuenzell-dicker-turm.de\/wp-content\/uploads\/2022\/08\/4e072ad4-8f97-4d9e-bae9-4945b983551b-768x576.jpg 768w, https:\/\/tc-kuenzell-dicker-turm.de\/wp-content\/uploads\/2022\/08\/4e072ad4-8f97-4d9e-bae9-4945b983551b-1536x1152.jpg 1536w, https:\/\/tc-kuenzell-dicker-turm.de\/wp-content\/uploads\/2022\/08\/4e072ad4-8f97-4d9e-bae9-4945b983551b-400x300.jpg 400w, https:\/\/tc-kuenzell-dicker-turm.de\/wp-content\/uploads\/2022\/08\/4e072ad4-8f97-4d9e-bae9-4945b983551b.jpg 2048w\" sizes=\"auto, (max-width: 300px) 100vw, 300px\" \/><\/a> <a href=\"http:\/\/tc-kuenzell-dicker-turm.de\/wp-content\/uploads\/2022\/08\/9b27760e-259e-40eb-8ec3-55dd4d1e735f.jpg\"><img loading=\"lazy\" decoding=\"async\" class=\"alignnone  wp-image-4518\" src=\"http:\/\/tc-kuenzell-dicker-turm.de\/wp-content\/uploads\/2022\/08\/9b27760e-259e-40eb-8ec3-55dd4d1e735f-300x285.jpg\" alt=\"\" width=\"243\" height=\"232\" srcset=\"https:\/\/tc-kuenzell-dicker-turm.de\/wp-content\/uploads\/2022\/08\/9b27760e-259e-40eb-8ec3-55dd4d1e735f-300x285.jpg 300w, https:\/\/tc-kuenzell-dicker-turm.de\/wp-content\/uploads\/2022\/08\/9b27760e-259e-40eb-8ec3-55dd4d1e735f-768x730.jpg 768w, https:\/\/tc-kuenzell-dicker-turm.de\/wp-content\/uploads\/2022\/08\/9b27760e-259e-40eb-8ec3-55dd4d1e735f-316x300.jpg 316w, https:\/\/tc-kuenzell-dicker-turm.de\/wp-content\/uploads\/2022\/08\/9b27760e-259e-40eb-8ec3-55dd4d1e735f.jpg 960w\" sizes=\"auto, (max-width: 243px) 100vw, 243px\" \/><\/a><\/p>\n<p><span style=\"color: #ff0000;\"><strong>Saison 2020 &#8211; Kreisliga A\u00a0 \u00a0 \u00a0 \u00a0 \u00a0 \u00a0 \u00a0 \u00a0 \u00a0 \u00a0 \u00a0 \u00a0 \u00a0 \u00a0 \u00a0 \u00a0 \u00a0 \u00a0 \u00a0 \u00a0 \u00a0 \u00a0 \u00a0 \u00a0 \u00a0 \u00a0 \u00a0 \u00a0 \u00a0 \u00a0 \u00a0 \u00a0 \u00a0 \u00a0 \u00a0 \u00a0 \u00a0 \u00a0 \u00a0 \u00a0 \u00a0 \u00a0 \u00a0 \u00a0 \u00a0 \u00a0 \u00a0 \u00a0 \u00a0 <\/strong><\/span><strong>Platz 3 mit 9:5 Punkten<\/strong><\/p>\n<p><strong><span style=\"color: #ff0000;\">Saison 2018 &#8211; <\/span><\/strong><strong><span style=\"color: #ff0000;\">KREISMEISTER\u00a0 und\u00a0 VIZE-BEZIRKSMEISTER<\/span><\/strong><a href=\"http:\/\/tc-kuenzell-dicker-turm.de\/?attachment_id=2977\" rel=\"attachment wp-att-2977\"><img loading=\"lazy\" decoding=\"async\" class=\"wp-image-2977 alignleft\" src=\"http:\/\/tc-kuenzell-dicker-turm.de\/wp-content\/uploads\/2018\/09\/IMG_2548.jpg\" alt=\"\" width=\"339\" height=\"450\" \/><\/a><\/p>\n<p>von links nach rechts:<br \/>\nMaximilian Vey, Elisabeth Schneider, Luca Hohmann, Jacob Sch\u00e4fer<\/p>\n<p>In der diesj\u00e4hrigen Saison erspielte sich die Jugend-mannschaft Gemischte U12 den Titel Kreismeister und anschlie\u00dfend holten sie sich noch den 2. Platz bei den Bezirksmeisterschaften.<\/p>\n<p>Im Laufe der Sommersaison 2018 hatten die Kinder acht Begegnungen, die \u00fcberwiegend mit einem 6:0 Sieg endeten. Einzig und allein H\u00fcnfeld konnte uns ein Unentschieden ab-ringen. So standen wir am Ende der Saison mit 15:1 Punkten, 43:5 Matches, 87:14 S\u00e4tzen und 531:188 Spielen auf Tabellenplatz 1.<br \/>\nDas Halbfinalspiel viel leider f\u00fcr uns aus, da der TC Leun als dortiger Kreismeister nicht angetreten ist. Somit waren wir im Finale.<br \/>\nAm 16.09.2018 um 10.00 Uhr war dann das Finale der Bezirksmeisterschaft in Herborn\/Sch\u00f6nbach angesetzt.<br \/>\nUnsere Mannschaft ist mit Elisabeth Schneider, Luca Hohmann, Maximilian Vey und Jacob Sch\u00e4fer vollz\u00e4hlig angetreten. Die Kinder des TC Sch\u00f6nbach haben gut gespielt, so dass es nach den Einzeln schon 1:3 gegen uns stand. Nur Maximilian Vey konnte sein Einzel klar\u00a0 6:0 6:0\u00a0 f\u00fcr sich entscheiden.<br \/>\nDas Ziel war nun, wenigstens noch ein Unentschieden zu erreichen. Leider ging unser Plan nicht auf. Nur Jacob Sch\u00e4fer und Maximilian Vey konnten ihr Doppel in einem spannenden Match\u00a0 6:4\u00a0 4:6\u00a0 10:4\u00a0 nach Hause bringen, so dass wir uns mit einem Endergebnis von 2:4 gegen die Kinder von Sch\u00f6nbach geschlagen geben mussten.<\/p>\n<p>Alles in Allem war es ein sch\u00f6ner Tag mit fairen Spielen und netten Gastgebern. Das Wetter hat auch wieder mitgespielt, wie eigentlich in der gesamten Tennissaison.<\/p>\n<p><strong><span style=\"color: #ff0000;\">gemischt U12 (4er) &#8211; Kreisliga A Gr. 105 43<\/span><\/strong><br \/>\n<strong><span style=\"color: #ff0000;\">Platz 1\u00a0 &#8211;\u00a0 15:1 Punkte\u00a0 &#8211;\u00a0 43:5 Matches<br \/>\nHERZLICHEN GL\u00dcCKWUNSCH !!!<br \/>\n<\/span><\/strong><\/p>\n<p><strong>gemischt U12 II (4er) &#8211; Kreisliga A Gr. 105 43<br \/>\nPlatz 5\u00a0 &#8211;\u00a0 8:8 Punkte\u00a0 &#8211;\u00a0 24:24 Matches<br \/>\n<\/strong><\/p>\n<p>Hier der LINK zur Ergebnistabelle:<br \/>\n<a href=\"https:\/\/htv.liga.nu\/cgi-bin\/WebObjects\/nuLigaDokumentTENDE.woa\/wa\/nuDokument?dokument=ScheduleReportFOP&amp;group=1303538&amp;etag=9adf22a9-02e8-4915-967d-9b64782cc168\">https:\/\/htv.liga.nu\/cgi-bin\/WebObjects\/nuLigaDokumentTENDE.woa\/wa\/nuDokument?dokument=ScheduleReportFOP&amp;group=1303538&amp;etag=9adf22a9-02e8-4915-967d-9b64782cc168<\/a><\/p>\n<p><em><strong><span style=\"color: #000000;\">NEU:\u00a0 <\/span><\/strong><\/em><strong><span style=\"color: #ff0000;\">Saison 2017 <\/span><\/strong><\/p>\n<p><strong><span style=\"color: #ff0000;\">Topspin U12 Cup &#8211; G (4er) &#8211; Kreisliga A Gr. 108 43 &#8211; 4.<\/span><span style=\"color: #ff0000;\"> Platz<\/span><\/strong><span style=\"color: #ff0000;\"><br \/>\n<\/span><span style=\"color: #ff0000;\"><span style=\"color: #000000;\">2:10 Punkte &#8211; 10:26 Matches<\/span><\/span><strong><span style=\"color: #ff0000;\"><br \/>\n<\/span><\/strong><\/p>\n<p><strong><span style=\"color: #ff0000;\">Topspin U12 Cup &#8211; G II (4er) &#8211; Kreisliga A Gr. 109 43 &#8211; 3. Platz<br \/>\n<\/span><\/strong><span style=\"color: #ff0000;\"><span style=\"color: #000000;\">8:4 Punkte &#8211; 19:17 Matches <\/span><\/span><\/p>","protected":false},"excerpt":{"rendered":"<p>Saison 2024 &#8211; Vizemeister Kreisliga B Foto: von links: Lina Bousaki, Lennard Bott, Johannes Ullmann, Mannschaftsf\u00fchrer Luka Stey und vorm Arthur Sz\u00f6ll\u00f6si. Es fehlen: Leo von Brucj, Ella Brand, Felix Klitsch und Nelli Tretropp\u00a0\u00a0 Saison 2023 &#8211; keine Mannschaft gemeldet &hellip; <a href=\"https:\/\/tc-kuenzell-dicker-turm.de\/index.php\/topspin-u12-cup\/\">Weiterlesen <span class=\"meta-nav\">&rarr;<\/span><\/a><\/p>\n","protected":false},"author":1,"featured_media":0,"parent":0,"menu_order":0,"comment_status":"closed","ping_status":"closed","template":"","meta":{"footnotes":""},"class_list":["post-2348","page","type-page","status-publish","hentry"],"_links":{"self":[{"href":"https:\/\/tc-kuenzell-dicker-turm.de\/index.php\/wp-json\/wp\/v2\/pages\/2348","targetHints":{"allow":["GET"]}}],"collection":[{"href":"https:\/\/tc-kuenzell-dicker-turm.de\/index.php\/wp-json\/wp\/v2\/pages"}],"about":[{"href":"https:\/\/tc-kuenzell-dicker-turm.de\/index.php\/wp-json\/wp\/v2\/types\/page"}],"author":[{"embeddable":true,"href":"https:\/\/tc-kuenzell-dicker-turm.de\/index.php\/wp-json\/wp\/v2\/users\/1"}],"replies":[{"embeddable":true,"href":"https:\/\/tc-kuenzell-dicker-turm.de\/index.php\/wp-json\/wp\/v2\/comments?post=2348"}],"version-history":[{"count":0,"href":"https:\/\/tc-kuenzell-dicker-turm.de\/index.php\/wp-json\/wp\/v2\/pages\/2348\/revisions"}],"wp:attachment":[{"href":"https:\/\/tc-kuenzell-dicker-turm.de\/index.php\/wp-json\/wp\/v2\/media?parent=2348"}],"curies":[{"name":"wp","href":"https:\/\/api.w.org\/{rel}","templated":true}]}}