{"id":2339,"date":"2017-02-20T18:06:34","date_gmt":"2017-02-20T17:06:34","guid":{"rendered":"http:\/\/tc-kuenzell-dicker-turm.de\/?page_id=2339"},"modified":"2024-07-03T21:54:02","modified_gmt":"2024-07-03T19:54:02","slug":"herren-40","status":"publish","type":"page","link":"https:\/\/tc-kuenzell-dicker-turm.de\/index.php\/herren-40\/","title":{"rendered":"Herren 30 und Herren 40"},"content":{"rendered":"\n<p class=\"has-blue-color has-text-color has-link-color has-medium-font-size wp-elements-19f2bff1cbbec4cea149c7a916a37b4b\"><strong>Saison 2023<\/strong> &#8211; Herren 30 Bezirksoberliga &#8211; Platz 4<\/p>\n\n\n<p><strong><span style=\"color: #ff0000;\">Saison 2022<\/span> &#8211; Herren 30 Bezirksoberliga\u00a0 \u00a0 \u00a0 \u00a0 \u00a0 \u00a0 \u00a0 \u00a0 \u00a0 \u00a0 \u00a0 \u00a0 \u00a0 \u00a0 \u00a0 \u00a0 \u00a0 \u00a0 \u00a0 \u00a0 \u00a0 \u00a0 \u00a0 \u00a0 \u00a0 \u00a0 \u00a0 \u00a0 \u00a0 \u00a0 \u00a0 \u00a0 \u00a0 \u00a0 <\/strong>Vizemeister mit 7:3 Punkten. Starke Vorstellung.<\/p>\n<p><a href=\"http:\/\/tc-kuenzell-dicker-turm.de\/wp-content\/uploads\/2022\/05\/abe8c8c1-fbee-4974-b58f-753254a96752.jpg\"><img loading=\"lazy\" decoding=\"async\" class=\"alignnone size-medium wp-image-4326\" src=\"http:\/\/tc-kuenzell-dicker-turm.de\/wp-content\/uploads\/2022\/05\/abe8c8c1-fbee-4974-b58f-753254a96752-300x259.jpg\" alt=\"\" width=\"300\" height=\"259\" srcset=\"https:\/\/tc-kuenzell-dicker-turm.de\/wp-content\/uploads\/2022\/05\/abe8c8c1-fbee-4974-b58f-753254a96752-300x259.jpg 300w, https:\/\/tc-kuenzell-dicker-turm.de\/wp-content\/uploads\/2022\/05\/abe8c8c1-fbee-4974-b58f-753254a96752-768x664.jpg 768w, https:\/\/tc-kuenzell-dicker-turm.de\/wp-content\/uploads\/2022\/05\/abe8c8c1-fbee-4974-b58f-753254a96752-347x300.jpg 347w, https:\/\/tc-kuenzell-dicker-turm.de\/wp-content\/uploads\/2022\/05\/abe8c8c1-fbee-4974-b58f-753254a96752.jpg 1024w\" sizes=\"auto, (max-width: 300px) 100vw, 300px\" \/><\/a><\/p>\n<p>von links: J\u00fcrgen Wagner, Marcel Br\u00e4hler, Thorsten Nophut, Andreas Stehling, Sven K\u00e4mpfe. Es fehlen Nico Schulz und Christoph Lamohr<\/p>\n<p><strong><span style=\"color: #ff0000;\">Saison 2021<\/span> <\/strong>&#8211; <strong>Herren 30 &#8211; Vizemeister Bezirksliga A<\/strong><\/p>\n<p><a href=\"http:\/\/tc-kuenzell-dicker-turm.de\/wp-content\/uploads\/2021\/09\/Herren-30-Kopie-scaled.jpeg\"><img loading=\"lazy\" decoding=\"async\" class=\"alignnone  wp-image-4067\" src=\"http:\/\/tc-kuenzell-dicker-turm.de\/wp-content\/uploads\/2021\/09\/Herren-30-Kopie-300x224.jpeg\" alt=\"\" width=\"388\" height=\"293\" \/><\/a><\/p>\n<p>von links: Andreas Stehling, Sven K\u00e4mpfe, Marcel Br\u00e4hler und Thorsten Nophut. Es fehlt Nico Schulz<\/p>\n<p><strong><span style=\"color: #ff0000;\">Saison 2019<\/span><\/strong> &#8211; <strong>Bezirksliga A<\/strong> &#8211; <strong>Platz 6 mit 1:11 Punkten\u00a0<\/strong> \u00a0 \u00a0 \u00a0 \u00a0 \u00a0 \u00a0 \u00a0 \u00a0 \u00a0 \u00a0 \u00a0 \u00a0 \u00a0 \u00a0 \u00a0 \u00a0 \u00a0 \u00a0 \u00a0 \u00a0 \u00a0 \u00a0 \u00a0 \u00a0 Abstieg und Aufl\u00f6sung\/Aufteilung der Mannschaft in Herren 30 und Herren 60<\/p>\n<p><span style=\"color: #ff0000;\"><strong>Saison 2017\u00a0 &#8211;\u00a0 Kreisliga A (4er) Gr. 056 43 &#8211; 1. Platz &#8211; MEISTER<br \/>\n<\/strong><\/span><\/p>\n<p><strong>Herren 40 \u00fcberraschend Meister der Kreisliga A im Jahr EINS<br \/>\nungeschlagen mit 14:2 Punkten &#8211; Aufstieg in die Bezirksliga<\/strong><\/p>\n<p>Durch Spieler von anderen Vereinen sowie Spieler, die erstmals an einer Punktrunde teilnehmen wollten und den langj\u00e4hrigen Mitgliedern konnte nach einigen Jahren wieder eine Altersklasse Herren 40 f\u00fcr die Saison 2017 gemeldet werden. Die Saisonvorbereitung lief gut an. Man n\u00e4herte sich dem Saisonstart mit zwischenzeitlich leider mehreren verletzten Spielern und aus beruflichen Gr\u00fcnden waren leider auch nicht immer alle einsatzf\u00e4hig. Somit war das Saisonziel: Eine gute Platzierung.<\/p>\n<p>Der Spielerkader setzte sich zusammen mit<br \/>\nThorsten Nophut, Andr\u00e9 Hansen, J\u00fcrgen Dreymann, Ralph Zapke, Martin Zentgraf, Ulrich Bau, Manfred Jaksch, Michael Wehner und Peter Rustler.<\/p>\n<p>Mit Michael Wehner und Peter Rustler standen zwei Spieler neu im Kader, die bisher noch kein Punktspiel bestritten hatten.<\/p>\n<p>\u00dcberraschend und somit umso erfreulicher entwickelte sich die Spannung von Spiel zu Spiel. Das erste Spiel gegen den vermeindlichen Favoriten SW Niesig wurde 5:1 gewonnen. Nach dem zweiten Spiel gegen H\u00fcnfeld, welches ebenfalls mit 5:1 gewonnen wurde, waren wir schon beruhigter und mit der Lust nach mehr. Es folgte ein 3:3 gegen Petersberg ausw\u00e4rts, ein Sieg mit 5:1 in Lauterbach, ein Sieg zu Hause gegen Petersberg mit 4:2. In Niesig konnte wieder ein 5:1 Sieg mit nach Hause genommen werden. Das gleiche Ergebnis wurde in H\u00fcnfeld erzielt. Das letzte Spiel zu Hause gegen Lauterbach mit dem Ergebnis 3:3 rundete den Erfolg ab, mit einer ungeschlagenen Saison Meister der Kreisliga A zu sein und damit den Aufstieg in die Bezirksliga erspielt zu haben.<\/p>\n<p>Thorsten Nophut konnte 4 Einzel und 1 Doppel gewinnen und war auch erfolgreicher Spieler bei den Herren<br \/>\nAndr\u00e9 Hansen erreichte 7 gewonnene Einzel und 7 Siege im Doppel<br \/>\nJ\u00fcrgen Dreymann lieferte 2 gewonnene Einzel und 2 Siege im Doppel<br \/>\nRalph Zapke spielte ohne Niederlage in 6 Einzel und 5 Doppel<br \/>\nMartin Zentgraf gewann 2 Einzel und 1 Doppel<br \/>\nUlrich Bau blieb ohne Niederlage mit einem Einzelsieg und 3 erfolgreichen Doppel<br \/>\nManfred Jaksch steuerte die fehlenden Punkte mit 2 siegreichen Einzel und 3 Doppel bei<\/p>\n<p>Alle waren \u00fcberw\u00e4ltigt von dem Erfolg, der am Anfang der Saison nie erwartet wurde. Dieser Erfolg wurde selbstverst\u00e4ndlich geb\u00fchrend gefeiert.<\/p>\n<p>Nicht nur die Mannschaft Herren 40 waren \u00fcber diese Meisterschaft erfreut. Nat\u00fcrlich auch der Vorstand unseres Vereines gratulierte zu diesem Erfolg.<br \/>\nHerzlichen Gl\u00fcckwunsch!<\/p>\n<p><a href=\"http:\/\/tc-kuenzell-dicker-turm.de\/wp-content\/uploads\/2019\/02\/Herren-40-2017-Pixel.jpg\"><img loading=\"lazy\" decoding=\"async\" class=\"alignnone  wp-image-3132\" src=\"http:\/\/tc-kuenzell-dicker-turm.de\/wp-content\/uploads\/2019\/02\/Herren-40-2017-Pixel-300x255.jpg\" alt=\"\" width=\"533\" height=\"456\" \/><\/a><\/p>\n<p><em>Anmerkung: Gesicht auf Wunsch des Spielers verpixelt.<\/em><\/p>\n<p class=\"wp-caption-dd\">","protected":false},"excerpt":{"rendered":"<p>Saison 2023 &#8211; Herren 30 Bezirksoberliga &#8211; Platz 4 Saison 2022 &#8211; Herren 30 Bezirksoberliga\u00a0 \u00a0 \u00a0 \u00a0 \u00a0 \u00a0 \u00a0 \u00a0 \u00a0 \u00a0 \u00a0 \u00a0 \u00a0 \u00a0 \u00a0 \u00a0 \u00a0 \u00a0 \u00a0 \u00a0 \u00a0 \u00a0 \u00a0 \u00a0 \u00a0 \u00a0 &hellip; <a href=\"https:\/\/tc-kuenzell-dicker-turm.de\/index.php\/herren-40\/\">Weiterlesen <span class=\"meta-nav\">&rarr;<\/span><\/a><\/p>\n","protected":false},"author":1,"featured_media":0,"parent":0,"menu_order":0,"comment_status":"closed","ping_status":"closed","template":"","meta":{"footnotes":""},"class_list":["post-2339","page","type-page","status-publish","hentry"],"_links":{"self":[{"href":"https:\/\/tc-kuenzell-dicker-turm.de\/index.php\/wp-json\/wp\/v2\/pages\/2339","targetHints":{"allow":["GET"]}}],"collection":[{"href":"https:\/\/tc-kuenzell-dicker-turm.de\/index.php\/wp-json\/wp\/v2\/pages"}],"about":[{"href":"https:\/\/tc-kuenzell-dicker-turm.de\/index.php\/wp-json\/wp\/v2\/types\/page"}],"author":[{"embeddable":true,"href":"https:\/\/tc-kuenzell-dicker-turm.de\/index.php\/wp-json\/wp\/v2\/users\/1"}],"replies":[{"embeddable":true,"href":"https:\/\/tc-kuenzell-dicker-turm.de\/index.php\/wp-json\/wp\/v2\/comments?post=2339"}],"version-history":[{"count":0,"href":"https:\/\/tc-kuenzell-dicker-turm.de\/index.php\/wp-json\/wp\/v2\/pages\/2339\/revisions"}],"wp:attachment":[{"href":"https:\/\/tc-kuenzell-dicker-turm.de\/index.php\/wp-json\/wp\/v2\/media?parent=2339"}],"curies":[{"name":"wp","href":"https:\/\/api.w.org\/{rel}","templated":true}]}}