{"id":230,"date":"2014-08-01T22:01:25","date_gmt":"2014-08-01T20:01:25","guid":{"rendered":"http:\/\/tc-kuenzell-dicker-turm.de\/?page_id=230"},"modified":"2020-09-07T20:57:39","modified_gmt":"2020-09-07T18:57:39","slug":"lk-turnier-2014","status":"publish","type":"page","link":"https:\/\/tc-kuenzell-dicker-turm.de\/index.php\/lk-turnier-2014\/","title":{"rendered":"K\u00fcnzell OPEN 2014"},"content":{"rendered":"<p><span style=\"font-weight: normal;\"><a href=\"http:\/\/tc-kuenzell-dicker-turm.de\/wp-content\/uploads\/2014\/08\/plakat-tk1.jpg\"><img loading=\"lazy\" decoding=\"async\" class=\" wp-image-1210 size-medium alignleft\" src=\"http:\/\/tc-kuenzell-dicker-turm.de\/wp-content\/uploads\/2014\/08\/plakat-tk1-211x300.jpg\" alt=\"Plakat TK\" width=\"211\" height=\"300\" srcset=\"https:\/\/tc-kuenzell-dicker-turm.de\/wp-content\/uploads\/2014\/08\/plakat-tk1-211x300.jpg 211w, https:\/\/tc-kuenzell-dicker-turm.de\/wp-content\/uploads\/2014\/08\/plakat-tk1-720x1024.jpg 720w, https:\/\/tc-kuenzell-dicker-turm.de\/wp-content\/uploads\/2014\/08\/plakat-tk1-600x853.jpg 600w\" sizes=\"auto, (max-width: 211px) 100vw, 211px\" \/><\/a>Am Freitagnachmittag startete unser erstes<br \/>\nLK Turnier. Bei Temperaturen \u00fcber 30 Grad verlangten sich die Spieler in hart umk\u00e4mpften Matches alles ab. In der vollbesetzten Herren-Konkurrenz gelang Adrian Sonntag mit einem Sieg<\/span><span class=\"text_exposed_show\" style=\"font-weight: normal;\">&nbsp;\u00fcber den an Position 4 gesetzten Frank Geiling die gr\u00f6\u00dfte \u00dcberraschung. Tolle Duelle lieferten sich unter anderem Jonas Grafe mit Fabian Steinmann, Sven K\u00e4mpfe mit Marcus Arnold im Viertelfinale oder&nbsp;Julia Schiewe mit Carina M\u00f6ller im Halbfinale. Hochklassiges und spannendes Tennis bekamen die Zuschauer im Herrenfinale zwischen Marcus Arnold und Michael Ritz zu sehen.<a href=\"http:\/\/tc-kuenzell-dicker-turm.de\/wp-content\/uploads\/2014\/08\/plakat-tk.jpg\"><br \/>\n<\/a><\/span><\/p>\n<p><strong><span style=\"color: #0000ff;\">Damen &nbsp; &nbsp; &nbsp;<\/span><br \/>\n<\/strong><span style=\"text-decoration: underline;\"><strong>Viertelfinale<\/strong><\/span>:<br \/>\nCarina M\u00f6ller \u2013 Natascha Pappert 6:1; 6:3; Julia Schiewe \u2013 Adeline Franz 6:0; 6:1; Ramona M\u00f6ller\u2013Melanie Krimmel 6:3; 6:1; Isabel Hahner\u2013Leonie Sch\u00e4fer 6:2;&nbsp;6:3<br \/>\n<strong><span style=\"text-decoration: underline;\">Halbfinale<\/span>:<\/strong><br \/>\nCarina M\u00f6ller \u2013Julia Schiewe 6:1; 7:6; Isabel Hahner \u2013 Ramona M\u00f6ller 6:2; 4:6; 7:6<br \/>\n<span style=\"text-decoration: underline;\"><strong>Finale<\/strong><\/span>:<br \/>\n<em><strong>Carina M\u00f6ller<\/strong> <\/em>\u2013 Isabel Hahner 6:1; 6:4<\/p>\n<p><strong><span style=\"color: #0000ff;\">Damen 40<\/span><br \/>\n<span style=\"text-decoration: underline;\">Viertelfinale<\/span>: <\/strong><br \/>\nSandra Mattern \u2013 Katja Schirmer 6:2; 6:0;&nbsp; Petra Derenbach \u2013 Annette Trabert kampflos weiter;&nbsp;&nbsp; Simone Vey \u2013 Jutta Heil (nicht angetreten),<br \/>\nChrista Steinmann &#8211; Freilos<br \/>\n<span style=\"text-decoration: underline;\"><strong>Halbfinale:<\/strong><\/span><br \/>\nSandra Mattern \u2013 Christa Steinmann 6:2; 6:0; Simone Vey \u2013 Petra Derenbach 6:1; 6:4<br \/>\n<span style=\"text-decoration: underline;\"><strong>Finale: <\/strong><\/span><br \/>\n<em><strong>Sandra Mattern<\/strong> <\/em>&#8211; Simone Vey 6:1; 6:3<\/p>\n<p><strong><span style=\"color: #0000ff;\">Herren<\/span><br \/>\n<\/strong><span style=\"text-decoration: underline;\"><strong>Achtelfinale<\/strong>:<\/span><em><strong><br \/>\n<\/strong><\/em>Michael Ritz \u2013 Maximilian Hodes 6:0; 6:0; Julian R\u00f6der \u2013 Leon Schnarr 6:1; 6:1;<br \/>\nFrank Geiling \u2013 Alexander Winkler 6:0; 6:0;<br \/>\nAdrian Sonntag \u2013 Tobias Lamohr \u2013 kampflos an Sonntag;<br \/>\nSven K\u00e4mpfe &#8211; Nicolai Rimmler 6:1; 6:3; Marcus Arnold \u2013 Peter Ludwig 6:1: 6:2; Fabian Steinmann \u2013 Alexander H\u00fcttner 6:2; 6:4; Jonas Grafe kampflos<br \/>\n<span style=\"text-decoration: underline;\"><strong>Viertelfinale<\/strong>:<\/span><br \/>\nMichael Ritz \u2013 Julian R\u00f6der 6:0; 6:2; Adrian Sonntag \u2013 Frank Geiling 2:6; 6:4: 7:6; Marcus Arnold\u2013Sven K\u00e4mpfe 6:1: 6:0; Jonas Grafe\u2013Fabian Steinmann 6:4; 4:6;&nbsp;7:6.<br \/>\n<span style=\"text-decoration: underline;\"><strong>Halbfinale<\/strong>:<\/span><br \/>\nMichael Ritz \u2013 Adrian Sonntag 6:0; 6:3; Marcus Arnold \u2013 Jonas Grafe 6:1; 6:2<br \/>\n<span style=\"text-decoration: underline;\"><strong>Finale:<\/strong><\/span><br \/>\n<em><strong>Marcus Arnold<\/strong> <\/em>\u2013 Michael Ritz:&nbsp; 6:4; 5:7; 7:6 (12:10)<\/p>\n<p><strong><span style=\"color: #0000ff;\">Herren 40<\/span><br \/>\n<\/strong><span style=\"text-decoration: underline;\"><strong>Achtelfinale:<\/strong><\/span><br \/>\nThorsten Nophut \u2013 Freilos; Stefan Schulte \u2013 Harald Wartini 6:2: 4:6; 7:6;<br \/>\nGunnar Ipsen\u2013J\u00fcrg. Dreymann 6:1; 6:0; Christof Sch\u00fcrle \u2013 Andre Hansen 6:3; 4:6; 7:6;<br \/>\nThomas Schreiber \u2013Andreas Leibham 6:0; 6:0; Martin Schreiber \u2013Freilos;<br \/>\nMartin Zentgraf \u2013 Achim Blum 6:4; 6:4; Karsten Mielke . Freilos &nbsp; &nbsp; &nbsp; &nbsp; &nbsp; &nbsp; &nbsp; &nbsp; &nbsp; &nbsp; &nbsp; &nbsp; &nbsp; &nbsp; &nbsp; &nbsp; &nbsp; <span style=\"text-decoration: underline;\"><strong>Viertelfinale:<\/strong> <\/span><br \/>\nThorsten Nophut \u2013 Stefan Schulze 6:0; 6:0; Gunnar Ipsen \u2013 Christof Sch\u00fcrle 6:2; 6:3; Martin Schreiber\u2013Thomas Schreiber 6:2; 6:3;&nbsp; Karsten Mielke \u2013 Martin Zentgraf 6:0; 6:2<br \/>\n<strong><span style=\"text-decoration: underline;\">Halbfinale:<\/span><br \/>\n<\/strong>Gunnar Ipsen \u2013 Thorsten Nophut 6:4; 6:4; Martin Schreiber \u2013 Karsten Mielke 7:5; 6:0<br \/>\n<span style=\"text-decoration: underline;\"><strong>Finale<\/strong><\/span>:<br \/>\n<em><strong>Martin Schreiber<\/strong><\/em> \u2013 Gunnar Ipsen 7:5; 6:2<\/p>\n<p>Nach der vielen positiven Resonanz planen wir, auch 2015 ein LK Turnier zu veranstalten.<\/p>\n<p><img decoding=\"async\" class=\"ngg_displayed_gallery mceItem\" src=\"http:\/\/tc-kuenzell-dicker-turm.de\/index.php\/nextgen-attach_to_post\/preview\/id--514\" alt=\"\" data-mce-placeholder=\"1\"><\/p>\n<p><span class=\"text_exposed_show\" style=\"font-weight: normal;\">.<\/span><\/p>\n","protected":false},"excerpt":{"rendered":"<p>Am Freitagnachmittag startete unser erstes LK Turnier. Bei Temperaturen \u00fcber 30 Grad verlangten sich die Spieler in hart umk\u00e4mpften Matches alles ab. In der vollbesetzten Herren-Konkurrenz gelang Adrian Sonntag mit einem Sieg&nbsp;\u00fcber den an Position 4 gesetzten Frank Geiling die &hellip; <a href=\"https:\/\/tc-kuenzell-dicker-turm.de\/index.php\/lk-turnier-2014\/\">Weiterlesen <span class=\"meta-nav\">&rarr;<\/span><\/a><\/p>\n","protected":false},"author":1,"featured_media":0,"parent":0,"menu_order":0,"comment_status":"closed","ping_status":"closed","template":"","meta":{"footnotes":""},"class_list":["post-230","page","type-page","status-publish","hentry"],"_links":{"self":[{"href":"https:\/\/tc-kuenzell-dicker-turm.de\/index.php\/wp-json\/wp\/v2\/pages\/230","targetHints":{"allow":["GET"]}}],"collection":[{"href":"https:\/\/tc-kuenzell-dicker-turm.de\/index.php\/wp-json\/wp\/v2\/pages"}],"about":[{"href":"https:\/\/tc-kuenzell-dicker-turm.de\/index.php\/wp-json\/wp\/v2\/types\/page"}],"author":[{"embeddable":true,"href":"https:\/\/tc-kuenzell-dicker-turm.de\/index.php\/wp-json\/wp\/v2\/users\/1"}],"replies":[{"embeddable":true,"href":"https:\/\/tc-kuenzell-dicker-turm.de\/index.php\/wp-json\/wp\/v2\/comments?post=230"}],"version-history":[{"count":0,"href":"https:\/\/tc-kuenzell-dicker-turm.de\/index.php\/wp-json\/wp\/v2\/pages\/230\/revisions"}],"wp:attachment":[{"href":"https:\/\/tc-kuenzell-dicker-turm.de\/index.php\/wp-json\/wp\/v2\/media?parent=230"}],"curies":[{"name":"wp","href":"https:\/\/api.w.org\/{rel}","templated":true}]}}