{"id":227,"date":"2014-08-01T21:59:37","date_gmt":"2014-08-01T19:59:37","guid":{"rendered":"http:\/\/tc-kuenzell-dicker-turm.de\/?page_id=227"},"modified":"2015-07-26T10:56:17","modified_gmt":"2015-07-26T08:56:17","slug":"lk-turniere","status":"publish","type":"page","link":"https:\/\/tc-kuenzell-dicker-turm.de\/index.php\/lk-turniere\/","title":{"rendered":"LK Turniere"},"content":{"rendered":"<p><span style=\"color: #0000ff;\"><strong>LK Turniere<\/strong><\/span><\/p>\n<p>Seit 2014 f\u00fchrt unser Verein im Sommer ein LK Turnier in Damen und Herren Konkurrenzen durch. Durch die gro\u00dfe Unterst\u00fctzung innerhalb des Vereins, unserer Sponsoren und aufgrund der zahlreichen Teilnehmer waren die Turniere bisher ein gro\u00dfer Erfolg.<\/p>\n<p><span style=\"color: #ff0000;\"><strong>Turnierberichte, Ergebnisse und Fotogalerien sind unter dem jeweiligen Turnierjahr eingestellt.<\/strong><\/span><\/p>\n","protected":false},"excerpt":{"rendered":"<p>LK Turniere Seit 2014 f\u00fchrt unser Verein im Sommer ein LK Turnier in Damen und Herren Konkurrenzen durch. Durch die gro\u00dfe Unterst\u00fctzung innerhalb des Vereins, unserer Sponsoren und aufgrund der zahlreichen Teilnehmer waren die Turniere bisher ein gro\u00dfer Erfolg. Turnierberichte, &hellip; <a href=\"https:\/\/tc-kuenzell-dicker-turm.de\/index.php\/lk-turniere\/\">Weiterlesen <span class=\"meta-nav\">&rarr;<\/span><\/a><\/p>\n","protected":false},"author":1,"featured_media":0,"parent":0,"menu_order":0,"comment_status":"closed","ping_status":"closed","template":"","meta":{"footnotes":""},"class_list":["post-227","page","type-page","status-publish","hentry"],"_links":{"self":[{"href":"https:\/\/tc-kuenzell-dicker-turm.de\/index.php\/wp-json\/wp\/v2\/pages\/227","targetHints":{"allow":["GET"]}}],"collection":[{"href":"https:\/\/tc-kuenzell-dicker-turm.de\/index.php\/wp-json\/wp\/v2\/pages"}],"about":[{"href":"https:\/\/tc-kuenzell-dicker-turm.de\/index.php\/wp-json\/wp\/v2\/types\/page"}],"author":[{"embeddable":true,"href":"https:\/\/tc-kuenzell-dicker-turm.de\/index.php\/wp-json\/wp\/v2\/users\/1"}],"replies":[{"embeddable":true,"href":"https:\/\/tc-kuenzell-dicker-turm.de\/index.php\/wp-json\/wp\/v2\/comments?post=227"}],"version-history":[{"count":0,"href":"https:\/\/tc-kuenzell-dicker-turm.de\/index.php\/wp-json\/wp\/v2\/pages\/227\/revisions"}],"wp:attachment":[{"href":"https:\/\/tc-kuenzell-dicker-turm.de\/index.php\/wp-json\/wp\/v2\/media?parent=227"}],"curies":[{"name":"wp","href":"https:\/\/api.w.org\/{rel}","templated":true}]}}