{"id":1979,"date":"2016-03-03T20:43:56","date_gmt":"2016-03-03T19:43:56","guid":{"rendered":"http:\/\/tc-kuenzell-dicker-turm.de\/?page_id=1979"},"modified":"2023-05-12T16:30:16","modified_gmt":"2023-05-12T14:30:16","slug":"berichte-mitgliederversammlungen-2","status":"publish","type":"page","link":"https:\/\/tc-kuenzell-dicker-turm.de\/index.php\/berichte-mitgliederversammlungen-2\/","title":{"rendered":"Berichte Mitgliederversammlungen"},"content":{"rendered":"<h2><span style=\"color: #0000ff;\">10.05.2023 &#8211; Ordentliche Mitgliederversammlung<\/span><\/h2>\n<p>Positive Nachrichten gab es auf der diesj\u00e4hrigen Mitgliederversammlung des Tennisclubs. Sowohl die finanzielle Lage als auch die Mitgliederentwicklung im Verein ist gut.\u00a0Aktuell z\u00e4hlt der Tennisclub 210 Mitglieder, wovon 45% Kinder und Jugendliche sind.\u00a0F\u00fcr die aktuelle Saison sind 12 Mannschaften von Bezirksoberliga bis Kreisliga C gemeldet. Davon sind f\u00fcnf Mannschaften im Jugendbereich aktiv.<\/p>\n<p>Der Vereinsvorsitzende, Volker Ritz,\u00a0 berichtete \u00fcber die Erneuerung der 4 Tennispl\u00e4tze mit dem Tennis Force ECO Belag im September 2022.\u00a0Dieser umweltfreundliche Belag bestehend aus einem Kork-Ziegelmehl Gemisch ist ganzj\u00e4hrig bespielbar und ben\u00f6tigt nur minimale Bew\u00e4sserung aus der eigenen Zisterne.<\/p>\n<p>Dieses Jahr konnte bereits eine Ballmaschine mit Unterst\u00fctzung der Gemeinde K\u00fcnzell, des Landkreises und des Landessportbundes angeschafft werden. Zudem bieten 2 Mitglieder des Tennisclubs seit einigen Wochen einen Schl\u00e4gerbespannungsservice auf der Anlage an.\u00a0Mit dem n\u00e4rrischen Schleifchenturnier zur Fastnachtszeit, dem LK-Turnier K\u00fcnzell Open im April und dem Tanz in den Mai startete der Tennisclub schwungvoll in die Saison.\u00a0\u00a0Ein weiteres LK-Turnier ist f\u00fcr den Sommer geplant. Der Verein will erstmalig versuchen, ein\u00a0Doppelturnier durchzuf\u00fchren, k\u00fcndigte der Vereinsvorsitzende an und ist gespannt auf die Resonanz.<\/p>\n<p><a href=\"http:\/\/tc-kuenzell-dicker-turm.de\/wp-content\/uploads\/2023\/05\/Vorstand-Kuenzell-Dicker-Turm-Kopie.jpg\"><img loading=\"lazy\" decoding=\"async\" class=\" wp-image-4855 alignleft\" src=\"http:\/\/tc-kuenzell-dicker-turm.de\/wp-content\/uploads\/2023\/05\/Vorstand-Kuenzell-Dicker-Turm-Kopie-300x262.jpg\" sizes=\"auto, (max-width: 327px) 100vw, 327px\" srcset=\"https:\/\/tc-kuenzell-dicker-turm.de\/wp-content\/uploads\/2023\/05\/Vorstand-Kuenzell-Dicker-Turm-Kopie-300x262.jpg 300w, https:\/\/tc-kuenzell-dicker-turm.de\/wp-content\/uploads\/2023\/05\/Vorstand-Kuenzell-Dicker-Turm-Kopie-768x671.jpg 768w, https:\/\/tc-kuenzell-dicker-turm.de\/wp-content\/uploads\/2023\/05\/Vorstand-Kuenzell-Dicker-Turm-Kopie-1536x1342.jpg 1536w, https:\/\/tc-kuenzell-dicker-turm.de\/wp-content\/uploads\/2023\/05\/Vorstand-Kuenzell-Dicker-Turm-Kopie-2048x1789.jpg 2048w, https:\/\/tc-kuenzell-dicker-turm.de\/wp-content\/uploads\/2023\/05\/Vorstand-Kuenzell-Dicker-Turm-Kopie-343x300.jpg 343w\" alt=\"\" width=\"327\" height=\"287\" \/><\/a>Ein Teil des Vorstandes wurde neu gew\u00e4hlt. Im Amt best\u00e4tigt wurde der 1. Vorsitzende, Volker Ritz, die stellvertretende Vorsitzende, Antje Harsdorff-Kalimeris. Neu gew\u00e4hlt wurde der Sportwart, Marcus Arnold, die Jugendwartin Corina Schuster und als Schriftf\u00fchrerin Angelika Jahn.<\/p>\n<h2><strong><span style=\"color: #3366ff;\">18.05.2022\u00a0 Ordentliche Mitgliederversammlung<br \/>\n<\/span><\/strong><\/h2>\n<p>Unser 1.Vorsitzender Volker Ritz begr\u00fc\u00dfte die Anwesenden mit anschlie\u00dfendem Gedenken unserer verstorbenen Mitglieder.<br \/>\nDer Verein ist finanziell gut aufgestellt. Die Mitgliederentwicklung zeigt sich ebenfalls positiv. Hauptthema im Jahr 2021 war die Planung und Finanzierung f\u00fcr die neuen Pl\u00e4tze. Der teilweise doch sehr beschwerliche Weg der B\u00fcrokratie mit dem \u201ePapierkram\u201c konnte jetzt endlich abgeschlossen werden. In den Sommerferien werden die neuen Pl\u00e4tze nun gebaut.<\/p>\n<p>Der Kassenwart berichtete nur positives. So gab es nennenswerte F\u00f6rderbetr\u00e4ge vom Landkreis Fulda und von der Gemeinde K\u00fcnzell.<\/p>\n<p>Unsere Jugendwartin bietet f\u00fcr die Kinder U10 und U12 ein kostenfreies Training an. Unterst\u00fctzt wird sie von den Jugendlichen Greta K. und Max V. Es werden Aufschl\u00e4ge ge\u00fcbt und die Grundregeln im Doppel gelernt. Der Anteil jugendlicher Mitglieder betr\u00e4gt 50%.<\/p>\n<p>6 Jugendmannschaften haben den Spielbetrieb f\u00fcr die Saison 2022 aufgenommen.<\/p>\n<p>Die TS Tennis World, Neuhof betreut unseren Verein und f\u00fchrt in der Don-Bosco- und Florenbergschule Schulaktionen durch. Danach bietet unser Verein 4 Wochen Schnuppertraining an. Einige finden Spa\u00df am Tennis und begeistern auch ihre Eltern daf\u00fcr. Mit einer Familienmitgliedschaft besteht die M\u00f6glichkeit, ein gemeinsames Hobby zu betreiben.<\/p>\n<p>Sportwart Sven K. meldete 7 Seniorenteams in diesem Jahr f\u00fcr die Punktrunde an. Unsere 9. K\u00fcnzell OPEN sind vom 02.-04.09. geplant.<\/p>\n<p>Corona hat im letzten Jahr vor allem die Sparte Breitensport getroffen. Das Hallen-Oktoberfestturnier war eine Entsch\u00e4digung f\u00fcr alle.<br \/>\nUnser traditionelles Pfingst-Schleifchenturnier wird dieses Jahr stattfinden.<\/p>\n<p>Kleine Satzungs\u00e4nderungen wurden einstimmig beschlossen.<\/p>\n<p>Der gesamte Vorstand wurde einstimmig entlastet.<br \/>\nBei den Neuwahlen wurden Marcel Br\u00e4hler als Kassenwart, Sven K\u00e4mpfe als Sportwart und Ann-Kathrin Stehling als Breitensportwartin einstimmig in ihren \u00c4mtern best\u00e4tigt.<br \/>\nZur neuen Schriftf\u00fchrerin wurde einstimmig Saskia Jost gew\u00e4hlt.<br \/>\n1.Vorsitzender, 2.Vorsitzende und Jugendwart*In standen nicht zur Wahl an.<\/p>\n<p><strong>Ehrenmitgliedschaft<br \/>\n<\/strong>Eine Ehrung erfolgte noch durch den 1. Vorsitzenden.<br \/>\nAngelika Jahn wurde aufgrund ihrer 22-j\u00e4hrigen Vorstandsarbeit als Schriftf\u00fchrerin und ihrer stetigen Einsatzbereitschaft f\u00fcr die Belange des Vereins die Ehrenmitgliedschaft verliehen. Seit Dezember 1993 ist sie Mitglied und spielt seit 1995 ununterbrochen aktiv in den verschiedenen Damenmannschaften.<br \/>\nSie wird auch noch ein paar Monate ihre Nachfolgerin als stellvertretende Schriftf\u00fchrerin und zust\u00e4ndig f\u00fcr die Pressearbeit unterst\u00fctzen.<br \/>\nMit den Worten \u201eVielen Dank, Angelika, f\u00fcr deinen jahrelangen Einsatz f\u00fcr den Verein\u201c \u00fcberreichte Volker Ritz die Ehren-Urkunde.<\/p>\n<h2><\/h2>\n<h2><\/h2>\n<h2><strong><span style=\"color: #3366ff;\">23.06.2021\u00a0 Ordentliche Mitgliederversammlung<\/span><\/strong><\/h2>\n<p>Am 23.06.2021 konnten wir endlich unsere diesj\u00e4hrige Mitgliederversammlung als OPENAIR-Veranstaltung auf unserer Vereinsterrasse durchf\u00fchren. Folgendes hatte der Vorstand zu berichten:<\/p>\n<p>Im 2. Halbjahr 2020 fand ein Vorstandswechsel statt. Coronabedingt fanden die Zuwahlen f\u00fcr den 1. und 2.Vorsitz im Dezember online statt. Volker Ritz \u00fcbernahm das Amt des 1.Vorsitz und Antje Harsdorff-Kalimaris den 2.Vorsitz. Beide wurden mit gro\u00dfer Mehrheit gew\u00e4hlt.<\/p>\n<p>V.Ritz berichtete, dass am 18.12.2020 ein neuer Pachtvertrag f\u00fcr die Tennisanlage zwischen Firma Vey und dem TC K\u00fcnzell-DT mit einer Laufzeit bis Ende 2047 unterzeichnet wurde. Im Februar\/M\u00e4rz 2022 ist der Bau der neuen Pl\u00e4tze &#8211; Allwetterplatz mit Granulat ohne Bew\u00e4sserung &#8211; geplant.<\/p>\n<p>Die Mitgliederentwicklung ist im 1.Halbjahr 2021 sehr positiv. Bis dato notieren wir 27 Neu-mitglieder. Mitgliederstand aktuell 197.<\/p>\n<p>Sportwart S.K\u00e4mpfe informierte \u00fcber Erfolge in der Medenrunde 2020. Die Jugendlichen erspielten sich 3 Meistertitel; bei den Senioren holten die Damen 30, Damen 40 und Herren II den 2. Platz. Die Medenrunde 2021 beginnt erst am 25.06.2021.<br \/>\nVeranstaltungshighlight waren die K\u00fcnzell OPEN 2021 (siehe separater Bericht).<\/p>\n<p>Von der Jugendwartin wurde herausgestellt, dass die Jugendlichen mit 55% die st\u00e4rkste Gruppe im Mitgliederfeld sind. Das Angebot des freien Trainings vom Verein ist sehr gefragt. Unser Jugendlicher Laurenz Schuster erreichte bei den Bezirksmeisterschaften den 3. Platz.<\/p>\n<p>Spa\u00dfturniere konnten coronabedingt leider nicht durchgef\u00fchrt werden.<\/p>\n<p>Die Vereinskasse wird von Marcel Br\u00e4hler vorbildlich gef\u00fchrt. Trotz fehlender Turniere und Feste konnte der Verein einen \u00dcberschuss erzielen.<\/p>\n<p>Der Vorstand wurde einstimmig entlastet.<\/p>\n<p>Bei der Zuwahl des Jugendwartes erhielt Simone Vey die Mehrheit der Stimmen.<\/p>\n<p>Ein DANKESCH\u00d6N an alle Helfer und Aktiven, die es mit ihrem Einsatz erm\u00f6glichen, dass ein Vereinsleben sowohl auf sportlicher als auch geselliger Ebene in diesem Ausma\u00dfe stattfinden kann.<\/p>\n<p><a href=\"http:\/\/tc-kuenzell-dicker-turm.de\/wp-content\/uploads\/2021\/06\/2021-06-Vorstand-1-scaled.jpg\"><img loading=\"lazy\" decoding=\"async\" class=\"alignnone size-medium wp-image-3937\" src=\"http:\/\/tc-kuenzell-dicker-turm.de\/wp-content\/uploads\/2021\/06\/2021-06-Vorstand-1-300x221.jpg\" alt=\"\" width=\"300\" height=\"221\" srcset=\"https:\/\/tc-kuenzell-dicker-turm.de\/wp-content\/uploads\/2021\/06\/2021-06-Vorstand-1-300x221.jpg 300w, https:\/\/tc-kuenzell-dicker-turm.de\/wp-content\/uploads\/2021\/06\/2021-06-Vorstand-1-1024x753.jpg 1024w, https:\/\/tc-kuenzell-dicker-turm.de\/wp-content\/uploads\/2021\/06\/2021-06-Vorstand-1-768x565.jpg 768w, https:\/\/tc-kuenzell-dicker-turm.de\/wp-content\/uploads\/2021\/06\/2021-06-Vorstand-1-1536x1129.jpg 1536w, https:\/\/tc-kuenzell-dicker-turm.de\/wp-content\/uploads\/2021\/06\/2021-06-Vorstand-1-2048x1506.jpg 2048w, https:\/\/tc-kuenzell-dicker-turm.de\/wp-content\/uploads\/2021\/06\/2021-06-Vorstand-1-408x300.jpg 408w\" sizes=\"auto, (max-width: 300px) 100vw, 300px\" \/><\/a><\/p>\n<h2><strong><span style=\"color: #0000ff;\">09.03.2020\u00a0 Ordentliche Mitgliederversammlung<\/span><\/strong><\/h2>\n<h2>Auf der Mitgliederversammlung wurde der Vorstand unseres Tennisclubs f\u00fcr die n\u00e4chsten beiden Jahre gew\u00e4hlt.<\/h2>\n<p><img loading=\"lazy\" decoding=\"async\" class=\"\" src=\"http:\/\/tc-kuenzell-dicker-turm.de\/wp-content\/uploads\/2020\/03\/IMG_5903-300x222.jpg\" width=\"359\" height=\"268\" \/><\/p>\n<p>von links: Volker Ritz (2. Vorsitzender), Antje Harsdorff-Kalimeris (Jugendwartin), Martin Zentgraf (1. Vorsitzender), Ann-Kathrin Stehling (Breitensportwartin), Sven K\u00e4mpfe (Sportwart), Angelika Jahn (Schriftf\u00fchrerin), Marcel Br\u00e4hler (Kassenwart)<\/p>\n<p>Um 19:40 Uhr begr\u00fc\u00dfte unser 1. Vorsitzender, Martin Zentgraf, 17 stimmberechtigte Mitglieder.<br \/>\nAls erstes bat er um eine Gedenkminute f\u00fcr unsere verstorbenen Mitglieder, bevor er zum Jahresbericht 2019 kam.<br \/>\nDie Feier zum 25-j\u00e4hrigen Vereinsjubil\u00e4um in Verbindung mit dem traditionellen Schleifchenturnier am 10.06.2019 war das gemeinschaftliche Vereins-Highlight.<br \/>\nDie Mitgliederzahl ist konstant. Der Anteil Jugendlicher mit 115 ist nach wie vor sehr hoch, wor\u00fcber wir uns sehr freuen. Im Tenniskreis Fulda stehen wir damit hinter GW Fulda an zweiter Stelle. Das ist ein Verdienst der Tennisschule M\u00f6ller und dem ehrenamtlichen Engagement von Simone Vey.<br \/>\nAus sportlicher Sicht ist die Sportlerehrung durch die Gemeinde K\u00fcnzell erw\u00e4hnenswert. Unsere Damen 40, Junioren U14, Junioren U18 sowie Maxim und Silas Koplack und Maximilian Vey wurden f\u00fcr ihre errungenen Meistertitel geehrt. F\u00fcr das Ehrenamt von mehr als 20 Jahren wurde Angelika Jahn eine Urkunde \u00fcberreicht.<br \/>\nZum Schluss ein Dankesch\u00f6n f\u00fcr die geleistete Unterst\u00fctzung an die Vorstandskollegen, Clubwirt Ural, Familie Vey und die Helfer aus dem Mitgliederkreis.<br \/>\nSportwart Sven K\u00e4mpfe konnte nur positives von den K\u00fcnzell OPEN berichten. Mit 43 Teilnehmern war es ein sehr gut besetztes Turnier, mit vielen spannenden und hochklassigen Matches. In der Herrenkonkurrenz siegte unser Vereinsmitglied M.Arnold.<br \/>\nDie Teamrunde war durchwachsen, wobei drei Mannschaften aber am Ende der Saison den zweiten Platz belegten.<br \/>\nIm Jugendbereich berichtete Simone Vey \u00fcber die Erfolge und Titel der Junioren U14 und U18. Das Angebot \u201efreies Training vom Verein\u201c wurde sehr gut angenommen.<br \/>\nBreitensportwartin Ann-Kathrin Stelhling stellte nochmals unser traditionelles Schleifchenturnier in Verbindung mit der 25-Jahr-Feier als den H\u00f6hepunkt des Jahres dar. Die Angebote Tennis-Sportabzeichen und Tombola sowie Grillw\u00fcrstchen und Kuchentheke wurden sehr gut angenommen. Eine Tombola als Spendenaktion war ebenfalls ein voller Erfolg. Die Gl\u00fchweinparty zu Beginn der Adventszeit mit Grillw\u00fcrstchen und Schwedenfeuer war sehr gut besucht.<br \/>\nAufgrund der tollen Veranstaltungen mit vielen Teilnehmern konnte Kassierer Marcel Br\u00e4hler das Kassenbuch 2020 mit einem Plus schlie\u00dfen.<br \/>\nNach einer einstimmigen Entlastung des Vorstandes kam man zu Punkt 8 &#8211; Neuwahlen.<br \/>\nIn der Vorschauf auf das Jahr 2020 wurde das LK-Turnier K\u00fcnzell OPEN f\u00fcr Juli\/August terminiert, das Schleifchenturnier am Pfingstmontag und der Platzaufbau Ende M\u00e4rz. Au\u00dferdem wurde auf den Spielbetrieb von Mai bis September (Pause Sommerferien) hingewiesen. Es sind 7 Jugend- und 7 Seniorenmannschaften gemeldet. Neu ist eine Herren 60 als MSG mit Dipperz. Dienstags und mittwochs steht das freie Training f\u00fcr die Jugendlichen auf dem Kalender.<br \/>\nKassierer Marcel Br\u00e4hler legte die Planung Einnahmen-Ausgaben 2020 vor.<br \/>\nZum Schluss gab Martin Z. einen Sachstandsbericht \u00fcber die Erneuerung unserer Pl\u00e4tze. Die Umsetzung ist f\u00fcr 2021 geplant. Die Mitgliederversammlung gibt das Okay zur Planung. Wenn die Finanzierung steht bzw. vor der Auftragsvergabe, wird zu einer au\u00dferordentlichen Mitgliederversammlung zwecks Abstimmung \u00fcber die anstehenden finanziellen Verpflichtungen eingeladen.<\/p>\n<h2><strong><span style=\"color: #0000ff;\"><span style=\"color: #ff0000;\">12. M\u00e4rz 2018 \u2013 Ordentliche Mitgliederversammlung\u00a0 \u00a0<\/span> \u00a0<\/span>\u00a0 \u00a0 \u00a0 \u00a0 \u00a0 \u00a0 \u00a0 \u00a0 \u00a0 \u00a0 \u00a0 \u00a0 \u00a0 \u00a0 \u00a0 \u00a0 \u00a0 \u00a0 \u00a0 \u00a0 \u00a0 \u00a0 \u00a0\u00a0 <\/strong><span style=\"color: #ff0000;\"><strong>Vorstandswahlen und zweite Ehrenmitgliedschaft &#8211; Karl-Hans Badouin<\/strong><\/span><\/h2>\n<p><a href=\"http:\/\/tc-kuenzell-dicker-turm.de\/?attachment_id=2785\" rel=\"attachment wp-att-2785\"><img loading=\"lazy\" decoding=\"async\" class=\"alignnone wp-image-2785\" src=\"http:\/\/tc-kuenzell-dicker-turm.de\/wp-content\/uploads\/2018\/03\/6af97b90-73b4-4dd9-aa6b-610fc4052790.jpg\" alt=\"\" width=\"530\" height=\"401\" \/><\/a><\/p>\n<p>von links: Sven K\u00e4mpfe (Sportwart), Simone Vey (Jugendwartin), Martin Zentgraf (1. Vor-sitzender), Angelika Jahn (Schriftf\u00fchrerin), Volker Ritz (2. Vorsitzender), Ann-Kathrin Stehling (Breitensportwartin), Karl-Hans Badouin (Kassierer). Es fehlt Marcel Br\u00e4hler, der als Nachfolger von Karl-Hans Badouin zum Kassierer gew\u00e4hlt wurde.<\/p>\n<p><strong>Karl-Hans Badouin<\/strong>\u00a0w<a href=\"http:\/\/tc-kuenzell-dicker-turm.de\/?attachment_id=2784\" rel=\"attachment wp-att-2784\"><img loading=\"lazy\" decoding=\"async\" class=\"wp-image-2784 alignleft\" src=\"http:\/\/tc-kuenzell-dicker-turm.de\/wp-content\/uploads\/2018\/03\/dc545e3f-54fe-4c72-812d-fa3696c97c65.jpg\" alt=\"\" width=\"283\" height=\"340\" \/><\/a>urde die Ehrennadel in Silber des HTV durch den stellv. Vorsitzenden des Tenniskreises Fulda, Ralf Meyer, f\u00fcr 18 Jahre ehren-amtliche T\u00e4tigkeit als Kassierer des TC K\u00fcnzell-DICKER Turm verliehen.<\/p>\n<p>Vom 1. Vorsitzenden unseres Vereins, Martin Zentgraf, bekam Karl-Hans die Ernennungsurkunde zum Ehrenmitglied unseres Vereins \u00fcberreicht. Er ist damit das zweite Ehrenmitglied unseres Vereins nach Jochen von Ammon.<\/p>\n<p>Ebenfalls geehrt wurde\u00a0<strong>Martin Zentgraf,\u00a0<\/strong><img loading=\"lazy\" decoding=\"async\" class=\"wp-image-2787 alignright\" src=\"http:\/\/tc-kuenzell-dicker-turm.de\/wp-content\/uploads\/2018\/03\/93b12c07-9080-46be-9906-60c9dcb34325-1.jpg\" alt=\"\" width=\"209\" height=\"289\" \/><\/p>\n<p>unser 1. Vorsitzender. Ihm wurde die Ehrennadel in Silber des HTV f\u00fcr 20 Jahre ehrenamtliche T\u00e4tigkeit (1998-2000\u00a0 2. Vorsitzender und seit 2000 als 1.Vorsitzender) in unserem Verein sowie seit 2011 als\u00a0 Vorsitzender des Tenniskreises Fulda \u00fcberreicht.<\/p>\n<p>Herzlichen Gl\u00fcckwunsch Euch beiden!<\/p>\n<p>Au\u00dfer den beiden Ehrungen berichtete der Vorstand von einem positiven Ergebnis der Finanzen und aus sportlicher Sicht einem sehr erfolg-reichen Jahr 2017. Folgende Mannschaften konnten sich \u00fcber den <strong>Meistertitel<\/strong> freuen: <strong>Damen 40, Herren 40<\/strong> &#8211; beide Mannschaften steigen in die Bezirksoberliga auf und unsere Jugendlichen <strong>gemischte U10<\/strong> holten sich den <strong>Bezirksmeistertitel<\/strong>.<br \/>\nStolz sind wir auch auf unsere Damen, die im 1. Spieljahr von 7 Mannschaften einen hervorragenen 4. Platz mit 7:5 Punkten erspielten.<br \/>\nWir gratulieren unseren Mannschaften zu diesen tollen Erfolgen.<\/p>\n<h2><\/h2>\n<h2><span style=\"color: #ff0000;\">06.03.2017 &#8211; Ordentliche Mitgliederversammlung<\/span><br \/>\n<span style=\"color: #ff0000;\"><strong>Vorstand freut sich \u00fcber erfolgreiches Jahr 2016<br \/>\n<\/strong><\/span><\/h2>\n<p><strong><em>Erster Vorsitzender, Martin Zentgraf, ehrte erfolgreiche Jugendliche und konnte in seinem Jahresr\u00fcckblick von einer hervorragende Mitgliedersteigerung berichten.<\/em><\/strong><\/p>\n<p><a href=\"http:\/\/tc-kuenzell-dicker-turm.de\/?attachment_id=2409\" rel=\"attachment wp-att-2409\"><img loading=\"lazy\" decoding=\"async\" class=\"wp-image-2409 alignleft\" src=\"http:\/\/tc-kuenzell-dicker-turm.de\/wp-content\/uploads\/2016\/03\/e_schneider_bezirksmeisterin1.jpg\" alt=\"\" width=\"150\" height=\"198\" \/><\/a><\/p>\n<p>Bei den Hallen-J\u00fcngstenmeisterschaften des Bezirks Mittelhessen hat sich Elisabeth Schneider gleich zweimal durchgesetzt und sowohl bei den weiblichen U9 als auch bei den weiblichen U10 den Titel Bezirksmeisterin erk\u00e4mpft.<\/p>\n<p>Ebenfalls sehr erfolgreich spielte der Nachwuchs bei den Hallen-Kreismeisterschaften: Konstantin Nophut wurde Kreismeister bei den Junioren U9, Maximilian Vey Vizekreismeister bei den Junioren U10 und den 3. Platz holte sich Luca Hohmann.<\/p>\n<p>Ein tolles Ergebnis erreichte die neu aufgestellte Gemischte U10 in der Sommersaison 2016 mit dem 2. Platz und 8:2 Punkten.<br \/>\nDurch die gute Arbeit der Tennisschule Tennis World und der Jugendabteilung erfuhr der Verein einen enormen Aufschwung im Jugendbereich, so dass f\u00fcr die Saison 2017 f\u00fcnf Jugendmannschaften den Spielbetrieb aufnehmen k\u00f6nnen.<\/p>\n<p>Im Seniorenbereich freute sich die 1. Herrenmannschaft im Sommer 2016 \u00fcber einen Meistertitel. Mit 10:0 Punkten wurde der Aufstieg in die Bezirksliga A perfekt gemacht. Die Damen 40 spielten zum ersten Mal mit einer 4er Mannschaft und erreichten einen hervorragen zweiten Platz mit 10:2 Punkten, der ebenfalls zum Aufstieg berechtigt.<\/p>\n<p>Weitere Veranstaltungen im Jahr 2016, wie das LK-Turnier K\u00fcnzell OPEN, Schleifchenturnier, Faschingsturnier und Mannschaftsausfl\u00fcge bereicherten das Vereinsleben. Als Fazit gilt, das vergangene Jahr wurde nicht nur sportlich erfolgreich abgeschlossen, finanziell ist der Verein ebenfalls solide aufgestellt, auch Dank einiger Sponsoren.<\/p>\n<p>Auch im Seniorenbereich wurden f\u00fcr den Spielbetrieb 2017 zwei neue Mannschaften aufgestellt und zwar Herren 40 und Damen. Somit verspricht das Jahr 2017 mit 11 Mannschaften, dem LK-Turnier K\u00fcnzell OPEN vom 30.06. bis 02.7. sowie vereinsinternen Veranstaltungen ein ereignisreiches zu werden.<\/p>\n<p><strong><span style=\"color: #ff0000;\">29.02.2016 &#8211; Ordentliche Mitgliederversammlung<\/span><\/strong><br \/>\n<span style=\"color: #ff0000;\"><strong>Vorstandswahlen und erste\u00a0Ehrenmitgliedschaft &#8211; Jochen von Ammon<\/strong><\/span><\/p>\n<p>Auf der diesj\u00e4hrigen ordentlichen Mitgliederversammlung wurde turnusm\u00e4\u00dfig (alle<br \/>\n2 Jahre) der neue Vorstand gew\u00e4hlt. Jochen von Ammon schied nach 16 Jahren als Sportwart aus dem Vorstand aus. Petra Lammers trat nicht mehr als Breitensportwartin an. Ein gro\u00dfes Dankesch\u00f6n an beide f\u00fcr die geleistete Arbeit!<br \/>\n<strong>Der neue Vorstand<\/strong> (von links): Karl-Hans Badouin (Kassenwart), Simone Vey (Jugendwartin), Martin Zentgraf (1. Vorsitzender), Angelika Jahn (Schriftf\u00fchrerin) Volker Ritz (2. Vorsitzender), Sven K\u00e4mpfe (Sportwart und Breitensportwart)<\/p>\n<p>Nach dem Bericht der Kassenpr\u00fcfer wurde der bisherige Vorstand gem. \u00a7 10 unserer Satzung entlastet. Die aktuelle Mitgliederstruktur sowie die Mitgliederentwicklung der letzten Jahre wurde vorgestellt. Aktuell hat der Verein 166 Mitglieder, wobei bereits schon in diesem Jahr 10 neue Mitglieder durch unsere Tennisschule \u00a0hinzugewonnen werden konnten. Martin Zentgraf gab am Ende einen Ausblick auf 2016. Neben der Medenrunde ist im U10 Bereich geplant, Freundschaftsspiele gegen andere Vereine zu organisieren. Weiter wollen wir auch in diesem Jahr ein LK-Turnier durchf\u00fchren. In den letzten beiden Jahren war dies sowohl ein sportlicher wie finanzieller Erfolg.<\/p>\n<p><a href=\"http:\/\/tc-kuenzell-dicker-turm.de\/?attachment_id=1961\" rel=\"attachment wp-att-1961\"><img loading=\"lazy\" decoding=\"async\" class=\"aligncenter wp-image-1961\" src=\"http:\/\/tc-kuenzell-dicker-turm.de\/wp-content\/uploads\/2014\/08\/dsc_0003-1024x681.jpg\" alt=\"DSC_0003\" width=\"440\" height=\"296\" \/><\/a><strong>Jochen von Ammon<\/strong> (rechts) erhielt f\u00fcr seine Verdienste um den Tennissport und unseren Verein die Ehrennadel in Silber des HTV von Martin Zentgraf \u00a0dem 1.Vorsitzenden des TC K\u00fcnzell-DICKER Tum und Tenniskreises Fulda \u00fcberreicht.<!-- .entry-header --><\/p>\n","protected":false},"excerpt":{"rendered":"<p>10.05.2023 &#8211; Ordentliche Mitgliederversammlung Positive Nachrichten gab es auf der diesj\u00e4hrigen Mitgliederversammlung des Tennisclubs. Sowohl die finanzielle Lage als auch die Mitgliederentwicklung im Verein ist gut.\u00a0Aktuell z\u00e4hlt der Tennisclub 210 Mitglieder, wovon 45% Kinder und Jugendliche sind.\u00a0F\u00fcr die aktuelle Saison &hellip; <a href=\"https:\/\/tc-kuenzell-dicker-turm.de\/index.php\/berichte-mitgliederversammlungen-2\/\">Weiterlesen <span class=\"meta-nav\">&rarr;<\/span><\/a><\/p>\n","protected":false},"author":1,"featured_media":0,"parent":0,"menu_order":0,"comment_status":"closed","ping_status":"closed","template":"","meta":{"footnotes":""},"class_list":["post-1979","page","type-page","status-publish","hentry"],"_links":{"self":[{"href":"https:\/\/tc-kuenzell-dicker-turm.de\/index.php\/wp-json\/wp\/v2\/pages\/1979","targetHints":{"allow":["GET"]}}],"collection":[{"href":"https:\/\/tc-kuenzell-dicker-turm.de\/index.php\/wp-json\/wp\/v2\/pages"}],"about":[{"href":"https:\/\/tc-kuenzell-dicker-turm.de\/index.php\/wp-json\/wp\/v2\/types\/page"}],"author":[{"embeddable":true,"href":"https:\/\/tc-kuenzell-dicker-turm.de\/index.php\/wp-json\/wp\/v2\/users\/1"}],"replies":[{"embeddable":true,"href":"https:\/\/tc-kuenzell-dicker-turm.de\/index.php\/wp-json\/wp\/v2\/comments?post=1979"}],"version-history":[{"count":0,"href":"https:\/\/tc-kuenzell-dicker-turm.de\/index.php\/wp-json\/wp\/v2\/pages\/1979\/revisions"}],"wp:attachment":[{"href":"https:\/\/tc-kuenzell-dicker-turm.de\/index.php\/wp-json\/wp\/v2\/media?parent=1979"}],"curies":[{"name":"wp","href":"https:\/\/api.w.org\/{rel}","templated":true}]}}