{"id":100,"date":"2014-08-01T21:16:09","date_gmt":"2014-08-01T19:16:09","guid":{"rendered":"http:\/\/tc-kuenzell-dicker-turm.de\/?page_id=100"},"modified":"2022-09-19T19:52:07","modified_gmt":"2022-09-19T17:52:07","slug":"juniorinnen-u18","status":"publish","type":"page","link":"https:\/\/tc-kuenzell-dicker-turm.de\/index.php\/juniorinnen-u18\/","title":{"rendered":"Juniorinnen U18"},"content":{"rendered":"<p><span style=\"color: #ff0000;\"><strong>Saison 2022<\/strong><\/span> &#8211; <strong>Bezirksoberliga\u00a0 \u00a0 \u00a0 \u00a0 \u00a0 \u00a0 \u00a0 \u00a0 \u00a0 \u00a0 \u00a0 \u00a0 \u00a0 \u00a0 \u00a0 \u00a0 \u00a0 \u00a0 \u00a0 \u00a0 \u00a0 \u00a0 \u00a0 \u00a0 \u00a0 \u00a0 \u00a0 \u00a0 \u00a0 \u00a0 \u00a0 \u00a0 \u00a0 \u00a0 \u00a0 \u00a0 \u00a0 \u00a0 \u00a0 \u00a0 \u00a0 \u00a0 \u00a0 \u00a0 \u00a0 <\/strong>Platz 4 mit 4:6 Punkten<\/p>\n<p><a href=\"http:\/\/tc-kuenzell-dicker-turm.de\/wp-content\/uploads\/2022\/09\/U18-Maedels.jpg\"><img loading=\"lazy\" decoding=\"async\" class=\"alignnone  wp-image-4582\" src=\"http:\/\/tc-kuenzell-dicker-turm.de\/wp-content\/uploads\/2022\/09\/U18-Maedels-262x300.jpg\" alt=\"\" width=\"305\" height=\"347\" \/>\u00a0<\/a><\/p>\n<p>hinten v. links: Vivian Marte, Alea Bau, Greta Kalimeris, Katharina Jahn\u00a0 \u00a0 \u00a0 \u00a0 \u00a0 \u00a0 \u00a0 \u00a0 \u00a0 \u00a0 \u00a0 \u00a0 \u00a0 \u00a0 \u00a0 vorne: Eliana Jueguen,Martinez, Mara Kort\u00fcm und Anna vom Bruch<\/p>\n<p><strong><span style=\"color: #ff0000;\">Saison 2021 &#8211; Meister Kreisliga A<\/span><\/strong>\u00a0 \u00a0 \u00a0 \u00a0 \u00a0 \u00a0 \u00a0 \u00a0 \u00a0 \u00a0 \u00a0 \u00a0 \u00a0 \u00a0 \u00a0 \u00a0 \u00a0 \u00a0 \u00a0 \u00a0 \u00a0 \u00a0 \u00a0 \u00a0 \u00a0 \u00a0 \u00a0 \u00a0 \u00a0 \u00a0 \u00a0 \u00a0 \u00a0 \u00a0 \u00a0 \u00a0 \u00a0 \u00a0 \u00a0 \u00a0 \u00a0 \u00a0 \u00a0 \u00a0 Mit 7:3 Punkten wurden unserer U18 Juniorinnen Kreismeister und schafften gleich im ersten Jahr nach dem Aufstieg in die Kreisliga A die Meisterschaft.<\/p>\n<p><a href=\"http:\/\/tc-kuenzell-dicker-turm.de\/wp-content\/uploads\/2021\/09\/6f3dbdbd-39bd-47e0-aa11-bb75ccc53839.jpg\"><img loading=\"lazy\" decoding=\"async\" class=\"alignnone  wp-image-4084\" src=\"http:\/\/tc-kuenzell-dicker-turm.de\/wp-content\/uploads\/2021\/09\/6f3dbdbd-39bd-47e0-aa11-bb75ccc53839-243x300.jpg\" alt=\"\" width=\"265\" height=\"324\" \/><\/a><\/p>\n<p>Vivian Marte, Greta Kalimeris, Katharina Jahn, Mara Kort\u00fcm, Eliana Junguen &#8211; Martinez, Alea Bau, Anna vom Bruch und Sina Leis. Tolle Leistung &#8211; Herzlichen Gl\u00fcckwunsch!<\/p>\n<p><span style=\"color: #ff0000;\"><strong>Saison 2020<\/strong><\/span> &#8211;<span style=\"color: #000000;\"><strong> Meisterschaft Kreisliga B\u00a0 \u00a0 \u00a0 \u00a0 \u00a0 \u00a0 \u00a0 \u00a0 \u00a0 \u00a0 \u00a0 \u00a0 \u00a0 \u00a0 \u00a0 \u00a0 \u00a0 \u00a0 \u00a0 \u00a0 \u00a0 \u00a0 \u00a0 \u00a0 \u00a0 \u00a0 \u00a0 \u00a0 \u00a0 \u00a0 \u00a0 \u00a0 \u00a0 \u00a0 \u00a0 <\/strong>Unsere M\u00e4dels haben sich mit einem 6:0 beim TC Dipperz mit 10:2 Punkten souver\u00e4n die Meisterschaft in der Kreisliga B gesichert. Gl\u00fcckwunsch zu der tollen Leistung.\u00a0 Damit ist der Aufstieg in die Kreisliga A perfekt. <a href=\"http:\/\/tc-kuenzell-dicker-turm.de\/wp-content\/uploads\/2020\/09\/U18-Juniorinnen.jpg\"><img loading=\"lazy\" decoding=\"async\" class=\"size-medium wp-image-3677 alignleft\" src=\"http:\/\/tc-kuenzell-dicker-turm.de\/wp-content\/uploads\/2020\/09\/U18-Juniorinnen-300x300.jpg\" alt=\"\" width=\"300\" height=\"300\" srcset=\"https:\/\/tc-kuenzell-dicker-turm.de\/wp-content\/uploads\/2020\/09\/U18-Juniorinnen-300x300.jpg 300w, https:\/\/tc-kuenzell-dicker-turm.de\/wp-content\/uploads\/2020\/09\/U18-Juniorinnen-150x150.jpg 150w, https:\/\/tc-kuenzell-dicker-turm.de\/wp-content\/uploads\/2020\/09\/U18-Juniorinnen-768x768.jpg 768w, https:\/\/tc-kuenzell-dicker-turm.de\/wp-content\/uploads\/2020\/09\/U18-Juniorinnen.jpg 1024w\" sizes=\"auto, (max-width: 300px) 100vw, 300px\" \/><\/a><\/span><\/p>\n<p>Foto: Alea Bau, Greta Kalimeris, Eliana Jueguen Martinez, Vivian Marte<\/p>\n<p><strong><span style=\"color: #ff0000;\">\u00a0 \u00a0 \u00a0 \u00a0 \u00a0 \u00a0 \u00a0 \u00a0 \u00a0 \u00a0 \u00a0 \u00a0 \u00a0 \u00a0 \u00a0 \u00a0 \u00a0 \u00a0 \u00a0 \u00a0 \u00a0 \u00a0 \u00a0 \u00a0 \u00a0 \u00a0 \u00a0 \u00a0 \u00a0 \u00a0 \u00a0 \u00a0 \u00a0 \u00a0 \u00a0 \u00a0 \u00a0 \u00a0 \u00a0 \u00a0 \u00a0 \u00a0 \u00a0 \u00a0 \u00a0 \u00a0 \u00a0 \u00a0 \u00a0 \u00a0 \u00a0 \u00a0 \u00a0 \u00a0 \u00a0 \u00a0 \u00a0 \u00a0 \u00a0 \u00a0 \u00a0 \u00a0 \u00a0 \u00a0 \u00a0 \u00a0 \u00a0 \u00a0 \u00a0 \u00a0 \u00a0 \u00a0 \u00a0 \u00a0 \u00a0 \u00a0 \u00a0 \u00a0 \u00a0 \u00a0 \u00a0 \u00a0 \u00a0 \u00a0 \u00a0 \u00a0 \u00a0 \u00a0 \u00a0 \u00a0 \u00a0 \u00a0 \u00a0 \u00a0 \u00a0 \u00a0 \u00a0 \u00a0 \u00a0 \u00a0 \u00a0 \u00a0 \u00a0 \u00a0 \u00a0 \u00a0 \u00a0 \u00a0 \u00a0 \u00a0 \u00a0 \u00a0 \u00a0 \u00a0 \u00a0 \u00a0 \u00a0 \u00a0 \u00a0 \u00a0 \u00a0 \u00a0 \u00a0 \u00a0 \u00a0 \u00a0 \u00a0 \u00a0 \u00a0 \u00a0 \u00a0 \u00a0 \u00a0 \u00a0 \u00a0 \u00a0 \u00a0 \u00a0 \u00a0 \u00a0 \u00a0 \u00a0 \u00a0 \u00a0 \u00a0 \u00a0 \u00a0 \u00a0 \u00a0 \u00a0 \u00a0 \u00a0 \u00a0 \u00a0 \u00a0 \u00a0 \u00a0 \u00a0 \u00a0 \u00a0 \u00a0 \u00a0 \u00a0 \u00a0 \u00a0 \u00a0 \u00a0 \u00a0 \u00a0 \u00a0 \u00a0 \u00a0 \u00a0 \u00a0 \u00a0 \u00a0 \u00a0 \u00a0 \u00a0 \u00a0 <\/span><\/strong><\/p>\n<p><strong><span style=\"color: #ff0000;\">Saison 2017\u00a0 &#8211;\u00a0 <span style=\"color: #000000;\">keine Mannschaftsmeldung<\/span><br \/>\nSaison 2016\u00a0 &#8211;\u00a0 <span style=\"color: #000000;\">keine Mannschaftsmeldung<\/span><\/span><\/strong><\/p>\n<p><strong><span style=\"color: #ff0000;\">Saison 2015\u00a0 <\/span>&#8211; \u00a0Bezirksoberliga (4er Jgd.) &#8211; Platz 6<br \/>\n<\/strong>Es war eine schwierige Saison mit Eins\u00e4tzen in gleich zwei Mannschaften: Juniorinnen und Damen. Es wurden 3:9 Punkte erreicht und damit der Klassenerhalt gesichert.<strong><br \/>\n<\/strong><\/p>\n<p><a href=\"http:\/\/tc-kuenzell-dicker-turm.de\/wp-content\/uploads\/2014\/08\/img_2373.jpg\"><img loading=\"lazy\" decoding=\"async\" class=\"alignnone wp-image-1365 \" src=\"http:\/\/tc-kuenzell-dicker-turm.de\/wp-content\/uploads\/2014\/08\/img_2373-300x198.jpg\" alt=\"IMG_2373\" width=\"334\" height=\"225\" \/><\/a><br \/>\nJulia Schiewe, Katharina Jost, Isabell Dobbert, Olivia Schmitt,<\/p>\n<p><span style=\"color: #ff0000;\"><br \/>\nSaison 2014 <\/span><strong>\u00a0&#8211; <\/strong>\u00a0Bezirksliga A (4er) \u00a0&#8211;\u00a0 Platz 2<br \/>\nAls Aufsteiger\u00a0einen 2. Platz\u00a0 &#8211;\u00a0 Herzlichen Gl\u00fcckwunsch!<strong><br \/>\n<\/strong>Drei deutliche Siege, ein Unentschieden und nur eine Niederlage (gegen den Tabellenersten aus Wetzlar) ist schon eine tolle Bilanz. Am Ende waren es\u00a07:3 Punkte, 22:8 Matches und 44:18 S\u00e4tze.<\/p>\n<p><strong>\u00a0\u00a0\u00a0\u00a0\u00a0\u00a0\u00a0\u00a0\u00a0\u00a0<\/strong><a href=\"http:\/\/tc-kuenzell-dicker-turm.de\/wp-content\/uploads\/2014\/08\/u18.jpg\"><img loading=\"lazy\" decoding=\"async\" class=\"alignnone wp-image-387\" src=\"http:\/\/tc-kuenzell-dicker-turm.de\/wp-content\/uploads\/2014\/08\/u18-300x225.jpg\" alt=\"U18\" width=\"345\" height=\"261\" \/><\/a><\/p>\n<p>von links:\u00a0Julia Schiewe, Katharina Jost, Olivia Schmitt,<br \/>\nIsabell Dobbert, Nikol Mircheva, Cosmina Kubesch<\/p>\n<p><span style=\"color: #ff0000;\">Saison 2013\u00a0 <span style=\"color: #000000;\">&#8211;\u00a0<\/span> <\/span>Kreisliga A<br \/>\nUngeschlagen zur Meisterschaft und Aufstieg &#8211; Herzlichen Gl\u00fcckwunsch!!!!<\/p>\n<p><a href=\"http:\/\/tc-kuenzell-dicker-turm.de\/wp-content\/uploads\/2014\/08\/juniorinnen-u18.jpg\"><img loading=\"lazy\" decoding=\"async\" class=\"alignnone wp-image-1305 \" src=\"http:\/\/tc-kuenzell-dicker-turm.de\/wp-content\/uploads\/2014\/08\/juniorinnen-u18.jpg\" alt=\"Juniorinnen U18\" width=\"479\" height=\"361\" srcset=\"https:\/\/tc-kuenzell-dicker-turm.de\/wp-content\/uploads\/2014\/08\/juniorinnen-u18-300x225.jpg 300w, https:\/\/tc-kuenzell-dicker-turm.de\/wp-content\/uploads\/2014\/08\/juniorinnen-u18-400x300.jpg 400w\" sizes=\"auto, (max-width: 479px) 100vw, 479px\" \/><\/a><\/p>\n<p>von links: Julia Schiewe, Larissa Witzel, Katharina Jost, Olivia Schmitt,<br \/>\nIsabell Dobbert, Cosmina Kubesch<\/p>\n","protected":false},"excerpt":{"rendered":"<p>Saison 2022 &#8211; Bezirksoberliga\u00a0 \u00a0 \u00a0 \u00a0 \u00a0 \u00a0 \u00a0 \u00a0 \u00a0 \u00a0 \u00a0 \u00a0 \u00a0 \u00a0 \u00a0 \u00a0 \u00a0 \u00a0 \u00a0 \u00a0 \u00a0 \u00a0 \u00a0 \u00a0 \u00a0 \u00a0 \u00a0 \u00a0 \u00a0 \u00a0 \u00a0 \u00a0 \u00a0 \u00a0 \u00a0 \u00a0 \u00a0 &hellip; <a href=\"https:\/\/tc-kuenzell-dicker-turm.de\/index.php\/juniorinnen-u18\/\">Weiterlesen <span class=\"meta-nav\">&rarr;<\/span><\/a><\/p>\n","protected":false},"author":1,"featured_media":0,"parent":0,"menu_order":0,"comment_status":"closed","ping_status":"closed","template":"","meta":{"footnotes":""},"class_list":["post-100","page","type-page","status-publish","hentry"],"_links":{"self":[{"href":"https:\/\/tc-kuenzell-dicker-turm.de\/index.php\/wp-json\/wp\/v2\/pages\/100","targetHints":{"allow":["GET"]}}],"collection":[{"href":"https:\/\/tc-kuenzell-dicker-turm.de\/index.php\/wp-json\/wp\/v2\/pages"}],"about":[{"href":"https:\/\/tc-kuenzell-dicker-turm.de\/index.php\/wp-json\/wp\/v2\/types\/page"}],"author":[{"embeddable":true,"href":"https:\/\/tc-kuenzell-dicker-turm.de\/index.php\/wp-json\/wp\/v2\/users\/1"}],"replies":[{"embeddable":true,"href":"https:\/\/tc-kuenzell-dicker-turm.de\/index.php\/wp-json\/wp\/v2\/comments?post=100"}],"version-history":[{"count":0,"href":"https:\/\/tc-kuenzell-dicker-turm.de\/index.php\/wp-json\/wp\/v2\/pages\/100\/revisions"}],"wp:attachment":[{"href":"https:\/\/tc-kuenzell-dicker-turm.de\/index.php\/wp-json\/wp\/v2\/media?parent=100"}],"curies":[{"name":"wp","href":"https:\/\/api.w.org\/{rel}","templated":true}]}}